{"id":124345,"date":"2026-05-06T15:22:15","date_gmt":"2026-05-06T18:22:15","guid":{"rendered":"https:\/\/www.hediyepazar.com\/?product=otomobil-jant-gorunumlu-masa-ustu-ofis-susu"},"modified":"2026-05-06T15:22:15","modified_gmt":"2026-05-06T18:22:15","slug":"otomobil-jant-gorunumlu-masa-ustu-ofis-susu","status":"publish","type":"product","link":"https:\/\/www.hediyepazar.com\/?product=otomobil-jant-gorunumlu-masa-ustu-ofis-susu","title":{"rendered":"Otomobil Jant G\u00f6r\u00fcn\u00fcml\u00fc Masa \u00dcst\u00fc Ofis S\u00fcs\u00fc"},"content":{"rendered":"<p>Otomobil jant g\u00f6r\u00fcn\u00fcml\u00fc masa \u00fcst\u00fc dekor, \u00f6zellikle araba merakl\u0131lar\u0131 i\u00e7in tasarlanm\u0131\u015f \u015f\u0131k bir ofis aksesuar\u0131d\u0131r. \u00c7al\u0131\u015fma masas\u0131n\u0131n \u00fczerinde konumland\u0131r\u0131ld\u0131\u011f\u0131nda sade ofis d\u00fczenine sportif ve dinamik bir hava katar. Dengeli taban\u0131 sayesinde sabit durur ve devrilme yapmaz. Ofis, home office, at\u00f6lye veya showroom ortamlar\u0131nda dekoratif ama\u00e7la kullan\u0131labilir. Minimal boyutlar\u0131 ile masada d\u00fczeni bozmazken g\u00f6rsel olarak g\u00fc\u00e7l\u00fc bir etki olu\u015fturur.<\/p>\n","protected":false},"excerpt":{"rendered":"<p>Otomobil jant g\u00f6r\u00fcn\u00fcml\u00fc masa \u00fcst\u00fc dekor, \u00f6zellikle araba merakl\u0131lar\u0131 i\u00e7in tasarlanm\u0131\u015f \u015f\u0131k bir ofis aksesuar\u0131d\u0131r. \u00c7al\u0131\u015fma masas\u0131n\u0131n \u00fczerinde konumland\u0131r\u0131ld\u0131\u011f\u0131nda sade ofis d\u00fczenine sportif ve dinamik bir hava katar. Dengeli taban\u0131 sayesinde sabit durur ve devrilme yapmaz. Ofis, home office, at\u00f6lye veya showroom ortamlar\u0131nda dekoratif ama\u00e7la kullan\u0131labilir. Minimal boyutlar\u0131 ile masada d\u00fczeni bozmazken g\u00f6rsel olarak g\u00fc\u00e7l\u00fc&#8230;<\/p>\n","protected":false},"featured_media":124344,"comment_status":"open","ping_status":"closed","template":"","meta":{"_kad_post_transparent":"","_kad_post_title":"","_kad_post_layout":"","_kad_post_sidebar_id":"","_kad_post_content_style":"","_kad_post_vertical_padding":"","_kad_post_feature":"","_kad_post_feature_position":"","_kad_post_header":false,"_kad_post_footer":false,"_kad_post_classname":""},"product_brand":[],"product_cat":[14940],"product_tag":[],"class_list":{"0":"post-124345","1":"product","2":"type-product","3":"status-publish","4":"has-post-thumbnail","6":"product_cat-dekoratif-obje-biblo-dekoratif-obje-biblo","8":"first","9":"instock","10":"purchasable","11":"product-type-simple","12":"entry","13":"content-bg","14":"loop-entry"},"_links":{"self":[{"href":"https:\/\/www.hediyepazar.com\/index.php?rest_route=\/wp\/v2\/product\/124345","targetHints":{"allow":["GET"]}}],"collection":[{"href":"https:\/\/www.hediyepazar.com\/index.php?rest_route=\/wp\/v2\/product"}],"about":[{"href":"https:\/\/www.hediyepazar.com\/index.php?rest_route=\/wp\/v2\/types\/product"}],"replies":[{"embeddable":true,"href":"https:\/\/www.hediyepazar.com\/index.php?rest_route=%2Fwp%2Fv2%2Fcomments&post=124345"}],"wp:featuredmedia":[{"embeddable":true,"href":"https:\/\/www.hediyepazar.com\/index.php?rest_route=\/wp\/v2\/media\/124344"}],"wp:attachment":[{"href":"https:\/\/www.hediyepazar.com\/index.php?rest_route=%2Fwp%2Fv2%2Fmedia&parent=124345"}],"wp:term":[{"taxonomy":"product_brand","embeddable":true,"href":"https:\/\/www.hediyepazar.com\/index.php?rest_route=%2Fwp%2Fv2%2Fproduct_brand&post=124345"},{"taxonomy":"product_cat","embeddable":true,"href":"https:\/\/www.hediyepazar.com\/index.php?rest_route=%2Fwp%2Fv2%2Fproduct_cat&post=124345"},{"taxonomy":"product_tag","embeddable":true,"href":"https:\/\/www.hediyepazar.com\/index.php?rest_route=%2Fwp%2Fv2%2Fproduct_tag&post=124345"}],"curies":[{"name":"wp","href":"https:\/\/api.w.org\/{rel}","templated":true}]}}