{"id":124349,"date":"2026-05-06T15:22:58","date_gmt":"2026-05-06T18:22:58","guid":{"rendered":"https:\/\/www.hediyepazar.com\/?product=sebze-ic-temizleyici-pratik-biber-ve-kabak-cekirdek-cikarici"},"modified":"2026-05-06T15:22:58","modified_gmt":"2026-05-06T18:22:58","slug":"sebze-ic-temizleyici-pratik-biber-ve-kabak-cekirdek-cikarici","status":"publish","type":"product","link":"https:\/\/www.hediyepazar.com\/?product=sebze-ic-temizleyici-pratik-biber-ve-kabak-cekirdek-cikarici","title":{"rendered":"Sebze \u0130\u00e7 Temizleyici Pratik Biber ve Kabak \u00c7ekirdek \u00c7\u0131kar\u0131c\u0131"},"content":{"rendered":"<p>Sebze i\u00e7 temizleyici aparat, biber ve kabak \u00e7ekirdeklerini h\u0131zl\u0131 ve zahmetsiz \u015fekilde \u00e7\u0131karmak i\u00e7in geli\u015ftirilmi\u015ftir. \u00d6zellikle dolma ve sa\u011fl\u0131kl\u0131 yemek haz\u0131rl\u0131\u011f\u0131nda b\u00fcy\u00fck kolayl\u0131k sa\u011flar. Sebzenin i\u00e7 k\u0131sm\u0131n\u0131 tek hamlede temizler, p\u00fcr\u00fczs\u00fcz bir sonu\u00e7 elde edilmesine yard\u0131mc\u0131 olur. Kompakt yap\u0131s\u0131 sayesinde ta\u015f\u0131nmas\u0131 ve saklanmas\u0131 kolayd\u0131r. Dayan\u0131kl\u0131 silikon yap\u0131s\u0131 uzun s\u00fcreli kullan\u0131m sunar. Mutfakta d\u00fczeni ve h\u0131z\u0131 bir arada isteyenler i\u00e7in ideal bir yard\u0131mc\u0131d\u0131r.<\/p>\n","protected":false},"excerpt":{"rendered":"<p>Sebze i\u00e7 temizleyici aparat, biber ve kabak \u00e7ekirdeklerini h\u0131zl\u0131 ve zahmetsiz \u015fekilde \u00e7\u0131karmak i\u00e7in geli\u015ftirilmi\u015ftir. \u00d6zellikle dolma ve sa\u011fl\u0131kl\u0131 yemek haz\u0131rl\u0131\u011f\u0131nda b\u00fcy\u00fck kolayl\u0131k sa\u011flar. Sebzenin i\u00e7 k\u0131sm\u0131n\u0131 tek hamlede temizler, p\u00fcr\u00fczs\u00fcz bir sonu\u00e7 elde edilmesine yard\u0131mc\u0131 olur. Kompakt yap\u0131s\u0131 sayesinde ta\u015f\u0131nmas\u0131 ve saklanmas\u0131 kolayd\u0131r. Dayan\u0131kl\u0131 silikon yap\u0131s\u0131 uzun s\u00fcreli kullan\u0131m sunar. Mutfakta d\u00fczeni ve h\u0131z\u0131&#8230;<\/p>\n","protected":false},"featured_media":124348,"comment_status":"open","ping_status":"closed","template":"","meta":{"_kad_post_transparent":"","_kad_post_title":"","_kad_post_layout":"","_kad_post_sidebar_id":"","_kad_post_content_style":"","_kad_post_vertical_padding":"","_kad_post_feature":"","_kad_post_feature_position":"","_kad_post_header":false,"_kad_post_footer":false,"_kad_post_classname":""},"product_brand":[],"product_cat":[15068],"product_tag":[],"class_list":{"0":"post-124349","1":"product","2":"type-product","3":"status-publish","4":"has-post-thumbnail","6":"product_cat-pratik-mutfak-gerecleri-pratik-mutfak-gerecleri-2","8":"first","9":"instock","10":"purchasable","11":"product-type-simple","12":"entry","13":"content-bg","14":"loop-entry"},"_links":{"self":[{"href":"https:\/\/www.hediyepazar.com\/index.php?rest_route=\/wp\/v2\/product\/124349","targetHints":{"allow":["GET"]}}],"collection":[{"href":"https:\/\/www.hediyepazar.com\/index.php?rest_route=\/wp\/v2\/product"}],"about":[{"href":"https:\/\/www.hediyepazar.com\/index.php?rest_route=\/wp\/v2\/types\/product"}],"replies":[{"embeddable":true,"href":"https:\/\/www.hediyepazar.com\/index.php?rest_route=%2Fwp%2Fv2%2Fcomments&post=124349"}],"wp:featuredmedia":[{"embeddable":true,"href":"https:\/\/www.hediyepazar.com\/index.php?rest_route=\/wp\/v2\/media\/124348"}],"wp:attachment":[{"href":"https:\/\/www.hediyepazar.com\/index.php?rest_route=%2Fwp%2Fv2%2Fmedia&parent=124349"}],"wp:term":[{"taxonomy":"product_brand","embeddable":true,"href":"https:\/\/www.hediyepazar.com\/index.php?rest_route=%2Fwp%2Fv2%2Fproduct_brand&post=124349"},{"taxonomy":"product_cat","embeddable":true,"href":"https:\/\/www.hediyepazar.com\/index.php?rest_route=%2Fwp%2Fv2%2Fproduct_cat&post=124349"},{"taxonomy":"product_tag","embeddable":true,"href":"https:\/\/www.hediyepazar.com\/index.php?rest_route=%2Fwp%2Fv2%2Fproduct_tag&post=124349"}],"curies":[{"name":"wp","href":"https:\/\/api.w.org\/{rel}","templated":true}]}}