{"id":124351,"date":"2026-05-06T15:23:04","date_gmt":"2026-05-06T18:23:04","guid":{"rendered":"https:\/\/www.hediyepazar.com\/?product=kabak-ve-biber-oymaya-uygun-hijyenik-ic-temizleme-aparati"},"modified":"2026-05-06T15:23:04","modified_gmt":"2026-05-06T18:23:04","slug":"kabak-ve-biber-oymaya-uygun-hijyenik-ic-temizleme-aparati","status":"publish","type":"product","link":"https:\/\/www.hediyepazar.com\/?product=kabak-ve-biber-oymaya-uygun-hijyenik-ic-temizleme-aparati","title":{"rendered":"Kabak ve Biber Oymaya Uygun Hijyenik \u0130\u00e7 Temizleme Aparat\u0131"},"content":{"rendered":"<p>Bu hijyenik i\u00e7 temizleme aparat\u0131, kabak ve biber gibi sebzelerin i\u00e7ini kolayca oymak i\u00e7in tasarlanm\u0131\u015ft\u0131r. Elinizin sebzenin i\u00e7ine temas etmesine gerek kalmadan \u00e7ekirdekleri temizler. Bu sayede daha temiz ve konforlu bir kullan\u0131m sunar. Dolma yap\u0131m\u0131nda sebzelerin i\u00e7ini e\u015fit ve d\u00fczg\u00fcn \u015fekilde bo\u015falt\u0131r. Temizlenmesi son derece kolayd\u0131r ve tekrar tekrar g\u00fcvenle kullan\u0131labilir. Mutfakta pratik \u00e7\u00f6z\u00fcmler arayanlar i\u00e7in ideal bir \u00fcr\u00fcnd\u00fcr.<\/p>\n","protected":false},"excerpt":{"rendered":"<p>Bu hijyenik i\u00e7 temizleme aparat\u0131, kabak ve biber gibi sebzelerin i\u00e7ini kolayca oymak i\u00e7in tasarlanm\u0131\u015ft\u0131r. Elinizin sebzenin i\u00e7ine temas etmesine gerek kalmadan \u00e7ekirdekleri temizler. Bu sayede daha temiz ve konforlu bir kullan\u0131m sunar. Dolma yap\u0131m\u0131nda sebzelerin i\u00e7ini e\u015fit ve d\u00fczg\u00fcn \u015fekilde bo\u015falt\u0131r. Temizlenmesi son derece kolayd\u0131r ve tekrar tekrar g\u00fcvenle kullan\u0131labilir. Mutfakta pratik \u00e7\u00f6z\u00fcmler arayanlar&#8230;<\/p>\n","protected":false},"featured_media":124350,"comment_status":"open","ping_status":"closed","template":"","meta":{"_kad_post_transparent":"","_kad_post_title":"","_kad_post_layout":"","_kad_post_sidebar_id":"","_kad_post_content_style":"","_kad_post_vertical_padding":"","_kad_post_feature":"","_kad_post_feature_position":"","_kad_post_header":false,"_kad_post_footer":false,"_kad_post_classname":""},"product_brand":[],"product_cat":[15068],"product_tag":[],"class_list":{"0":"post-124351","1":"product","2":"type-product","3":"status-publish","4":"has-post-thumbnail","6":"product_cat-pratik-mutfak-gerecleri-pratik-mutfak-gerecleri-2","8":"first","9":"instock","10":"purchasable","11":"product-type-simple","12":"entry","13":"content-bg","14":"loop-entry"},"_links":{"self":[{"href":"https:\/\/www.hediyepazar.com\/index.php?rest_route=\/wp\/v2\/product\/124351","targetHints":{"allow":["GET"]}}],"collection":[{"href":"https:\/\/www.hediyepazar.com\/index.php?rest_route=\/wp\/v2\/product"}],"about":[{"href":"https:\/\/www.hediyepazar.com\/index.php?rest_route=\/wp\/v2\/types\/product"}],"replies":[{"embeddable":true,"href":"https:\/\/www.hediyepazar.com\/index.php?rest_route=%2Fwp%2Fv2%2Fcomments&post=124351"}],"wp:featuredmedia":[{"embeddable":true,"href":"https:\/\/www.hediyepazar.com\/index.php?rest_route=\/wp\/v2\/media\/124350"}],"wp:attachment":[{"href":"https:\/\/www.hediyepazar.com\/index.php?rest_route=%2Fwp%2Fv2%2Fmedia&parent=124351"}],"wp:term":[{"taxonomy":"product_brand","embeddable":true,"href":"https:\/\/www.hediyepazar.com\/index.php?rest_route=%2Fwp%2Fv2%2Fproduct_brand&post=124351"},{"taxonomy":"product_cat","embeddable":true,"href":"https:\/\/www.hediyepazar.com\/index.php?rest_route=%2Fwp%2Fv2%2Fproduct_cat&post=124351"},{"taxonomy":"product_tag","embeddable":true,"href":"https:\/\/www.hediyepazar.com\/index.php?rest_route=%2Fwp%2Fv2%2Fproduct_tag&post=124351"}],"curies":[{"name":"wp","href":"https:\/\/api.w.org\/{rel}","templated":true}]}}