{"id":124353,"date":"2026-05-06T15:23:10","date_gmt":"2026-05-06T18:23:10","guid":{"rendered":"https:\/\/www.hediyepazar.com\/?product=dolmalik-biber-ve-kabak-icin-cekirdek-temizleyici-mutfak-aparati"},"modified":"2026-05-06T15:23:10","modified_gmt":"2026-05-06T18:23:10","slug":"dolmalik-biber-ve-kabak-icin-cekirdek-temizleyici-mutfak-aparati","status":"publish","type":"product","link":"https:\/\/www.hediyepazar.com\/?product=dolmalik-biber-ve-kabak-icin-cekirdek-temizleyici-mutfak-aparati","title":{"rendered":"Dolmal\u0131k Biber ve Kabak \u0130\u00e7in \u00c7ekirdek Temizleyici Mutfak Aparat\u0131"},"content":{"rendered":"<p>Dolmal\u0131k biber ve kabak haz\u0131rl\u0131\u011f\u0131n\u0131 h\u0131zland\u0131ran bu \u00e7ekirdek temizleyici, mutfakta zamandan tasarruf etmenizi sa\u011flar. Sebzenin i\u00e7ini d\u00fczg\u00fcn ve tamamen bo\u015faltarak dolma, f\u0131r\u0131n ve k\u0131zartma tarifleri i\u00e7in ideal sonu\u00e7 sunar. \u00c7ekirdekler aparat i\u00e7inde toplan\u0131r, mutfakta da\u011f\u0131n\u0131kl\u0131k olu\u015fmaz. Esnek silikon malzemesi sayesinde g\u00fcvenle kullan\u0131labilir ve uzun \u00f6m\u00fcrl\u00fcd\u00fcr. G\u00fcnl\u00fck mutfak kullan\u0131m\u0131 i\u00e7in uygun olan bu aparat, \u00f6zellikle seri yemek haz\u0131rl\u0131\u011f\u0131 yapanlar i\u00e7in b\u00fcy\u00fck kolayl\u0131k sa\u011flar.<\/p>\n","protected":false},"excerpt":{"rendered":"<p>Dolmal\u0131k biber ve kabak haz\u0131rl\u0131\u011f\u0131n\u0131 h\u0131zland\u0131ran bu \u00e7ekirdek temizleyici, mutfakta zamandan tasarruf etmenizi sa\u011flar. Sebzenin i\u00e7ini d\u00fczg\u00fcn ve tamamen bo\u015faltarak dolma, f\u0131r\u0131n ve k\u0131zartma tarifleri i\u00e7in ideal sonu\u00e7 sunar. \u00c7ekirdekler aparat i\u00e7inde toplan\u0131r, mutfakta da\u011f\u0131n\u0131kl\u0131k olu\u015fmaz. Esnek silikon malzemesi sayesinde g\u00fcvenle kullan\u0131labilir ve uzun \u00f6m\u00fcrl\u00fcd\u00fcr. G\u00fcnl\u00fck mutfak kullan\u0131m\u0131 i\u00e7in uygun olan bu aparat, \u00f6zellikle seri&#8230;<\/p>\n","protected":false},"featured_media":124352,"comment_status":"open","ping_status":"closed","template":"","meta":{"_kad_post_transparent":"","_kad_post_title":"","_kad_post_layout":"","_kad_post_sidebar_id":"","_kad_post_content_style":"","_kad_post_vertical_padding":"","_kad_post_feature":"","_kad_post_feature_position":"","_kad_post_header":false,"_kad_post_footer":false,"_kad_post_classname":""},"product_brand":[],"product_cat":[15068],"product_tag":[],"class_list":{"0":"post-124353","1":"product","2":"type-product","3":"status-publish","4":"has-post-thumbnail","6":"product_cat-pratik-mutfak-gerecleri-pratik-mutfak-gerecleri-2","8":"first","9":"instock","10":"purchasable","11":"product-type-simple","12":"entry","13":"content-bg","14":"loop-entry"},"_links":{"self":[{"href":"https:\/\/www.hediyepazar.com\/index.php?rest_route=\/wp\/v2\/product\/124353","targetHints":{"allow":["GET"]}}],"collection":[{"href":"https:\/\/www.hediyepazar.com\/index.php?rest_route=\/wp\/v2\/product"}],"about":[{"href":"https:\/\/www.hediyepazar.com\/index.php?rest_route=\/wp\/v2\/types\/product"}],"replies":[{"embeddable":true,"href":"https:\/\/www.hediyepazar.com\/index.php?rest_route=%2Fwp%2Fv2%2Fcomments&post=124353"}],"wp:featuredmedia":[{"embeddable":true,"href":"https:\/\/www.hediyepazar.com\/index.php?rest_route=\/wp\/v2\/media\/124352"}],"wp:attachment":[{"href":"https:\/\/www.hediyepazar.com\/index.php?rest_route=%2Fwp%2Fv2%2Fmedia&parent=124353"}],"wp:term":[{"taxonomy":"product_brand","embeddable":true,"href":"https:\/\/www.hediyepazar.com\/index.php?rest_route=%2Fwp%2Fv2%2Fproduct_brand&post=124353"},{"taxonomy":"product_cat","embeddable":true,"href":"https:\/\/www.hediyepazar.com\/index.php?rest_route=%2Fwp%2Fv2%2Fproduct_cat&post=124353"},{"taxonomy":"product_tag","embeddable":true,"href":"https:\/\/www.hediyepazar.com\/index.php?rest_route=%2Fwp%2Fv2%2Fproduct_tag&post=124353"}],"curies":[{"name":"wp","href":"https:\/\/api.w.org\/{rel}","templated":true}]}}