{"id":124363,"date":"2026-05-06T15:24:09","date_gmt":"2026-05-06T18:24:09","guid":{"rendered":"https:\/\/www.hediyepazar.com\/?product=uzun-pil-omurlu-kamp-ve-dagcilik-kafa-lambasi"},"modified":"2026-05-06T15:24:09","modified_gmt":"2026-05-06T18:24:09","slug":"uzun-pil-omurlu-kamp-ve-dagcilik-kafa-lambasi","status":"publish","type":"product","link":"https:\/\/www.hediyepazar.com\/?product=uzun-pil-omurlu-kamp-ve-dagcilik-kafa-lambasi","title":{"rendered":"Uzun Pil \u00d6m\u00fcrl\u00fc Kamp ve Da\u011fc\u0131l\u0131k Kafa Lambas\u0131"},"content":{"rendered":"<p>Uzun pil \u00f6mr\u00fc ile \u00f6ne \u00e7\u0131kan kamp\u00e7\u0131 kafa lambas\u0131, tek \u015farj veya pil de\u011fi\u015fimiyle uzun s\u00fcre kullan\u0131m imk\u00e2n\u0131 sunar. Bu \u00f6zellik, \u00f6zellikle uzun kamp ve do\u011fa y\u00fcr\u00fcy\u00fc\u015flerinde b\u00fcy\u00fck avantaj sa\u011flar.Hafif ve kompakt yap\u0131s\u0131 sayesinde s\u0131rt \u00e7antas\u0131nda yer kaplamaz. Hem profesyonel outdoor kullan\u0131c\u0131lar\u0131 hem de g\u00fcnl\u00fck kullan\u0131m i\u00e7in uygundur.<\/p>\n","protected":false},"excerpt":{"rendered":"<p>Uzun pil \u00f6mr\u00fc ile \u00f6ne \u00e7\u0131kan kamp\u00e7\u0131 kafa lambas\u0131, tek \u015farj veya pil de\u011fi\u015fimiyle uzun s\u00fcre kullan\u0131m imk\u00e2n\u0131 sunar. Bu \u00f6zellik, \u00f6zellikle uzun kamp ve do\u011fa y\u00fcr\u00fcy\u00fc\u015flerinde b\u00fcy\u00fck avantaj sa\u011flar.Hafif ve kompakt yap\u0131s\u0131 sayesinde s\u0131rt \u00e7antas\u0131nda yer kaplamaz. Hem profesyonel outdoor kullan\u0131c\u0131lar\u0131 hem de g\u00fcnl\u00fck kullan\u0131m i\u00e7in uygundur.<\/p>\n","protected":false},"featured_media":124362,"comment_status":"open","ping_status":"closed","template":"","meta":{"_kad_post_transparent":"","_kad_post_title":"","_kad_post_layout":"","_kad_post_sidebar_id":"","_kad_post_content_style":"","_kad_post_vertical_padding":"","_kad_post_feature":"","_kad_post_feature_position":"","_kad_post_header":false,"_kad_post_footer":false,"_kad_post_classname":""},"product_brand":[],"product_cat":[14979],"product_tag":[],"class_list":{"0":"post-124363","1":"product","2":"type-product","3":"status-publish","4":"has-post-thumbnail","6":"product_cat-kafa-lambasi-kafa-lambasi","8":"first","9":"instock","10":"purchasable","11":"product-type-simple","12":"entry","13":"content-bg","14":"loop-entry"},"_links":{"self":[{"href":"https:\/\/www.hediyepazar.com\/index.php?rest_route=\/wp\/v2\/product\/124363","targetHints":{"allow":["GET"]}}],"collection":[{"href":"https:\/\/www.hediyepazar.com\/index.php?rest_route=\/wp\/v2\/product"}],"about":[{"href":"https:\/\/www.hediyepazar.com\/index.php?rest_route=\/wp\/v2\/types\/product"}],"replies":[{"embeddable":true,"href":"https:\/\/www.hediyepazar.com\/index.php?rest_route=%2Fwp%2Fv2%2Fcomments&post=124363"}],"wp:featuredmedia":[{"embeddable":true,"href":"https:\/\/www.hediyepazar.com\/index.php?rest_route=\/wp\/v2\/media\/124362"}],"wp:attachment":[{"href":"https:\/\/www.hediyepazar.com\/index.php?rest_route=%2Fwp%2Fv2%2Fmedia&parent=124363"}],"wp:term":[{"taxonomy":"product_brand","embeddable":true,"href":"https:\/\/www.hediyepazar.com\/index.php?rest_route=%2Fwp%2Fv2%2Fproduct_brand&post=124363"},{"taxonomy":"product_cat","embeddable":true,"href":"https:\/\/www.hediyepazar.com\/index.php?rest_route=%2Fwp%2Fv2%2Fproduct_cat&post=124363"},{"taxonomy":"product_tag","embeddable":true,"href":"https:\/\/www.hediyepazar.com\/index.php?rest_route=%2Fwp%2Fv2%2Fproduct_tag&post=124363"}],"curies":[{"name":"wp","href":"https:\/\/api.w.org\/{rel}","templated":true}]}}