{"id":124365,"date":"2026-05-06T15:24:14","date_gmt":"2026-05-06T18:24:14","guid":{"rendered":"https:\/\/www.hediyepazar.com\/?product=suya-dayanikli-led-kafa-lambasi-outdoor-kullanim"},"modified":"2026-05-06T15:24:14","modified_gmt":"2026-05-06T18:24:14","slug":"suya-dayanikli-led-kafa-lambasi-outdoor-kullanim","status":"publish","type":"product","link":"https:\/\/www.hediyepazar.com\/?product=suya-dayanikli-led-kafa-lambasi-outdoor-kullanim","title":{"rendered":"Suya Dayan\u0131kl\u0131 LED Kafa Lambas\u0131 Outdoor Kullan\u0131m"},"content":{"rendered":"<p>Karanl\u0131k ortamlarda g\u00fcvenli hareket edebilmeniz i\u00e7in tasarlanan bu kafa lambas\u0131, g\u00fc\u00e7l\u00fc LED \u0131\u015f\u0131\u011f\u0131 ile net ve dengeli ayd\u0131nlatma sunar. Eller serbest kullan\u0131m \u00f6zelli\u011fi sayesinde y\u00fcr\u00fcy\u00fc\u015f, da\u011fc\u0131l\u0131k ve kamp s\u0131ras\u0131nda maksimum konfor sa\u011flar.Su ge\u00e7irmez yap\u0131s\u0131 sayesinde a\u00e7\u0131k hava \u015fartlar\u0131na dayan\u0131kl\u0131d\u0131r. Dayan\u0131kl\u0131 malzemesi ile uzun \u00f6m\u00fcrl\u00fc kullan\u0131m sunar.<\/p>\n","protected":false},"excerpt":{"rendered":"<p>Karanl\u0131k ortamlarda g\u00fcvenli hareket edebilmeniz i\u00e7in tasarlanan bu kafa lambas\u0131, g\u00fc\u00e7l\u00fc LED \u0131\u015f\u0131\u011f\u0131 ile net ve dengeli ayd\u0131nlatma sunar. Eller serbest kullan\u0131m \u00f6zelli\u011fi sayesinde y\u00fcr\u00fcy\u00fc\u015f, da\u011fc\u0131l\u0131k ve kamp s\u0131ras\u0131nda maksimum konfor sa\u011flar.Su ge\u00e7irmez yap\u0131s\u0131 sayesinde a\u00e7\u0131k hava \u015fartlar\u0131na dayan\u0131kl\u0131d\u0131r. Dayan\u0131kl\u0131 malzemesi ile uzun \u00f6m\u00fcrl\u00fc kullan\u0131m sunar.<\/p>\n","protected":false},"featured_media":124364,"comment_status":"open","ping_status":"closed","template":"","meta":{"_kad_post_transparent":"","_kad_post_title":"","_kad_post_layout":"","_kad_post_sidebar_id":"","_kad_post_content_style":"","_kad_post_vertical_padding":"","_kad_post_feature":"","_kad_post_feature_position":"","_kad_post_header":false,"_kad_post_footer":false,"_kad_post_classname":""},"product_brand":[],"product_cat":[14979],"product_tag":[],"class_list":{"0":"post-124365","1":"product","2":"type-product","3":"status-publish","4":"has-post-thumbnail","6":"product_cat-kafa-lambasi-kafa-lambasi","8":"first","9":"instock","10":"purchasable","11":"product-type-simple","12":"entry","13":"content-bg","14":"loop-entry"},"_links":{"self":[{"href":"https:\/\/www.hediyepazar.com\/index.php?rest_route=\/wp\/v2\/product\/124365","targetHints":{"allow":["GET"]}}],"collection":[{"href":"https:\/\/www.hediyepazar.com\/index.php?rest_route=\/wp\/v2\/product"}],"about":[{"href":"https:\/\/www.hediyepazar.com\/index.php?rest_route=\/wp\/v2\/types\/product"}],"replies":[{"embeddable":true,"href":"https:\/\/www.hediyepazar.com\/index.php?rest_route=%2Fwp%2Fv2%2Fcomments&post=124365"}],"wp:featuredmedia":[{"embeddable":true,"href":"https:\/\/www.hediyepazar.com\/index.php?rest_route=\/wp\/v2\/media\/124364"}],"wp:attachment":[{"href":"https:\/\/www.hediyepazar.com\/index.php?rest_route=%2Fwp%2Fv2%2Fmedia&parent=124365"}],"wp:term":[{"taxonomy":"product_brand","embeddable":true,"href":"https:\/\/www.hediyepazar.com\/index.php?rest_route=%2Fwp%2Fv2%2Fproduct_brand&post=124365"},{"taxonomy":"product_cat","embeddable":true,"href":"https:\/\/www.hediyepazar.com\/index.php?rest_route=%2Fwp%2Fv2%2Fproduct_cat&post=124365"},{"taxonomy":"product_tag","embeddable":true,"href":"https:\/\/www.hediyepazar.com\/index.php?rest_route=%2Fwp%2Fv2%2Fproduct_tag&post=124365"}],"curies":[{"name":"wp","href":"https:\/\/api.w.org\/{rel}","templated":true}]}}