{"id":124367,"date":"2026-05-06T15:24:18","date_gmt":"2026-05-06T18:24:18","guid":{"rendered":"https:\/\/www.hediyepazar.com\/?product=hafif-ve-tasinabilir-kamp-kafa-lambasi-ayarlanabilir-isik"},"modified":"2026-05-06T15:24:18","modified_gmt":"2026-05-06T18:24:18","slug":"hafif-ve-tasinabilir-kamp-kafa-lambasi-ayarlanabilir-isik","status":"publish","type":"product","link":"https:\/\/www.hediyepazar.com\/?product=hafif-ve-tasinabilir-kamp-kafa-lambasi-ayarlanabilir-isik","title":{"rendered":"Hafif ve Ta\u015f\u0131nabilir Kamp Kafa Lambas\u0131 Ayarlanabilir I\u015f\u0131k"},"content":{"rendered":"<p>Kamp\u00e7\u0131 kafa lambas\u0131, hafifli\u011fi ve ta\u015f\u0131nabilir yap\u0131s\u0131yla outdoor aktivitelerin vazge\u00e7ilmez ekipmanlar\u0131ndan biridir. Ayarlanabilir kafa band\u0131 sayesinde her ba\u015f \u00f6l\u00e7\u00fcs\u00fcne uyum sa\u011flar ve sabit durur.Farkl\u0131 \u0131\u015f\u0131k modlar\u0131 sayesinde hem yak\u0131n mesafe hem de geni\u015f alan ayd\u0131nlatmas\u0131 sunar. SOS modu ile acil durumlarda dikkat \u00e7ekici bir \u0131\u015f\u0131k sa\u011flar.<\/p>\n","protected":false},"excerpt":{"rendered":"<p>Kamp\u00e7\u0131 kafa lambas\u0131, hafifli\u011fi ve ta\u015f\u0131nabilir yap\u0131s\u0131yla outdoor aktivitelerin vazge\u00e7ilmez ekipmanlar\u0131ndan biridir. Ayarlanabilir kafa band\u0131 sayesinde her ba\u015f \u00f6l\u00e7\u00fcs\u00fcne uyum sa\u011flar ve sabit durur.Farkl\u0131 \u0131\u015f\u0131k modlar\u0131 sayesinde hem yak\u0131n mesafe hem de geni\u015f alan ayd\u0131nlatmas\u0131 sunar. SOS modu ile acil durumlarda dikkat \u00e7ekici bir \u0131\u015f\u0131k sa\u011flar.<\/p>\n","protected":false},"featured_media":124366,"comment_status":"open","ping_status":"closed","template":"","meta":{"_kad_post_transparent":"","_kad_post_title":"","_kad_post_layout":"","_kad_post_sidebar_id":"","_kad_post_content_style":"","_kad_post_vertical_padding":"","_kad_post_feature":"","_kad_post_feature_position":"","_kad_post_header":false,"_kad_post_footer":false,"_kad_post_classname":""},"product_brand":[],"product_cat":[14979],"product_tag":[],"class_list":{"0":"post-124367","1":"product","2":"type-product","3":"status-publish","4":"has-post-thumbnail","6":"product_cat-kafa-lambasi-kafa-lambasi","8":"first","9":"instock","10":"purchasable","11":"product-type-simple","12":"entry","13":"content-bg","14":"loop-entry"},"_links":{"self":[{"href":"https:\/\/www.hediyepazar.com\/index.php?rest_route=\/wp\/v2\/product\/124367","targetHints":{"allow":["GET"]}}],"collection":[{"href":"https:\/\/www.hediyepazar.com\/index.php?rest_route=\/wp\/v2\/product"}],"about":[{"href":"https:\/\/www.hediyepazar.com\/index.php?rest_route=\/wp\/v2\/types\/product"}],"replies":[{"embeddable":true,"href":"https:\/\/www.hediyepazar.com\/index.php?rest_route=%2Fwp%2Fv2%2Fcomments&post=124367"}],"wp:featuredmedia":[{"embeddable":true,"href":"https:\/\/www.hediyepazar.com\/index.php?rest_route=\/wp\/v2\/media\/124366"}],"wp:attachment":[{"href":"https:\/\/www.hediyepazar.com\/index.php?rest_route=%2Fwp%2Fv2%2Fmedia&parent=124367"}],"wp:term":[{"taxonomy":"product_brand","embeddable":true,"href":"https:\/\/www.hediyepazar.com\/index.php?rest_route=%2Fwp%2Fv2%2Fproduct_brand&post=124367"},{"taxonomy":"product_cat","embeddable":true,"href":"https:\/\/www.hediyepazar.com\/index.php?rest_route=%2Fwp%2Fv2%2Fproduct_cat&post=124367"},{"taxonomy":"product_tag","embeddable":true,"href":"https:\/\/www.hediyepazar.com\/index.php?rest_route=%2Fwp%2Fv2%2Fproduct_tag&post=124367"}],"curies":[{"name":"wp","href":"https:\/\/api.w.org\/{rel}","templated":true}]}}