{"id":124369,"date":"2026-05-06T15:25:57","date_gmt":"2026-05-06T18:25:57","guid":{"rendered":"https:\/\/www.hediyepazar.com\/?product=led-kafa-lambasi-kamp-yuruyus-ve-gece-kullanimi-icin"},"modified":"2026-05-06T15:25:57","modified_gmt":"2026-05-06T18:25:57","slug":"led-kafa-lambasi-kamp-yuruyus-ve-gece-kullanimi-icin","status":"publish","type":"product","link":"https:\/\/www.hediyepazar.com\/?product=led-kafa-lambasi-kamp-yuruyus-ve-gece-kullanimi-icin","title":{"rendered":"LED Kafa Lambas\u0131 Kamp Y\u00fcr\u00fcy\u00fc\u015f ve Gece Kullan\u0131m\u0131 \u0130\u00e7in"},"content":{"rendered":"<p>Do\u011fa ile i\u00e7 i\u00e7e ge\u00e7irilen anlar i\u00e7in ideal olan bu LED kafa lambas\u0131, suya ve toza dayan\u0131kl\u0131 yap\u0131s\u0131 ile zorlu hava ko\u015fullar\u0131nda g\u00fcvenle kullan\u0131labilir. Ya\u011fmurda, nemli ortamlarda ve a\u00e7\u0131k alanlarda performans\u0131ndan \u00f6d\u00fcn vermez.Uzun pil \u00f6mr\u00fc sayesinde kamp s\u00fcresince kesintisiz ayd\u0131nlatma sa\u011flar. Gece y\u00fcr\u00fcy\u00fc\u015fleri, \u00e7ad\u0131r i\u00e7i kullan\u0131m ve acil durumlar i\u00e7in pratik bir \u00e7\u00f6z\u00fcmd\u00fcr.<\/p>\n","protected":false},"excerpt":{"rendered":"<p>Do\u011fa ile i\u00e7 i\u00e7e ge\u00e7irilen anlar i\u00e7in ideal olan bu LED kafa lambas\u0131, suya ve toza dayan\u0131kl\u0131 yap\u0131s\u0131 ile zorlu hava ko\u015fullar\u0131nda g\u00fcvenle kullan\u0131labilir. Ya\u011fmurda, nemli ortamlarda ve a\u00e7\u0131k alanlarda performans\u0131ndan \u00f6d\u00fcn vermez.Uzun pil \u00f6mr\u00fc sayesinde kamp s\u00fcresince kesintisiz ayd\u0131nlatma sa\u011flar. Gece y\u00fcr\u00fcy\u00fc\u015fleri, \u00e7ad\u0131r i\u00e7i kullan\u0131m ve acil durumlar i\u00e7in pratik bir \u00e7\u00f6z\u00fcmd\u00fcr.<\/p>\n","protected":false},"featured_media":124368,"comment_status":"open","ping_status":"closed","template":"","meta":{"_kad_post_transparent":"","_kad_post_title":"","_kad_post_layout":"","_kad_post_sidebar_id":"","_kad_post_content_style":"","_kad_post_vertical_padding":"","_kad_post_feature":"","_kad_post_feature_position":"","_kad_post_header":false,"_kad_post_footer":false,"_kad_post_classname":""},"product_brand":[],"product_cat":[14979],"product_tag":[],"class_list":{"0":"post-124369","1":"product","2":"type-product","3":"status-publish","4":"has-post-thumbnail","6":"product_cat-kafa-lambasi-kafa-lambasi","8":"first","9":"instock","10":"purchasable","11":"product-type-simple","12":"entry","13":"content-bg","14":"loop-entry"},"_links":{"self":[{"href":"https:\/\/www.hediyepazar.com\/index.php?rest_route=\/wp\/v2\/product\/124369","targetHints":{"allow":["GET"]}}],"collection":[{"href":"https:\/\/www.hediyepazar.com\/index.php?rest_route=\/wp\/v2\/product"}],"about":[{"href":"https:\/\/www.hediyepazar.com\/index.php?rest_route=\/wp\/v2\/types\/product"}],"replies":[{"embeddable":true,"href":"https:\/\/www.hediyepazar.com\/index.php?rest_route=%2Fwp%2Fv2%2Fcomments&post=124369"}],"wp:featuredmedia":[{"embeddable":true,"href":"https:\/\/www.hediyepazar.com\/index.php?rest_route=\/wp\/v2\/media\/124368"}],"wp:attachment":[{"href":"https:\/\/www.hediyepazar.com\/index.php?rest_route=%2Fwp%2Fv2%2Fmedia&parent=124369"}],"wp:term":[{"taxonomy":"product_brand","embeddable":true,"href":"https:\/\/www.hediyepazar.com\/index.php?rest_route=%2Fwp%2Fv2%2Fproduct_brand&post=124369"},{"taxonomy":"product_cat","embeddable":true,"href":"https:\/\/www.hediyepazar.com\/index.php?rest_route=%2Fwp%2Fv2%2Fproduct_cat&post=124369"},{"taxonomy":"product_tag","embeddable":true,"href":"https:\/\/www.hediyepazar.com\/index.php?rest_route=%2Fwp%2Fv2%2Fproduct_tag&post=124369"}],"curies":[{"name":"wp","href":"https:\/\/api.w.org\/{rel}","templated":true}]}}