{"id":124373,"date":"2026-05-06T15:26:07","date_gmt":"2026-05-06T18:26:07","guid":{"rendered":"https:\/\/www.hediyepazar.com\/?product=ev-tipi-isi-ve-titresim-destekli-diz-masaj-aleti"},"modified":"2026-05-06T15:26:07","modified_gmt":"2026-05-06T18:26:07","slug":"ev-tipi-isi-ve-titresim-destekli-diz-masaj-aleti","status":"publish","type":"product","link":"https:\/\/www.hediyepazar.com\/?product=ev-tipi-isi-ve-titresim-destekli-diz-masaj-aleti","title":{"rendered":"Ev Tipi Is\u0131 ve Titre\u015fim Destekli Diz Masaj Aleti"},"content":{"rendered":"<p>Ev tipi kullan\u0131m i\u00e7in \u00f6zel olarak geli\u015ftirilen bu diz masaj aleti, yo\u011fun g\u00fcnlerin ard\u0131ndan rahatlama ihtiyac\u0131 olan kullan\u0131c\u0131lar i\u00e7in ideal bir yard\u0131mc\u0131d\u0131r. 3 seviyeli titre\u015fim modu, farkl\u0131 masaj ihtiya\u00e7lar\u0131na g\u00f6re ayarlanabilir. Is\u0131 ve titre\u015fim kombinasyonu, diz \u00e7evresinde konforlu bir bak\u0131m deneyimi sa\u011flar.Hafif ve ergonomik yap\u0131s\u0131 sayesinde kolayca tak\u0131l\u0131p \u00e7\u0131kar\u0131labilir. G\u00fcnl\u00fck bak\u0131m rutinine rahatl\u0131kla dahil edilebilir.<\/p>\n","protected":false},"excerpt":{"rendered":"<p>Ev tipi kullan\u0131m i\u00e7in \u00f6zel olarak geli\u015ftirilen bu diz masaj aleti, yo\u011fun g\u00fcnlerin ard\u0131ndan rahatlama ihtiyac\u0131 olan kullan\u0131c\u0131lar i\u00e7in ideal bir yard\u0131mc\u0131d\u0131r. 3 seviyeli titre\u015fim modu, farkl\u0131 masaj ihtiya\u00e7lar\u0131na g\u00f6re ayarlanabilir. Is\u0131 ve titre\u015fim kombinasyonu, diz \u00e7evresinde konforlu bir bak\u0131m deneyimi sa\u011flar.Hafif ve ergonomik yap\u0131s\u0131 sayesinde kolayca tak\u0131l\u0131p \u00e7\u0131kar\u0131labilir. G\u00fcnl\u00fck bak\u0131m rutinine rahatl\u0131kla dahil edilebilir.<\/p>\n","protected":false},"featured_media":124372,"comment_status":"open","ping_status":"closed","template":"","meta":{"_kad_post_transparent":"","_kad_post_title":"","_kad_post_layout":"","_kad_post_sidebar_id":"","_kad_post_content_style":"","_kad_post_vertical_padding":"","_kad_post_feature":"","_kad_post_feature_position":"","_kad_post_header":false,"_kad_post_footer":false,"_kad_post_classname":""},"product_brand":[],"product_cat":[14939],"product_tag":[],"class_list":{"0":"post-124373","1":"product","2":"type-product","3":"status-publish","4":"has-post-thumbnail","6":"product_cat-masaj-cihazi-masaj-cihazi","8":"first","9":"instock","10":"purchasable","11":"product-type-simple","12":"entry","13":"content-bg","14":"loop-entry"},"_links":{"self":[{"href":"https:\/\/www.hediyepazar.com\/index.php?rest_route=\/wp\/v2\/product\/124373","targetHints":{"allow":["GET"]}}],"collection":[{"href":"https:\/\/www.hediyepazar.com\/index.php?rest_route=\/wp\/v2\/product"}],"about":[{"href":"https:\/\/www.hediyepazar.com\/index.php?rest_route=\/wp\/v2\/types\/product"}],"replies":[{"embeddable":true,"href":"https:\/\/www.hediyepazar.com\/index.php?rest_route=%2Fwp%2Fv2%2Fcomments&post=124373"}],"wp:featuredmedia":[{"embeddable":true,"href":"https:\/\/www.hediyepazar.com\/index.php?rest_route=\/wp\/v2\/media\/124372"}],"wp:attachment":[{"href":"https:\/\/www.hediyepazar.com\/index.php?rest_route=%2Fwp%2Fv2%2Fmedia&parent=124373"}],"wp:term":[{"taxonomy":"product_brand","embeddable":true,"href":"https:\/\/www.hediyepazar.com\/index.php?rest_route=%2Fwp%2Fv2%2Fproduct_brand&post=124373"},{"taxonomy":"product_cat","embeddable":true,"href":"https:\/\/www.hediyepazar.com\/index.php?rest_route=%2Fwp%2Fv2%2Fproduct_cat&post=124373"},{"taxonomy":"product_tag","embeddable":true,"href":"https:\/\/www.hediyepazar.com\/index.php?rest_route=%2Fwp%2Fv2%2Fproduct_tag&post=124373"}],"curies":[{"name":"wp","href":"https:\/\/api.w.org\/{rel}","templated":true}]}}