{"id":124379,"date":"2026-05-06T15:27:57","date_gmt":"2026-05-06T18:27:57","guid":{"rendered":"https:\/\/www.hediyepazar.com\/?product=ntc-isi-kontrollu-diz-masaj-aleti-titresim-ve-isi-terapisi"},"modified":"2026-05-06T15:27:57","modified_gmt":"2026-05-06T18:27:57","slug":"ntc-isi-kontrollu-diz-masaj-aleti-titresim-ve-isi-terapisi","status":"publish","type":"product","link":"https:\/\/www.hediyepazar.com\/?product=ntc-isi-kontrollu-diz-masaj-aleti-titresim-ve-isi-terapisi","title":{"rendered":"NTC Is\u0131 Kontroll\u00fc Diz Masaj Aleti Titre\u015fim ve Is\u0131 Terapisi"},"content":{"rendered":"<p>3D rezonans teknolojisi ile tasarlanan bu diz masaj cihaz\u0131, diz \u00e7evresini saran yap\u0131s\u0131 sayesinde daha geni\u015f bir alanda etkili masaj sunar. Dizdeki \u00f6nemli noktalara odaklanan masaj sistemi, bas\u0131nc\u0131 serbest b\u0131rakmaya yard\u0131mc\u0131 olur ve konforlu bir deneyim sa\u011flar.<\/p>\n","protected":false},"excerpt":{"rendered":"<p>3D rezonans teknolojisi ile tasarlanan bu diz masaj cihaz\u0131, diz \u00e7evresini saran yap\u0131s\u0131 sayesinde daha geni\u015f bir alanda etkili masaj sunar. Dizdeki \u00f6nemli noktalara odaklanan masaj sistemi, bas\u0131nc\u0131 serbest b\u0131rakmaya yard\u0131mc\u0131 olur ve konforlu bir deneyim sa\u011flar.<\/p>\n","protected":false},"featured_media":124378,"comment_status":"open","ping_status":"closed","template":"","meta":{"_kad_post_transparent":"","_kad_post_title":"","_kad_post_layout":"","_kad_post_sidebar_id":"","_kad_post_content_style":"","_kad_post_vertical_padding":"","_kad_post_feature":"","_kad_post_feature_position":"","_kad_post_header":false,"_kad_post_footer":false,"_kad_post_classname":""},"product_brand":[],"product_cat":[14939],"product_tag":[],"class_list":{"0":"post-124379","1":"product","2":"type-product","3":"status-publish","4":"has-post-thumbnail","6":"product_cat-masaj-cihazi-masaj-cihazi","8":"first","9":"instock","10":"purchasable","11":"product-type-simple","12":"entry","13":"content-bg","14":"loop-entry"},"_links":{"self":[{"href":"https:\/\/www.hediyepazar.com\/index.php?rest_route=\/wp\/v2\/product\/124379","targetHints":{"allow":["GET"]}}],"collection":[{"href":"https:\/\/www.hediyepazar.com\/index.php?rest_route=\/wp\/v2\/product"}],"about":[{"href":"https:\/\/www.hediyepazar.com\/index.php?rest_route=\/wp\/v2\/types\/product"}],"replies":[{"embeddable":true,"href":"https:\/\/www.hediyepazar.com\/index.php?rest_route=%2Fwp%2Fv2%2Fcomments&post=124379"}],"wp:featuredmedia":[{"embeddable":true,"href":"https:\/\/www.hediyepazar.com\/index.php?rest_route=\/wp\/v2\/media\/124378"}],"wp:attachment":[{"href":"https:\/\/www.hediyepazar.com\/index.php?rest_route=%2Fwp%2Fv2%2Fmedia&parent=124379"}],"wp:term":[{"taxonomy":"product_brand","embeddable":true,"href":"https:\/\/www.hediyepazar.com\/index.php?rest_route=%2Fwp%2Fv2%2Fproduct_brand&post=124379"},{"taxonomy":"product_cat","embeddable":true,"href":"https:\/\/www.hediyepazar.com\/index.php?rest_route=%2Fwp%2Fv2%2Fproduct_cat&post=124379"},{"taxonomy":"product_tag","embeddable":true,"href":"https:\/\/www.hediyepazar.com\/index.php?rest_route=%2Fwp%2Fv2%2Fproduct_tag&post=124379"}],"curies":[{"name":"wp","href":"https:\/\/api.w.org\/{rel}","templated":true}]}}