{"id":124385,"date":"2026-05-06T15:28:14","date_gmt":"2026-05-06T18:28:14","guid":{"rendered":"https:\/\/www.hediyepazar.com\/?product=tuz-ve-kararbiber-ogutucu-seffaf-akrilik-hazne"},"modified":"2026-05-06T15:28:14","modified_gmt":"2026-05-06T18:28:14","slug":"tuz-ve-kararbiber-ogutucu-seffaf-akrilik-hazne","status":"publish","type":"product","link":"https:\/\/www.hediyepazar.com\/?product=tuz-ve-kararbiber-ogutucu-seffaf-akrilik-hazne","title":{"rendered":"Tuz ve Kararbiber \u00d6\u011f\u00fct\u00fcc\u00fc &#8211; \u015eeffaf Akrilik Hazne"},"content":{"rendered":"<p>Bu tuz ve kararbiber \u00f6\u011f\u00fct\u00fcc\u00fc, g\u0131da s\u0131n\u0131f\u0131 y\u00fcksek kaliteli paslanmaz \u00e7elikten \u00fcretilmi\u015ftir. Korozyona kar\u015f\u0131 dayan\u0131kl\u0131 yap\u0131s\u0131 sayesinde uzun \u00f6m\u00fcrl\u00fcd\u00fcr  Sa\u011fl\u0131k a\u00e7\u0131s\u0131ndan g\u00fcvenli malzemeler kullan\u0131larak hijyenik bir \u00fcr\u00fcn ortaya \u00e7\u0131kar\u0131lm\u0131\u015ft\u0131r. Kal\u0131n ve \u015feffaf akrilik haznesi, i\u00e7erisindeki baharatlar\u0131 kolayca g\u00f6rmenizi sa\u011flar, b\u00f6ylece hangi baharat\u0131n ne kadar kald\u0131\u011f\u0131n\u0131 rahatl\u0131kla takip edebilirsiniz. Dayan\u0131kl\u0131 yap\u0131s\u0131 sayesinde darbelere kar\u015f\u0131 diren\u00e7 g\u00f6sterir ve uzun y\u0131llar kullanabilece\u011finiz bir \u00fcr\u00fcnd\u00fcr.<\/p>\n","protected":false},"excerpt":{"rendered":"<p>Bu tuz ve kararbiber \u00f6\u011f\u00fct\u00fcc\u00fc, g\u0131da s\u0131n\u0131f\u0131 y\u00fcksek kaliteli paslanmaz \u00e7elikten \u00fcretilmi\u015ftir. Korozyona kar\u015f\u0131 dayan\u0131kl\u0131 yap\u0131s\u0131 sayesinde uzun \u00f6m\u00fcrl\u00fcd\u00fcr Sa\u011fl\u0131k a\u00e7\u0131s\u0131ndan g\u00fcvenli malzemeler kullan\u0131larak hijyenik bir \u00fcr\u00fcn ortaya \u00e7\u0131kar\u0131lm\u0131\u015ft\u0131r. Kal\u0131n ve \u015feffaf akrilik haznesi, i\u00e7erisindeki baharatlar\u0131 kolayca g\u00f6rmenizi sa\u011flar, b\u00f6ylece hangi baharat\u0131n ne kadar kald\u0131\u011f\u0131n\u0131 rahatl\u0131kla takip edebilirsiniz. Dayan\u0131kl\u0131 yap\u0131s\u0131 sayesinde darbelere kar\u015f\u0131 diren\u00e7 g\u00f6sterir&#8230;<\/p>\n","protected":false},"featured_media":124384,"comment_status":"open","ping_status":"closed","template":"","meta":{"_kad_post_transparent":"","_kad_post_title":"","_kad_post_layout":"","_kad_post_sidebar_id":"","_kad_post_content_style":"","_kad_post_vertical_padding":"","_kad_post_feature":"","_kad_post_feature_position":"","_kad_post_header":false,"_kad_post_footer":false,"_kad_post_classname":""},"product_brand":[],"product_cat":[15016],"product_tag":[],"class_list":{"0":"post-124385","1":"product","2":"type-product","3":"status-publish","4":"has-post-thumbnail","6":"product_cat-baharat-ogutucu-baharat-ogutucu-2","8":"first","9":"instock","10":"purchasable","11":"product-type-simple","12":"entry","13":"content-bg","14":"loop-entry"},"_links":{"self":[{"href":"https:\/\/www.hediyepazar.com\/index.php?rest_route=\/wp\/v2\/product\/124385","targetHints":{"allow":["GET"]}}],"collection":[{"href":"https:\/\/www.hediyepazar.com\/index.php?rest_route=\/wp\/v2\/product"}],"about":[{"href":"https:\/\/www.hediyepazar.com\/index.php?rest_route=\/wp\/v2\/types\/product"}],"replies":[{"embeddable":true,"href":"https:\/\/www.hediyepazar.com\/index.php?rest_route=%2Fwp%2Fv2%2Fcomments&post=124385"}],"wp:featuredmedia":[{"embeddable":true,"href":"https:\/\/www.hediyepazar.com\/index.php?rest_route=\/wp\/v2\/media\/124384"}],"wp:attachment":[{"href":"https:\/\/www.hediyepazar.com\/index.php?rest_route=%2Fwp%2Fv2%2Fmedia&parent=124385"}],"wp:term":[{"taxonomy":"product_brand","embeddable":true,"href":"https:\/\/www.hediyepazar.com\/index.php?rest_route=%2Fwp%2Fv2%2Fproduct_brand&post=124385"},{"taxonomy":"product_cat","embeddable":true,"href":"https:\/\/www.hediyepazar.com\/index.php?rest_route=%2Fwp%2Fv2%2Fproduct_cat&post=124385"},{"taxonomy":"product_tag","embeddable":true,"href":"https:\/\/www.hediyepazar.com\/index.php?rest_route=%2Fwp%2Fv2%2Fproduct_tag&post=124385"}],"curies":[{"name":"wp","href":"https:\/\/api.w.org\/{rel}","templated":true}]}}