{"id":124399,"date":"2026-05-06T15:28:47","date_gmt":"2026-05-06T18:28:47","guid":{"rendered":"https:\/\/www.hediyepazar.com\/?product=manyetik-arac-telefon-tutucu-ve-hizli-sarj-adaptoru-2li-set"},"modified":"2026-05-06T15:28:47","modified_gmt":"2026-05-06T18:28:47","slug":"manyetik-arac-telefon-tutucu-ve-hizli-sarj-adaptoru-2li-set","status":"publish","type":"product","link":"https:\/\/www.hediyepazar.com\/?product=manyetik-arac-telefon-tutucu-ve-hizli-sarj-adaptoru-2li-set","title":{"rendered":"Manyetik Ara\u00e7 Telefon Tutucu ve H\u0131zl\u0131 \u015earj Adapt\u00f6r\u00fc 2\u2019li Set"},"content":{"rendered":"<p>Bu 2\u2019li ara\u00e7 aksesuar seti, s\u00fcr\u00fc\u015f s\u0131ras\u0131nda hem g\u00fcvenli\u011fi hem de konforu art\u0131rmak isteyen kullan\u0131c\u0131lar i\u00e7in ideal bir \u00e7\u00f6z\u00fcmd\u00fcr. Manyetik ara\u00e7 i\u00e7i telefon tutucu, g\u00fc\u00e7l\u00fc m\u0131knat\u0131s yap\u0131s\u0131 sayesinde telefonunuzu g\u00fcvenli \u015fekilde sabitler. Minimalist ve \u015f\u0131k tasar\u0131m\u0131, ara\u00e7 i\u00e7i dekorla uyum sa\u011flar. 360\u00b0 d\u00f6ner mekanizmas\u0131 sayesinde telefonunuzu istedi\u011finiz a\u00e7\u0131ya ayarlayabilir, navigasyon kullan\u0131m\u0131n\u0131 daha rahat ve g\u00fcvenli hale getirebilirsiniz.Set i\u00e7erisinde yer alan Quick Charge 3.0 destekli ara\u00e7 \u015farj adapt\u00f6r\u00fc ise 55W toplam \u00e7\u0131k\u0131\u015f g\u00fcc\u00fc ile ayn\u0131 anda birden fazla cihaz\u0131 h\u0131zl\u0131 ve g\u00fcvenli \u015fekilde \u015farj etmenizi sa\u011flar. Ak\u0131ll\u0131 IC teknolojisi sayesinde cihaz\u0131n\u0131z\u0131 tan\u0131r ve ideal g\u00fc\u00e7te \u015farj sunar. G\u00fcnl\u00fck kullan\u0131m ve uzun yolculuklar i\u00e7in pratik bir settir.<\/p>\n","protected":false},"excerpt":{"rendered":"<p>Bu 2\u2019li ara\u00e7 aksesuar seti, s\u00fcr\u00fc\u015f s\u0131ras\u0131nda hem g\u00fcvenli\u011fi hem de konforu art\u0131rmak isteyen kullan\u0131c\u0131lar i\u00e7in ideal bir \u00e7\u00f6z\u00fcmd\u00fcr. Manyetik ara\u00e7 i\u00e7i telefon tutucu, g\u00fc\u00e7l\u00fc m\u0131knat\u0131s yap\u0131s\u0131 sayesinde telefonunuzu g\u00fcvenli \u015fekilde sabitler. Minimalist ve \u015f\u0131k tasar\u0131m\u0131, ara\u00e7 i\u00e7i dekorla uyum sa\u011flar. 360\u00b0 d\u00f6ner mekanizmas\u0131 sayesinde telefonunuzu istedi\u011finiz a\u00e7\u0131ya ayarlayabilir, navigasyon kullan\u0131m\u0131n\u0131 daha rahat ve g\u00fcvenli&#8230;<\/p>\n","protected":false},"featured_media":124398,"comment_status":"open","ping_status":"closed","template":"","meta":{"_kad_post_transparent":"","_kad_post_title":"","_kad_post_layout":"","_kad_post_sidebar_id":"","_kad_post_content_style":"","_kad_post_vertical_padding":"","_kad_post_feature":"","_kad_post_feature_position":"","_kad_post_header":false,"_kad_post_footer":false,"_kad_post_classname":""},"product_brand":[],"product_cat":[15053],"product_tag":[],"class_list":{"0":"post-124399","1":"product","2":"type-product","3":"status-publish","4":"has-post-thumbnail","6":"product_cat-oto-bakim-seti-oto-bakim-seti-2","8":"first","9":"instock","10":"purchasable","11":"product-type-simple","12":"entry","13":"content-bg","14":"loop-entry"},"_links":{"self":[{"href":"https:\/\/www.hediyepazar.com\/index.php?rest_route=\/wp\/v2\/product\/124399","targetHints":{"allow":["GET"]}}],"collection":[{"href":"https:\/\/www.hediyepazar.com\/index.php?rest_route=\/wp\/v2\/product"}],"about":[{"href":"https:\/\/www.hediyepazar.com\/index.php?rest_route=\/wp\/v2\/types\/product"}],"replies":[{"embeddable":true,"href":"https:\/\/www.hediyepazar.com\/index.php?rest_route=%2Fwp%2Fv2%2Fcomments&post=124399"}],"wp:featuredmedia":[{"embeddable":true,"href":"https:\/\/www.hediyepazar.com\/index.php?rest_route=\/wp\/v2\/media\/124398"}],"wp:attachment":[{"href":"https:\/\/www.hediyepazar.com\/index.php?rest_route=%2Fwp%2Fv2%2Fmedia&parent=124399"}],"wp:term":[{"taxonomy":"product_brand","embeddable":true,"href":"https:\/\/www.hediyepazar.com\/index.php?rest_route=%2Fwp%2Fv2%2Fproduct_brand&post=124399"},{"taxonomy":"product_cat","embeddable":true,"href":"https:\/\/www.hediyepazar.com\/index.php?rest_route=%2Fwp%2Fv2%2Fproduct_cat&post=124399"},{"taxonomy":"product_tag","embeddable":true,"href":"https:\/\/www.hediyepazar.com\/index.php?rest_route=%2Fwp%2Fv2%2Fproduct_tag&post=124399"}],"curies":[{"name":"wp","href":"https:\/\/api.w.org\/{rel}","templated":true}]}}