{"id":124403,"date":"2026-05-06T15:29:04","date_gmt":"2026-05-06T18:29:04","guid":{"rendered":"https:\/\/www.hediyepazar.com\/?product=akilli-saat-ve-kablosuz-kulaklik-ios-android-uyumlu-teknoloji-seti"},"modified":"2026-05-06T15:29:04","modified_gmt":"2026-05-06T18:29:04","slug":"akilli-saat-ve-kablosuz-kulaklik-ios-android-uyumlu-teknoloji-seti","status":"publish","type":"product","link":"https:\/\/www.hediyepazar.com\/?product=akilli-saat-ve-kablosuz-kulaklik-ios-android-uyumlu-teknoloji-seti","title":{"rendered":"Ak\u0131ll\u0131 Saat ve Kablosuz Kulakl\u0131k iOS Android Uyumlu Teknoloji Seti"},"content":{"rendered":"<p>Modern tasar\u0131m ve fonksiyonelli\u011fi bir araya getiren bu set, hem spor hem de g\u00fcnl\u00fck kullan\u0131m i\u00e7in uygundur. S8 Ultra ak\u0131ll\u0131 saat, gri kasa ve canl\u0131 turuncu kordonu ile dikkat \u00e7eken \u015f\u0131k bir g\u00f6r\u00fcn\u00fcm sunar. Bluetooth 5.0 ba\u011flant\u0131s\u0131 sayesinde iOS ve Android cihazlarla sorunsuz \u015fekilde e\u015fle\u015fir. Resmi distrib\u00fct\u00f6r garantisi ile g\u00fcvenli bir kullan\u0131m sa\u011flar.Kablosuz kulakl\u0131k ise kulak i\u00e7i ergonomik tasar\u0131m\u0131 sayesinde uzun s\u00fcreli kullan\u0131mlarda bile konfor sunar. Dokunmatik kontrol, \u015farj k\u0131l\u0131f\u0131 ve suya dayan\u0131kl\u0131 yap\u0131s\u0131 ile g\u00fcnl\u00fck hayatta b\u00fcy\u00fck kolayl\u0131k sa\u011flar. Spor yaparken, seyahat ederken veya ofiste rahatl\u0131kla kullan\u0131labilir.<\/p>\n","protected":false},"excerpt":{"rendered":"<p>Modern tasar\u0131m ve fonksiyonelli\u011fi bir araya getiren bu set, hem spor hem de g\u00fcnl\u00fck kullan\u0131m i\u00e7in uygundur. S8 Ultra ak\u0131ll\u0131 saat, gri kasa ve canl\u0131 turuncu kordonu ile dikkat \u00e7eken \u015f\u0131k bir g\u00f6r\u00fcn\u00fcm sunar. Bluetooth 5.0 ba\u011flant\u0131s\u0131 sayesinde iOS ve Android cihazlarla sorunsuz \u015fekilde e\u015fle\u015fir. Resmi distrib\u00fct\u00f6r garantisi ile g\u00fcvenli bir kullan\u0131m sa\u011flar.Kablosuz kulakl\u0131k ise&#8230;<\/p>\n","protected":false},"featured_media":124402,"comment_status":"open","ping_status":"closed","template":"","meta":{"_kad_post_transparent":"","_kad_post_title":"","_kad_post_layout":"","_kad_post_sidebar_id":"","_kad_post_content_style":"","_kad_post_vertical_padding":"","_kad_post_feature":"","_kad_post_feature_position":"","_kad_post_header":false,"_kad_post_footer":false,"_kad_post_classname":""},"product_brand":[],"product_cat":[14935],"product_tag":[],"class_list":{"0":"post-124403","1":"product","2":"type-product","3":"status-publish","4":"has-post-thumbnail","6":"product_cat-akilli-saatler-akilli-saatler","8":"first","9":"instock","10":"purchasable","11":"product-type-simple","12":"entry","13":"content-bg","14":"loop-entry"},"_links":{"self":[{"href":"https:\/\/www.hediyepazar.com\/index.php?rest_route=\/wp\/v2\/product\/124403","targetHints":{"allow":["GET"]}}],"collection":[{"href":"https:\/\/www.hediyepazar.com\/index.php?rest_route=\/wp\/v2\/product"}],"about":[{"href":"https:\/\/www.hediyepazar.com\/index.php?rest_route=\/wp\/v2\/types\/product"}],"replies":[{"embeddable":true,"href":"https:\/\/www.hediyepazar.com\/index.php?rest_route=%2Fwp%2Fv2%2Fcomments&post=124403"}],"wp:featuredmedia":[{"embeddable":true,"href":"https:\/\/www.hediyepazar.com\/index.php?rest_route=\/wp\/v2\/media\/124402"}],"wp:attachment":[{"href":"https:\/\/www.hediyepazar.com\/index.php?rest_route=%2Fwp%2Fv2%2Fmedia&parent=124403"}],"wp:term":[{"taxonomy":"product_brand","embeddable":true,"href":"https:\/\/www.hediyepazar.com\/index.php?rest_route=%2Fwp%2Fv2%2Fproduct_brand&post=124403"},{"taxonomy":"product_cat","embeddable":true,"href":"https:\/\/www.hediyepazar.com\/index.php?rest_route=%2Fwp%2Fv2%2Fproduct_cat&post=124403"},{"taxonomy":"product_tag","embeddable":true,"href":"https:\/\/www.hediyepazar.com\/index.php?rest_route=%2Fwp%2Fv2%2Fproduct_tag&post=124403"}],"curies":[{"name":"wp","href":"https:\/\/api.w.org\/{rel}","templated":true}]}}