{"id":124427,"date":"2026-05-06T15:32:21","date_gmt":"2026-05-06T18:32:21","guid":{"rendered":"https:\/\/www.hediyepazar.com\/?product=elektronik-tamir-tornavida-seti-atese-dayanikli-ve-ergonomik"},"modified":"2026-05-06T15:32:21","modified_gmt":"2026-05-06T18:32:21","slug":"elektronik-tamir-tornavida-seti-atese-dayanikli-ve-ergonomik","status":"publish","type":"product","link":"https:\/\/www.hediyepazar.com\/?product=elektronik-tamir-tornavida-seti-atese-dayanikli-ve-ergonomik","title":{"rendered":"Elektronik Tamir Tornavida Seti Ate\u015fe Dayan\u0131kl\u0131 ve Ergonomik"},"content":{"rendered":"<p>Bu profesyonel tornavida seti, elektronik cihazlar\u0131n g\u00fcvenli \u015fekilde a\u00e7\u0131lmas\u0131 ve kurulmas\u0131 i\u00e7in tasarlanm\u0131\u015ft\u0131r. Dayan\u0131kl\u0131 ve ate\u015fe diren\u00e7li malzemesi, zorlu kullan\u0131mlarda bile performans\u0131n\u0131 korur. Ergonomik ve sert sap tasar\u0131m\u0131, kontrol\u00fc art\u0131rarak daha rahat bir kullan\u0131m sunar. Hassas i\u015fler i\u00e7in uygun yap\u0131s\u0131 sayesinde cihazlar\u0131n\u0131z\u0131 iyi durumda tutman\u0131za yard\u0131mc\u0131 olur.<\/p>\n","protected":false},"excerpt":{"rendered":"<p>Bu profesyonel tornavida seti, elektronik cihazlar\u0131n g\u00fcvenli \u015fekilde a\u00e7\u0131lmas\u0131 ve kurulmas\u0131 i\u00e7in tasarlanm\u0131\u015ft\u0131r. Dayan\u0131kl\u0131 ve ate\u015fe diren\u00e7li malzemesi, zorlu kullan\u0131mlarda bile performans\u0131n\u0131 korur. Ergonomik ve sert sap tasar\u0131m\u0131, kontrol\u00fc art\u0131rarak daha rahat bir kullan\u0131m sunar. Hassas i\u015fler i\u00e7in uygun yap\u0131s\u0131 sayesinde cihazlar\u0131n\u0131z\u0131 iyi durumda tutman\u0131za yard\u0131mc\u0131 olur.<\/p>\n","protected":false},"featured_media":124426,"comment_status":"open","ping_status":"closed","template":"","meta":{"_kad_post_transparent":"","_kad_post_title":"","_kad_post_layout":"","_kad_post_sidebar_id":"","_kad_post_content_style":"","_kad_post_vertical_padding":"","_kad_post_feature":"","_kad_post_feature_position":"","_kad_post_header":false,"_kad_post_footer":false,"_kad_post_classname":""},"product_brand":[],"product_cat":[15000],"product_tag":[],"class_list":{"0":"post-124427","1":"product","2":"type-product","3":"status-publish","4":"has-post-thumbnail","6":"product_cat-tornavida-tornavida-2","8":"first","9":"instock","10":"purchasable","11":"product-type-simple","12":"entry","13":"content-bg","14":"loop-entry"},"_links":{"self":[{"href":"https:\/\/www.hediyepazar.com\/index.php?rest_route=\/wp\/v2\/product\/124427","targetHints":{"allow":["GET"]}}],"collection":[{"href":"https:\/\/www.hediyepazar.com\/index.php?rest_route=\/wp\/v2\/product"}],"about":[{"href":"https:\/\/www.hediyepazar.com\/index.php?rest_route=\/wp\/v2\/types\/product"}],"replies":[{"embeddable":true,"href":"https:\/\/www.hediyepazar.com\/index.php?rest_route=%2Fwp%2Fv2%2Fcomments&post=124427"}],"wp:featuredmedia":[{"embeddable":true,"href":"https:\/\/www.hediyepazar.com\/index.php?rest_route=\/wp\/v2\/media\/124426"}],"wp:attachment":[{"href":"https:\/\/www.hediyepazar.com\/index.php?rest_route=%2Fwp%2Fv2%2Fmedia&parent=124427"}],"wp:term":[{"taxonomy":"product_brand","embeddable":true,"href":"https:\/\/www.hediyepazar.com\/index.php?rest_route=%2Fwp%2Fv2%2Fproduct_brand&post=124427"},{"taxonomy":"product_cat","embeddable":true,"href":"https:\/\/www.hediyepazar.com\/index.php?rest_route=%2Fwp%2Fv2%2Fproduct_cat&post=124427"},{"taxonomy":"product_tag","embeddable":true,"href":"https:\/\/www.hediyepazar.com\/index.php?rest_route=%2Fwp%2Fv2%2Fproduct_tag&post=124427"}],"curies":[{"name":"wp","href":"https:\/\/api.w.org\/{rel}","templated":true}]}}