{"id":124433,"date":"2026-05-06T15:33:08","date_gmt":"2026-05-06T18:33:08","guid":{"rendered":"https:\/\/www.hediyepazar.com\/?product=hassas-tornavida-seti-kaymaz-sapli-elektronik-onarim-seti"},"modified":"2026-05-06T15:33:08","modified_gmt":"2026-05-06T18:33:08","slug":"hassas-tornavida-seti-kaymaz-sapli-elektronik-onarim-seti","status":"publish","type":"product","link":"https:\/\/www.hediyepazar.com\/?product=hassas-tornavida-seti-kaymaz-sapli-elektronik-onarim-seti","title":{"rendered":"Hassas Tornavida Seti Kaymaz Sapl\u0131 Elektronik Onar\u0131m Seti"},"content":{"rendered":"<p>Bu elektronik tamir tornavida seti, hassas i\u015fler i\u00e7in ideal \u00e7\u00f6z\u00fcmler sunar. Kaymaz ve sert sap tasar\u0131m\u0131, kullan\u0131m s\u0131ras\u0131nda rahat ve dengeli bir tutu\u015f sa\u011flar. A\u00e7\u0131k set yap\u0131s\u0131 sayesinde t\u00fcm par\u00e7alara h\u0131zl\u0131 eri\u015fim imk\u00e2n\u0131 sunar. K\u00fc\u00e7\u00fck boyutlu yap\u0131s\u0131, hem evde hem de profesyonel kullan\u0131mda pratiklik sa\u011flar. Elektronik cihazlar\u0131n bak\u0131m ve onar\u0131m\u0131 i\u00e7in g\u00fcvenilir bir yard\u0131mc\u0131d\u0131r.<\/p>\n","protected":false},"excerpt":{"rendered":"<p>Bu elektronik tamir tornavida seti, hassas i\u015fler i\u00e7in ideal \u00e7\u00f6z\u00fcmler sunar. Kaymaz ve sert sap tasar\u0131m\u0131, kullan\u0131m s\u0131ras\u0131nda rahat ve dengeli bir tutu\u015f sa\u011flar. A\u00e7\u0131k set yap\u0131s\u0131 sayesinde t\u00fcm par\u00e7alara h\u0131zl\u0131 eri\u015fim imk\u00e2n\u0131 sunar. K\u00fc\u00e7\u00fck boyutlu yap\u0131s\u0131, hem evde hem de profesyonel kullan\u0131mda pratiklik sa\u011flar. Elektronik cihazlar\u0131n bak\u0131m ve onar\u0131m\u0131 i\u00e7in g\u00fcvenilir bir yard\u0131mc\u0131d\u0131r.<\/p>\n","protected":false},"featured_media":124432,"comment_status":"open","ping_status":"closed","template":"","meta":{"_kad_post_transparent":"","_kad_post_title":"","_kad_post_layout":"","_kad_post_sidebar_id":"","_kad_post_content_style":"","_kad_post_vertical_padding":"","_kad_post_feature":"","_kad_post_feature_position":"","_kad_post_header":false,"_kad_post_footer":false,"_kad_post_classname":""},"product_brand":[],"product_cat":[15000],"product_tag":[],"class_list":{"0":"post-124433","1":"product","2":"type-product","3":"status-publish","4":"has-post-thumbnail","6":"product_cat-tornavida-tornavida-2","8":"first","9":"instock","10":"purchasable","11":"product-type-simple","12":"entry","13":"content-bg","14":"loop-entry"},"_links":{"self":[{"href":"https:\/\/www.hediyepazar.com\/index.php?rest_route=\/wp\/v2\/product\/124433","targetHints":{"allow":["GET"]}}],"collection":[{"href":"https:\/\/www.hediyepazar.com\/index.php?rest_route=\/wp\/v2\/product"}],"about":[{"href":"https:\/\/www.hediyepazar.com\/index.php?rest_route=\/wp\/v2\/types\/product"}],"replies":[{"embeddable":true,"href":"https:\/\/www.hediyepazar.com\/index.php?rest_route=%2Fwp%2Fv2%2Fcomments&post=124433"}],"wp:featuredmedia":[{"embeddable":true,"href":"https:\/\/www.hediyepazar.com\/index.php?rest_route=\/wp\/v2\/media\/124432"}],"wp:attachment":[{"href":"https:\/\/www.hediyepazar.com\/index.php?rest_route=%2Fwp%2Fv2%2Fmedia&parent=124433"}],"wp:term":[{"taxonomy":"product_brand","embeddable":true,"href":"https:\/\/www.hediyepazar.com\/index.php?rest_route=%2Fwp%2Fv2%2Fproduct_brand&post=124433"},{"taxonomy":"product_cat","embeddable":true,"href":"https:\/\/www.hediyepazar.com\/index.php?rest_route=%2Fwp%2Fv2%2Fproduct_cat&post=124433"},{"taxonomy":"product_tag","embeddable":true,"href":"https:\/\/www.hediyepazar.com\/index.php?rest_route=%2Fwp%2Fv2%2Fproduct_tag&post=124433"}],"curies":[{"name":"wp","href":"https:\/\/api.w.org\/{rel}","templated":true}]}}