{"id":124435,"date":"2026-05-06T15:33:14","date_gmt":"2026-05-06T18:33:14","guid":{"rendered":"https:\/\/www.hediyepazar.com\/?product=atese-dayanikli-tornavida-seti-elektronik-tamir-icin-cok-uclu"},"modified":"2026-05-06T15:33:14","modified_gmt":"2026-05-06T18:33:14","slug":"atese-dayanikli-tornavida-seti-elektronik-tamir-icin-cok-uclu","status":"publish","type":"product","link":"https:\/\/www.hediyepazar.com\/?product=atese-dayanikli-tornavida-seti-elektronik-tamir-icin-cok-uclu","title":{"rendered":"Ate\u015fe Dayan\u0131kl\u0131 Tornavida Seti Elektronik Tamir \u0130\u00e7in \u00c7ok U\u00e7lu"},"content":{"rendered":"<p>Ate\u015fe dayan\u0131kl\u0131 tornavida seti, bilgisayar, telefon ve di\u011fer elektronik cihazlar\u0131n tamir ve montaj i\u015flemleri i\u00e7in \u00f6zel olarak tasarlanm\u0131\u015ft\u0131r. Y\u00fcksek kaliteli malzemeden \u00fcretilmi\u015f yap\u0131s\u0131 sayesinde uzun \u00f6m\u00fcrl\u00fc kullan\u0131m sunar. Farkl\u0131 u\u00e7 se\u00e7enekleri, bir\u00e7ok elektronik \u00fcr\u00fcne uyum sa\u011flayarak geni\u015f kullan\u0131m imk\u00e2n\u0131 tan\u0131r. Kompakt tasar\u0131m\u0131 sayesinde kolay ta\u015f\u0131n\u0131r ve d\u00fczenli saklama sa\u011flar. G\u00fcvenli kullan\u0131m\u0131 ile hassas cihazlara zarar vermeden i\u015flem yapman\u0131za yard\u0131mc\u0131 olur.<\/p>\n","protected":false},"excerpt":{"rendered":"<p>Ate\u015fe dayan\u0131kl\u0131 tornavida seti, bilgisayar, telefon ve di\u011fer elektronik cihazlar\u0131n tamir ve montaj i\u015flemleri i\u00e7in \u00f6zel olarak tasarlanm\u0131\u015ft\u0131r. Y\u00fcksek kaliteli malzemeden \u00fcretilmi\u015f yap\u0131s\u0131 sayesinde uzun \u00f6m\u00fcrl\u00fc kullan\u0131m sunar. Farkl\u0131 u\u00e7 se\u00e7enekleri, bir\u00e7ok elektronik \u00fcr\u00fcne uyum sa\u011flayarak geni\u015f kullan\u0131m imk\u00e2n\u0131 tan\u0131r. Kompakt tasar\u0131m\u0131 sayesinde kolay ta\u015f\u0131n\u0131r ve d\u00fczenli saklama sa\u011flar. G\u00fcvenli kullan\u0131m\u0131 ile hassas cihazlara zarar&#8230;<\/p>\n","protected":false},"featured_media":124434,"comment_status":"open","ping_status":"closed","template":"","meta":{"_kad_post_transparent":"","_kad_post_title":"","_kad_post_layout":"","_kad_post_sidebar_id":"","_kad_post_content_style":"","_kad_post_vertical_padding":"","_kad_post_feature":"","_kad_post_feature_position":"","_kad_post_header":false,"_kad_post_footer":false,"_kad_post_classname":""},"product_brand":[],"product_cat":[15000],"product_tag":[],"class_list":{"0":"post-124435","1":"product","2":"type-product","3":"status-publish","4":"has-post-thumbnail","6":"product_cat-tornavida-tornavida-2","8":"first","9":"instock","10":"purchasable","11":"product-type-simple","12":"entry","13":"content-bg","14":"loop-entry"},"_links":{"self":[{"href":"https:\/\/www.hediyepazar.com\/index.php?rest_route=\/wp\/v2\/product\/124435","targetHints":{"allow":["GET"]}}],"collection":[{"href":"https:\/\/www.hediyepazar.com\/index.php?rest_route=\/wp\/v2\/product"}],"about":[{"href":"https:\/\/www.hediyepazar.com\/index.php?rest_route=\/wp\/v2\/types\/product"}],"replies":[{"embeddable":true,"href":"https:\/\/www.hediyepazar.com\/index.php?rest_route=%2Fwp%2Fv2%2Fcomments&post=124435"}],"wp:featuredmedia":[{"embeddable":true,"href":"https:\/\/www.hediyepazar.com\/index.php?rest_route=\/wp\/v2\/media\/124434"}],"wp:attachment":[{"href":"https:\/\/www.hediyepazar.com\/index.php?rest_route=%2Fwp%2Fv2%2Fmedia&parent=124435"}],"wp:term":[{"taxonomy":"product_brand","embeddable":true,"href":"https:\/\/www.hediyepazar.com\/index.php?rest_route=%2Fwp%2Fv2%2Fproduct_brand&post=124435"},{"taxonomy":"product_cat","embeddable":true,"href":"https:\/\/www.hediyepazar.com\/index.php?rest_route=%2Fwp%2Fv2%2Fproduct_cat&post=124435"},{"taxonomy":"product_tag","embeddable":true,"href":"https:\/\/www.hediyepazar.com\/index.php?rest_route=%2Fwp%2Fv2%2Fproduct_tag&post=124435"}],"curies":[{"name":"wp","href":"https:\/\/api.w.org\/{rel}","templated":true}]}}