{"id":124449,"date":"2026-05-06T15:35:27","date_gmt":"2026-05-06T18:35:27","guid":{"rendered":"https:\/\/www.hediyepazar.com\/?product=duvara-monte-araba-anahtarlik-dekoratif-ve-kullanisli"},"modified":"2026-05-06T15:35:27","modified_gmt":"2026-05-06T18:35:27","slug":"duvara-monte-araba-anahtarlik-dekoratif-ve-kullanisli","status":"publish","type":"product","link":"https:\/\/www.hediyepazar.com\/?product=duvara-monte-araba-anahtarlik-dekoratif-ve-kullanisli","title":{"rendered":"Duvara Monte Araba Anahtarl\u0131k Dekoratif ve Kullan\u0131\u015fl\u0131"},"content":{"rendered":"<p>Bu duvar anahtarl\u0131\u011f\u0131, araba tasar\u0131m\u0131yla otomobil tutkunlar\u0131na hitap eden \u00f6zel bir dekoratif \u00fcr\u00fcnd\u00fcr. Anahtarlar\u0131 kolayca asmaya uygun yap\u0131s\u0131 sayesinde hem d\u00fczen sa\u011flar hem de estetik bir g\u00f6r\u00fcn\u00fcm kazand\u0131r\u0131r. Ev giri\u015flerinde, koridorlarda veya \u00e7al\u0131\u015fma alanlar\u0131nda rahatl\u0131kla kullan\u0131labilir. Minimal tasar\u0131m\u0131 sayesinde farkl\u0131 dekorasyon stilleriyle uyum sa\u011flar.<\/p>\n","protected":false},"excerpt":{"rendered":"<p>Bu duvar anahtarl\u0131\u011f\u0131, araba tasar\u0131m\u0131yla otomobil tutkunlar\u0131na hitap eden \u00f6zel bir dekoratif \u00fcr\u00fcnd\u00fcr. Anahtarlar\u0131 kolayca asmaya uygun yap\u0131s\u0131 sayesinde hem d\u00fczen sa\u011flar hem de estetik bir g\u00f6r\u00fcn\u00fcm kazand\u0131r\u0131r. Ev giri\u015flerinde, koridorlarda veya \u00e7al\u0131\u015fma alanlar\u0131nda rahatl\u0131kla kullan\u0131labilir. Minimal tasar\u0131m\u0131 sayesinde farkl\u0131 dekorasyon stilleriyle uyum sa\u011flar.<\/p>\n","protected":false},"featured_media":124448,"comment_status":"open","ping_status":"closed","template":"","meta":{"_kad_post_transparent":"","_kad_post_title":"","_kad_post_layout":"","_kad_post_sidebar_id":"","_kad_post_content_style":"","_kad_post_vertical_padding":"","_kad_post_feature":"","_kad_post_feature_position":"","_kad_post_header":false,"_kad_post_footer":false,"_kad_post_classname":""},"product_brand":[],"product_cat":[14940],"product_tag":[],"class_list":{"0":"post-124449","1":"product","2":"type-product","3":"status-publish","4":"has-post-thumbnail","6":"product_cat-dekoratif-obje-biblo-dekoratif-obje-biblo","8":"first","9":"instock","10":"purchasable","11":"product-type-simple","12":"entry","13":"content-bg","14":"loop-entry"},"_links":{"self":[{"href":"https:\/\/www.hediyepazar.com\/index.php?rest_route=\/wp\/v2\/product\/124449","targetHints":{"allow":["GET"]}}],"collection":[{"href":"https:\/\/www.hediyepazar.com\/index.php?rest_route=\/wp\/v2\/product"}],"about":[{"href":"https:\/\/www.hediyepazar.com\/index.php?rest_route=\/wp\/v2\/types\/product"}],"replies":[{"embeddable":true,"href":"https:\/\/www.hediyepazar.com\/index.php?rest_route=%2Fwp%2Fv2%2Fcomments&post=124449"}],"wp:featuredmedia":[{"embeddable":true,"href":"https:\/\/www.hediyepazar.com\/index.php?rest_route=\/wp\/v2\/media\/124448"}],"wp:attachment":[{"href":"https:\/\/www.hediyepazar.com\/index.php?rest_route=%2Fwp%2Fv2%2Fmedia&parent=124449"}],"wp:term":[{"taxonomy":"product_brand","embeddable":true,"href":"https:\/\/www.hediyepazar.com\/index.php?rest_route=%2Fwp%2Fv2%2Fproduct_brand&post=124449"},{"taxonomy":"product_cat","embeddable":true,"href":"https:\/\/www.hediyepazar.com\/index.php?rest_route=%2Fwp%2Fv2%2Fproduct_cat&post=124449"},{"taxonomy":"product_tag","embeddable":true,"href":"https:\/\/www.hediyepazar.com\/index.php?rest_route=%2Fwp%2Fv2%2Fproduct_tag&post=124449"}],"curies":[{"name":"wp","href":"https:\/\/api.w.org\/{rel}","templated":true}]}}