{"id":124453,"date":"2026-05-06T15:35:37","date_gmt":"2026-05-06T18:35:37","guid":{"rendered":"https:\/\/www.hediyepazar.com\/?product=uclu-jant-dekoratif-aksesuar-renkli-modern-salon-dekoru"},"modified":"2026-05-06T15:35:37","modified_gmt":"2026-05-06T18:35:37","slug":"uclu-jant-dekoratif-aksesuar-renkli-modern-salon-dekoru","status":"publish","type":"product","link":"https:\/\/www.hediyepazar.com\/?product=uclu-jant-dekoratif-aksesuar-renkli-modern-salon-dekoru","title":{"rendered":"\u00dc\u00e7l\u00fc Jant Dekoratif Aksesuar Renkli Modern Salon Dekoru"},"content":{"rendered":"<p>Bu \u00fc\u00e7l\u00fc jant dekor seti, renkli ve modern tasar\u0131m\u0131yla ev ve ofis dekorasyonuna enerjik bir hava katar. Masa \u00fcst\u00fc kullan\u0131m i\u00e7in ideal yap\u0131s\u0131 sayesinde salon orta sehpas\u0131, konsol veya kitapl\u0131k \u00fczerinde sergilenebilir. Minimal ve spor \u00e7izgileri, modern dekorasyon stilleriyle kolayca uyum sa\u011flar. Otomobil tutkunlar\u0131 i\u00e7in \u00f6zel bir dekor par\u00e7as\u0131 olmas\u0131n\u0131n yan\u0131 s\u0131ra \u015f\u0131k bir hediye alternatifi olarak da tercih edilebilir.<\/p>\n","protected":false},"excerpt":{"rendered":"<p>Bu \u00fc\u00e7l\u00fc jant dekor seti, renkli ve modern tasar\u0131m\u0131yla ev ve ofis dekorasyonuna enerjik bir hava katar. Masa \u00fcst\u00fc kullan\u0131m i\u00e7in ideal yap\u0131s\u0131 sayesinde salon orta sehpas\u0131, konsol veya kitapl\u0131k \u00fczerinde sergilenebilir. Minimal ve spor \u00e7izgileri, modern dekorasyon stilleriyle kolayca uyum sa\u011flar. Otomobil tutkunlar\u0131 i\u00e7in \u00f6zel bir dekor par\u00e7as\u0131 olmas\u0131n\u0131n yan\u0131 s\u0131ra \u015f\u0131k bir hediye&#8230;<\/p>\n","protected":false},"featured_media":124452,"comment_status":"open","ping_status":"closed","template":"","meta":{"_kad_post_transparent":"","_kad_post_title":"","_kad_post_layout":"","_kad_post_sidebar_id":"","_kad_post_content_style":"","_kad_post_vertical_padding":"","_kad_post_feature":"","_kad_post_feature_position":"","_kad_post_header":false,"_kad_post_footer":false,"_kad_post_classname":""},"product_brand":[],"product_cat":[14940],"product_tag":[],"class_list":{"0":"post-124453","1":"product","2":"type-product","3":"status-publish","4":"has-post-thumbnail","6":"product_cat-dekoratif-obje-biblo-dekoratif-obje-biblo","8":"first","9":"instock","10":"purchasable","11":"product-type-simple","12":"entry","13":"content-bg","14":"loop-entry"},"_links":{"self":[{"href":"https:\/\/www.hediyepazar.com\/index.php?rest_route=\/wp\/v2\/product\/124453","targetHints":{"allow":["GET"]}}],"collection":[{"href":"https:\/\/www.hediyepazar.com\/index.php?rest_route=\/wp\/v2\/product"}],"about":[{"href":"https:\/\/www.hediyepazar.com\/index.php?rest_route=\/wp\/v2\/types\/product"}],"replies":[{"embeddable":true,"href":"https:\/\/www.hediyepazar.com\/index.php?rest_route=%2Fwp%2Fv2%2Fcomments&post=124453"}],"wp:featuredmedia":[{"embeddable":true,"href":"https:\/\/www.hediyepazar.com\/index.php?rest_route=\/wp\/v2\/media\/124452"}],"wp:attachment":[{"href":"https:\/\/www.hediyepazar.com\/index.php?rest_route=%2Fwp%2Fv2%2Fmedia&parent=124453"}],"wp:term":[{"taxonomy":"product_brand","embeddable":true,"href":"https:\/\/www.hediyepazar.com\/index.php?rest_route=%2Fwp%2Fv2%2Fproduct_brand&post=124453"},{"taxonomy":"product_cat","embeddable":true,"href":"https:\/\/www.hediyepazar.com\/index.php?rest_route=%2Fwp%2Fv2%2Fproduct_cat&post=124453"},{"taxonomy":"product_tag","embeddable":true,"href":"https:\/\/www.hediyepazar.com\/index.php?rest_route=%2Fwp%2Fv2%2Fproduct_tag&post=124453"}],"curies":[{"name":"wp","href":"https:\/\/api.w.org\/{rel}","templated":true}]}}