{"id":124471,"date":"2026-05-06T15:38:02","date_gmt":"2026-05-06T18:38:02","guid":{"rendered":"https:\/\/www.hediyepazar.com\/?product=iphone-modelleriyle-uyumlu-bluetooth-kulaklik-gurultu-onleme-ozellikli"},"modified":"2026-05-06T15:38:02","modified_gmt":"2026-05-06T18:38:02","slug":"iphone-modelleriyle-uyumlu-bluetooth-kulaklik-gurultu-onleme-ozellikli","status":"publish","type":"product","link":"https:\/\/www.hediyepazar.com\/?product=iphone-modelleriyle-uyumlu-bluetooth-kulaklik-gurultu-onleme-ozellikli","title":{"rendered":"iPhone Modelleriyle Uyumlu Bluetooth Kulakl\u0131k G\u00fcr\u00fclt\u00fc \u00d6nleme \u00d6zellikli"},"content":{"rendered":"<p>Bu TWS Bluetooth kulakl\u0131k, y\u00fcksek ses kalitesi ve g\u00fcr\u00fclt\u00fc \u00f6nleyici teknolojisi ile hem m\u00fczik hem de telefon g\u00f6r\u00fc\u015fmelerinde \u00fcst\u00fcn performans sunar. \u015earj kutusu sayesinde kulakl\u0131klar her zaman kullan\u0131ma haz\u0131rd\u0131r. \u015earj s\u00fcresi 1.1\u20135 saat aras\u0131nda de\u011fi\u015firken, uzun bekleme s\u00fcresi ile enerji verimlili\u011fi sa\u011flar. IPX4 su ge\u00e7irmezlik seviyesi, terleme ve hafif ya\u011fmur gibi durumlara kar\u015f\u0131 dayan\u0131kl\u0131l\u0131k sunar. Kompakt yap\u0131s\u0131 sayesinde \u00e7anta veya cepte rahatl\u0131kla ta\u015f\u0131nabilir.<\/p>\n","protected":false},"excerpt":{"rendered":"<p>Bu TWS Bluetooth kulakl\u0131k, y\u00fcksek ses kalitesi ve g\u00fcr\u00fclt\u00fc \u00f6nleyici teknolojisi ile hem m\u00fczik hem de telefon g\u00f6r\u00fc\u015fmelerinde \u00fcst\u00fcn performans sunar. \u015earj kutusu sayesinde kulakl\u0131klar her zaman kullan\u0131ma haz\u0131rd\u0131r. \u015earj s\u00fcresi 1.1\u20135 saat aras\u0131nda de\u011fi\u015firken, uzun bekleme s\u00fcresi ile enerji verimlili\u011fi sa\u011flar. IPX4 su ge\u00e7irmezlik seviyesi, terleme ve hafif ya\u011fmur gibi durumlara kar\u015f\u0131 dayan\u0131kl\u0131l\u0131k sunar&#8230;.<\/p>\n","protected":false},"featured_media":124470,"comment_status":"open","ping_status":"closed","template":"","meta":{"_kad_post_transparent":"","_kad_post_title":"","_kad_post_layout":"","_kad_post_sidebar_id":"","_kad_post_content_style":"","_kad_post_vertical_padding":"","_kad_post_feature":"","_kad_post_feature_position":"","_kad_post_header":false,"_kad_post_footer":false,"_kad_post_classname":""},"product_brand":[],"product_cat":[14957],"product_tag":[],"class_list":{"0":"post-124471","1":"product","2":"type-product","3":"status-publish","4":"has-post-thumbnail","6":"product_cat-kablosuz-kulaklik-kablosuz-kulaklik","8":"first","9":"instock","10":"purchasable","11":"product-type-simple","12":"entry","13":"content-bg","14":"loop-entry"},"_links":{"self":[{"href":"https:\/\/www.hediyepazar.com\/index.php?rest_route=\/wp\/v2\/product\/124471","targetHints":{"allow":["GET"]}}],"collection":[{"href":"https:\/\/www.hediyepazar.com\/index.php?rest_route=\/wp\/v2\/product"}],"about":[{"href":"https:\/\/www.hediyepazar.com\/index.php?rest_route=\/wp\/v2\/types\/product"}],"replies":[{"embeddable":true,"href":"https:\/\/www.hediyepazar.com\/index.php?rest_route=%2Fwp%2Fv2%2Fcomments&post=124471"}],"wp:featuredmedia":[{"embeddable":true,"href":"https:\/\/www.hediyepazar.com\/index.php?rest_route=\/wp\/v2\/media\/124470"}],"wp:attachment":[{"href":"https:\/\/www.hediyepazar.com\/index.php?rest_route=%2Fwp%2Fv2%2Fmedia&parent=124471"}],"wp:term":[{"taxonomy":"product_brand","embeddable":true,"href":"https:\/\/www.hediyepazar.com\/index.php?rest_route=%2Fwp%2Fv2%2Fproduct_brand&post=124471"},{"taxonomy":"product_cat","embeddable":true,"href":"https:\/\/www.hediyepazar.com\/index.php?rest_route=%2Fwp%2Fv2%2Fproduct_cat&post=124471"},{"taxonomy":"product_tag","embeddable":true,"href":"https:\/\/www.hediyepazar.com\/index.php?rest_route=%2Fwp%2Fv2%2Fproduct_tag&post=124471"}],"curies":[{"name":"wp","href":"https:\/\/api.w.org\/{rel}","templated":true}]}}