{"id":124481,"date":"2026-05-06T15:38:34","date_gmt":"2026-05-06T18:38:34","guid":{"rendered":"https:\/\/www.hediyepazar.com\/?product=arac-on-kamera-full-hd-kayit-ve-g-sensor-ozellikli"},"modified":"2026-05-06T15:38:34","modified_gmt":"2026-05-06T18:38:34","slug":"arac-on-kamera-full-hd-kayit-ve-g-sensor-ozellikli","status":"publish","type":"product","link":"https:\/\/www.hediyepazar.com\/?product=arac-on-kamera-full-hd-kayit-ve-g-sensor-ozellikli","title":{"rendered":"Ara\u00e7 \u00d6n Kamera Full HD Kay\u0131t ve G Sensor \u00d6zellikli"},"content":{"rendered":"<p>Ara\u00e7 \u00f6n cam\u0131na monte edilerek kullan\u0131lan bu kamera, s\u00fcr\u00fc\u015f s\u0131ras\u0131nda ya\u015fanan her an\u0131 HD kalitede kaydeder. G-Sensor \u00f6zelli\u011fi sayesinde ani sars\u0131nt\u0131larda otomatik kay\u0131t kilidi devreye girer. Hareket alg\u0131lama fonksiyonu, park s\u0131ras\u0131nda arac\u0131n\u0131z\u0131n \u00e7evresindeki hareketleri alg\u0131layarak g\u00fcvenli\u011fi art\u0131r\u0131r. 2.7 in\u00e7 LCD ekran\u0131, canl\u0131 izleme ve h\u0131zl\u0131 ayar yapma imk\u00e2n\u0131 sa\u011flar. Kompakt tasar\u0131m\u0131 sayesinde g\u00f6r\u00fc\u015f a\u00e7\u0131n\u0131z\u0131 engellemez. G\u00fcnl\u00fck kullan\u0131m ve uzun yolculuklar i\u00e7in ideal bir ara\u00e7 g\u00fcvenlik kameras\u0131d\u0131r.<\/p>\n","protected":false},"excerpt":{"rendered":"<p>Ara\u00e7 \u00f6n cam\u0131na monte edilerek kullan\u0131lan bu kamera, s\u00fcr\u00fc\u015f s\u0131ras\u0131nda ya\u015fanan her an\u0131 HD kalitede kaydeder. G-Sensor \u00f6zelli\u011fi sayesinde ani sars\u0131nt\u0131larda otomatik kay\u0131t kilidi devreye girer. Hareket alg\u0131lama fonksiyonu, park s\u0131ras\u0131nda arac\u0131n\u0131z\u0131n \u00e7evresindeki hareketleri alg\u0131layarak g\u00fcvenli\u011fi art\u0131r\u0131r. 2.7 in\u00e7 LCD ekran\u0131, canl\u0131 izleme ve h\u0131zl\u0131 ayar yapma imk\u00e2n\u0131 sa\u011flar. Kompakt tasar\u0131m\u0131 sayesinde g\u00f6r\u00fc\u015f a\u00e7\u0131n\u0131z\u0131 engellemez&#8230;.<\/p>\n","protected":false},"featured_media":124480,"comment_status":"open","ping_status":"closed","template":"","meta":{"_kad_post_transparent":"","_kad_post_title":"","_kad_post_layout":"","_kad_post_sidebar_id":"","_kad_post_content_style":"","_kad_post_vertical_padding":"","_kad_post_feature":"","_kad_post_feature_position":"","_kad_post_header":false,"_kad_post_footer":false,"_kad_post_classname":""},"product_brand":[],"product_cat":[15062],"product_tag":[],"class_list":{"0":"post-124481","1":"product","2":"type-product","3":"status-publish","4":"has-post-thumbnail","6":"product_cat-arac-ici-kamera-arac-ici-kamera","8":"first","9":"instock","10":"purchasable","11":"product-type-simple","12":"entry","13":"content-bg","14":"loop-entry"},"_links":{"self":[{"href":"https:\/\/www.hediyepazar.com\/index.php?rest_route=\/wp\/v2\/product\/124481","targetHints":{"allow":["GET"]}}],"collection":[{"href":"https:\/\/www.hediyepazar.com\/index.php?rest_route=\/wp\/v2\/product"}],"about":[{"href":"https:\/\/www.hediyepazar.com\/index.php?rest_route=\/wp\/v2\/types\/product"}],"replies":[{"embeddable":true,"href":"https:\/\/www.hediyepazar.com\/index.php?rest_route=%2Fwp%2Fv2%2Fcomments&post=124481"}],"wp:featuredmedia":[{"embeddable":true,"href":"https:\/\/www.hediyepazar.com\/index.php?rest_route=\/wp\/v2\/media\/124480"}],"wp:attachment":[{"href":"https:\/\/www.hediyepazar.com\/index.php?rest_route=%2Fwp%2Fv2%2Fmedia&parent=124481"}],"wp:term":[{"taxonomy":"product_brand","embeddable":true,"href":"https:\/\/www.hediyepazar.com\/index.php?rest_route=%2Fwp%2Fv2%2Fproduct_brand&post=124481"},{"taxonomy":"product_cat","embeddable":true,"href":"https:\/\/www.hediyepazar.com\/index.php?rest_route=%2Fwp%2Fv2%2Fproduct_cat&post=124481"},{"taxonomy":"product_tag","embeddable":true,"href":"https:\/\/www.hediyepazar.com\/index.php?rest_route=%2Fwp%2Fv2%2Fproduct_tag&post=124481"}],"curies":[{"name":"wp","href":"https:\/\/api.w.org\/{rel}","templated":true}]}}