{"id":124483,"date":"2026-05-06T15:38:40","date_gmt":"2026-05-06T18:38:40","guid":{"rendered":"https:\/\/www.hediyepazar.com\/?product=hd-arac-kamerasi-2-7-inc-ekran-g-sensor-destekli"},"modified":"2026-05-06T15:38:40","modified_gmt":"2026-05-06T18:38:40","slug":"hd-arac-kamerasi-2-7-inc-ekran-g-sensor-destekli","status":"publish","type":"product","link":"https:\/\/www.hediyepazar.com\/?product=hd-arac-kamerasi-2-7-inc-ekran-g-sensor-destekli","title":{"rendered":"HD Ara\u00e7 Kameras\u0131 2.7 \u0130n\u00e7 Ekran G Sensor Destekli"},"content":{"rendered":"<p>HD DVR ara\u00e7 kameras\u0131, g\u00fcnl\u00fck s\u00fcr\u00fc\u015flerden uzun yolculuklara kadar her ko\u015fulda g\u00fcvenli kay\u0131t sa\u011flar. G-Sensor teknolojisi sayesinde ani frenleme veya darbe durumlar\u0131nda \u00f6nemli anlar otomatik olarak korunur. Hareket alg\u0131lama \u00f6zelli\u011fi, arac\u0131n\u0131z park halindeyken \u00e7evredeki hareketleri tespit ederek kay\u0131t ba\u015flat\u0131r. Geni\u015f g\u00f6r\u00fc\u015f a\u00e7\u0131s\u0131 ve HD g\u00f6r\u00fcnt\u00fc kalitesi, yolun tamam\u0131na yak\u0131n bir alan\u0131n izlenmesini m\u00fcmk\u00fcn k\u0131lar. HDMI ba\u011flant\u0131 deste\u011fi ile kay\u0131tlar\u0131n\u0131z\u0131 farkl\u0131 cihazlarda g\u00f6r\u00fcnt\u00fcleyebilirsiniz. Dayan\u0131kl\u0131 yap\u0131s\u0131 ve kolay montaj\u0131 ile uzun s\u00fcreli kullan\u0131m sunar.<\/p>\n","protected":false},"excerpt":{"rendered":"<p>HD DVR ara\u00e7 kameras\u0131, g\u00fcnl\u00fck s\u00fcr\u00fc\u015flerden uzun yolculuklara kadar her ko\u015fulda g\u00fcvenli kay\u0131t sa\u011flar. G-Sensor teknolojisi sayesinde ani frenleme veya darbe durumlar\u0131nda \u00f6nemli anlar otomatik olarak korunur. Hareket alg\u0131lama \u00f6zelli\u011fi, arac\u0131n\u0131z park halindeyken \u00e7evredeki hareketleri tespit ederek kay\u0131t ba\u015flat\u0131r. Geni\u015f g\u00f6r\u00fc\u015f a\u00e7\u0131s\u0131 ve HD g\u00f6r\u00fcnt\u00fc kalitesi, yolun tamam\u0131na yak\u0131n bir alan\u0131n izlenmesini m\u00fcmk\u00fcn k\u0131lar. HDMI&#8230;<\/p>\n","protected":false},"featured_media":124482,"comment_status":"open","ping_status":"closed","template":"","meta":{"_kad_post_transparent":"","_kad_post_title":"","_kad_post_layout":"","_kad_post_sidebar_id":"","_kad_post_content_style":"","_kad_post_vertical_padding":"","_kad_post_feature":"","_kad_post_feature_position":"","_kad_post_header":false,"_kad_post_footer":false,"_kad_post_classname":""},"product_brand":[],"product_cat":[15062],"product_tag":[],"class_list":{"0":"post-124483","1":"product","2":"type-product","3":"status-publish","4":"has-post-thumbnail","6":"product_cat-arac-ici-kamera-arac-ici-kamera","8":"first","9":"instock","10":"purchasable","11":"product-type-simple","12":"entry","13":"content-bg","14":"loop-entry"},"_links":{"self":[{"href":"https:\/\/www.hediyepazar.com\/index.php?rest_route=\/wp\/v2\/product\/124483","targetHints":{"allow":["GET"]}}],"collection":[{"href":"https:\/\/www.hediyepazar.com\/index.php?rest_route=\/wp\/v2\/product"}],"about":[{"href":"https:\/\/www.hediyepazar.com\/index.php?rest_route=\/wp\/v2\/types\/product"}],"replies":[{"embeddable":true,"href":"https:\/\/www.hediyepazar.com\/index.php?rest_route=%2Fwp%2Fv2%2Fcomments&post=124483"}],"wp:featuredmedia":[{"embeddable":true,"href":"https:\/\/www.hediyepazar.com\/index.php?rest_route=\/wp\/v2\/media\/124482"}],"wp:attachment":[{"href":"https:\/\/www.hediyepazar.com\/index.php?rest_route=%2Fwp%2Fv2%2Fmedia&parent=124483"}],"wp:term":[{"taxonomy":"product_brand","embeddable":true,"href":"https:\/\/www.hediyepazar.com\/index.php?rest_route=%2Fwp%2Fv2%2Fproduct_brand&post=124483"},{"taxonomy":"product_cat","embeddable":true,"href":"https:\/\/www.hediyepazar.com\/index.php?rest_route=%2Fwp%2Fv2%2Fproduct_cat&post=124483"},{"taxonomy":"product_tag","embeddable":true,"href":"https:\/\/www.hediyepazar.com\/index.php?rest_route=%2Fwp%2Fv2%2Fproduct_tag&post=124483"}],"curies":[{"name":"wp","href":"https:\/\/api.w.org\/{rel}","templated":true}]}}