{"id":124485,"date":"2026-05-06T15:38:45","date_gmt":"2026-05-06T18:38:45","guid":{"rendered":"https:\/\/www.hediyepazar.com\/?product=arac-ici-guvenlik-kamerasi-hareket-algilamali-hd-dvr"},"modified":"2026-05-06T15:38:45","modified_gmt":"2026-05-06T18:38:45","slug":"arac-ici-guvenlik-kamerasi-hareket-algilamali-hd-dvr","status":"publish","type":"product","link":"https:\/\/www.hediyepazar.com\/?product=arac-ici-guvenlik-kamerasi-hareket-algilamali-hd-dvr","title":{"rendered":"Ara\u00e7 \u0130\u00e7i G\u00fcvenlik Kameras\u0131 Hareket Alg\u0131lamal\u0131 HD DVR"},"content":{"rendered":"<p>Bu ara\u00e7 i\u00e7i kamera, s\u00fcr\u00fc\u015f g\u00fcvenli\u011fini art\u0131rmak ve olas\u0131 kazalarda delil olu\u015fturmak amac\u0131yla geli\u015ftirilmi\u015ftir. Full HD kay\u0131t kalitesi sayesinde plakalar ve yol detaylar\u0131 net \u015fekilde g\u00f6r\u00fcnt\u00fclenir. G-Sensor, ani darbe ve \u00e7arp\u0131\u015fma anlar\u0131nda devreye girerek g\u00f6r\u00fcnt\u00fcleri otomatik olarak kilitler. Hareket alg\u0131lama fonksiyonu, park halindeyken bile aktif koruma sa\u011flar. 2.7 in\u00e7 ekran\u0131 ile g\u00f6r\u00fcnt\u00fcler kolayca izlenebilir ve ayarlar zahmetsizce yap\u0131labilir. Kompakt ve \u015f\u0131k tasar\u0131m\u0131 ara\u00e7 i\u00e7inde estetik bir g\u00f6r\u00fcn\u00fcm sunar.<\/p>\n","protected":false},"excerpt":{"rendered":"<p>Bu ara\u00e7 i\u00e7i kamera, s\u00fcr\u00fc\u015f g\u00fcvenli\u011fini art\u0131rmak ve olas\u0131 kazalarda delil olu\u015fturmak amac\u0131yla geli\u015ftirilmi\u015ftir. Full HD kay\u0131t kalitesi sayesinde plakalar ve yol detaylar\u0131 net \u015fekilde g\u00f6r\u00fcnt\u00fclenir. G-Sensor, ani darbe ve \u00e7arp\u0131\u015fma anlar\u0131nda devreye girerek g\u00f6r\u00fcnt\u00fcleri otomatik olarak kilitler. Hareket alg\u0131lama fonksiyonu, park halindeyken bile aktif koruma sa\u011flar. 2.7 in\u00e7 ekran\u0131 ile g\u00f6r\u00fcnt\u00fcler kolayca izlenebilir ve&#8230;<\/p>\n","protected":false},"featured_media":124484,"comment_status":"open","ping_status":"closed","template":"","meta":{"_kad_post_transparent":"","_kad_post_title":"","_kad_post_layout":"","_kad_post_sidebar_id":"","_kad_post_content_style":"","_kad_post_vertical_padding":"","_kad_post_feature":"","_kad_post_feature_position":"","_kad_post_header":false,"_kad_post_footer":false,"_kad_post_classname":""},"product_brand":[],"product_cat":[15062],"product_tag":[],"class_list":{"0":"post-124485","1":"product","2":"type-product","3":"status-publish","4":"has-post-thumbnail","6":"product_cat-arac-ici-kamera-arac-ici-kamera","8":"first","9":"instock","10":"purchasable","11":"product-type-simple","12":"entry","13":"content-bg","14":"loop-entry"},"_links":{"self":[{"href":"https:\/\/www.hediyepazar.com\/index.php?rest_route=\/wp\/v2\/product\/124485","targetHints":{"allow":["GET"]}}],"collection":[{"href":"https:\/\/www.hediyepazar.com\/index.php?rest_route=\/wp\/v2\/product"}],"about":[{"href":"https:\/\/www.hediyepazar.com\/index.php?rest_route=\/wp\/v2\/types\/product"}],"replies":[{"embeddable":true,"href":"https:\/\/www.hediyepazar.com\/index.php?rest_route=%2Fwp%2Fv2%2Fcomments&post=124485"}],"wp:featuredmedia":[{"embeddable":true,"href":"https:\/\/www.hediyepazar.com\/index.php?rest_route=\/wp\/v2\/media\/124484"}],"wp:attachment":[{"href":"https:\/\/www.hediyepazar.com\/index.php?rest_route=%2Fwp%2Fv2%2Fmedia&parent=124485"}],"wp:term":[{"taxonomy":"product_brand","embeddable":true,"href":"https:\/\/www.hediyepazar.com\/index.php?rest_route=%2Fwp%2Fv2%2Fproduct_brand&post=124485"},{"taxonomy":"product_cat","embeddable":true,"href":"https:\/\/www.hediyepazar.com\/index.php?rest_route=%2Fwp%2Fv2%2Fproduct_cat&post=124485"},{"taxonomy":"product_tag","embeddable":true,"href":"https:\/\/www.hediyepazar.com\/index.php?rest_route=%2Fwp%2Fv2%2Fproduct_tag&post=124485"}],"curies":[{"name":"wp","href":"https:\/\/api.w.org\/{rel}","templated":true}]}}