{"id":124487,"date":"2026-05-06T15:39:01","date_gmt":"2026-05-06T18:39:01","guid":{"rendered":"https:\/\/www.hediyepazar.com\/?product=full-hd-arac-kamerasi-g-sensor-gece-goruslu-dash-cam"},"modified":"2026-05-06T15:39:01","modified_gmt":"2026-05-06T18:39:01","slug":"full-hd-arac-kamerasi-g-sensor-gece-goruslu-dash-cam","status":"publish","type":"product","link":"https:\/\/www.hediyepazar.com\/?product=full-hd-arac-kamerasi-g-sensor-gece-goruslu-dash-cam","title":{"rendered":"Full HD Ara\u00e7 Kameras\u0131 G Sensor Gece G\u00f6r\u00fc\u015fl\u00fc Dash Cam"},"content":{"rendered":"<p>Ara\u00e7 kameras\u0131, g\u00fcnd\u00fcz ve gece ko\u015fullar\u0131nda g\u00fcvenilir kay\u0131t alabilen HD DVR teknolojisi ile donat\u0131lm\u0131\u015ft\u0131r. G-Sensor sistemi, ani sars\u0131nt\u0131lar\u0131 alg\u0131layarak kritik anlar\u0131n otomatik olarak korunmas\u0131n\u0131 sa\u011flar. Hareket alg\u0131lama \u00f6zelli\u011fi, park halindeki arac\u0131n\u0131z\u0131n \u00e7evresinde ya\u015fanan \u015f\u00fcpheli durumlar\u0131 kay\u0131t alt\u0131na al\u0131r. Geni\u015f g\u00f6r\u00fc\u015f a\u00e7\u0131s\u0131 sayesinde yolun b\u00fcy\u00fck bir k\u0131sm\u0131n\u0131 kapsayan net g\u00f6r\u00fcnt\u00fcler elde edilir. HDMI \u00e7\u0131k\u0131\u015f\u0131 ile kay\u0131tlar farkl\u0131 ekranlara kolayca aktar\u0131labilir. Pratik kurulumu ve kullan\u0131c\u0131 dostu men\u00fcs\u00fc ile her s\u00fcr\u00fcc\u00fc i\u00e7in rahat kullan\u0131m sunar.<\/p>\n","protected":false},"excerpt":{"rendered":"<p>Ara\u00e7 kameras\u0131, g\u00fcnd\u00fcz ve gece ko\u015fullar\u0131nda g\u00fcvenilir kay\u0131t alabilen HD DVR teknolojisi ile donat\u0131lm\u0131\u015ft\u0131r. G-Sensor sistemi, ani sars\u0131nt\u0131lar\u0131 alg\u0131layarak kritik anlar\u0131n otomatik olarak korunmas\u0131n\u0131 sa\u011flar. Hareket alg\u0131lama \u00f6zelli\u011fi, park halindeki arac\u0131n\u0131z\u0131n \u00e7evresinde ya\u015fanan \u015f\u00fcpheli durumlar\u0131 kay\u0131t alt\u0131na al\u0131r. Geni\u015f g\u00f6r\u00fc\u015f a\u00e7\u0131s\u0131 sayesinde yolun b\u00fcy\u00fck bir k\u0131sm\u0131n\u0131 kapsayan net g\u00f6r\u00fcnt\u00fcler elde edilir. HDMI \u00e7\u0131k\u0131\u015f\u0131 ile kay\u0131tlar&#8230;<\/p>\n","protected":false},"featured_media":124486,"comment_status":"open","ping_status":"closed","template":"","meta":{"_kad_post_transparent":"","_kad_post_title":"","_kad_post_layout":"","_kad_post_sidebar_id":"","_kad_post_content_style":"","_kad_post_vertical_padding":"","_kad_post_feature":"","_kad_post_feature_position":"","_kad_post_header":false,"_kad_post_footer":false,"_kad_post_classname":""},"product_brand":[],"product_cat":[15062],"product_tag":[],"class_list":{"0":"post-124487","1":"product","2":"type-product","3":"status-publish","4":"has-post-thumbnail","6":"product_cat-arac-ici-kamera-arac-ici-kamera","8":"first","9":"instock","10":"purchasable","11":"product-type-simple","12":"entry","13":"content-bg","14":"loop-entry"},"_links":{"self":[{"href":"https:\/\/www.hediyepazar.com\/index.php?rest_route=\/wp\/v2\/product\/124487","targetHints":{"allow":["GET"]}}],"collection":[{"href":"https:\/\/www.hediyepazar.com\/index.php?rest_route=\/wp\/v2\/product"}],"about":[{"href":"https:\/\/www.hediyepazar.com\/index.php?rest_route=\/wp\/v2\/types\/product"}],"replies":[{"embeddable":true,"href":"https:\/\/www.hediyepazar.com\/index.php?rest_route=%2Fwp%2Fv2%2Fcomments&post=124487"}],"wp:featuredmedia":[{"embeddable":true,"href":"https:\/\/www.hediyepazar.com\/index.php?rest_route=\/wp\/v2\/media\/124486"}],"wp:attachment":[{"href":"https:\/\/www.hediyepazar.com\/index.php?rest_route=%2Fwp%2Fv2%2Fmedia&parent=124487"}],"wp:term":[{"taxonomy":"product_brand","embeddable":true,"href":"https:\/\/www.hediyepazar.com\/index.php?rest_route=%2Fwp%2Fv2%2Fproduct_brand&post=124487"},{"taxonomy":"product_cat","embeddable":true,"href":"https:\/\/www.hediyepazar.com\/index.php?rest_route=%2Fwp%2Fv2%2Fproduct_cat&post=124487"},{"taxonomy":"product_tag","embeddable":true,"href":"https:\/\/www.hediyepazar.com\/index.php?rest_route=%2Fwp%2Fv2%2Fproduct_tag&post=124487"}],"curies":[{"name":"wp","href":"https:\/\/api.w.org\/{rel}","templated":true}]}}