{"id":124599,"date":"2026-05-06T15:58:05","date_gmt":"2026-05-06T18:58:05","guid":{"rendered":"https:\/\/www.hediyepazar.com\/?product=kirisiklik-karsiti-ultrasonik-titresimli-yuz-masaj-aleti"},"modified":"2026-05-06T15:58:05","modified_gmt":"2026-05-06T18:58:05","slug":"kirisiklik-karsiti-ultrasonik-titresimli-yuz-masaj-aleti","status":"publish","type":"product","link":"https:\/\/www.hediyepazar.com\/?product=kirisiklik-karsiti-ultrasonik-titresimli-yuz-masaj-aleti","title":{"rendered":"K\u0131r\u0131\u015f\u0131kl\u0131k Kar\u015f\u0131t\u0131 Ultrasonik Titre\u015fimli Y\u00fcz Masaj Aleti"},"content":{"rendered":"<p>Cihaz, yunus biyonik ba\u015fl\u0131k tasar\u0131m\u0131yla y\u00fcz ve boyun hatlar\u0131na tam uyum sa\u011flar. Bu \u00f6zel tasar\u0131m sayesinde al\u0131n \u00e7izgilerinden boyun b\u00f6lgesine kadar cildin farkl\u0131 noktalar\u0131nda dengeli masaj yapar. Serum ve nemlendirici gibi bak\u0131m \u00fcr\u00fcnlerinin emilimini art\u0131rarak, kulland\u0131\u011f\u0131n\u0131z \u00fcr\u00fcnlerin etkisini katlar. G\u00fcnl\u00fck sadece 5-10 dakikal\u0131k kullan\u0131m ile daha gergin ve gen\u00e7 bir cilt elde edebilirsiniz.<\/p>\n","protected":false},"excerpt":{"rendered":"<p>Cihaz, yunus biyonik ba\u015fl\u0131k tasar\u0131m\u0131yla y\u00fcz ve boyun hatlar\u0131na tam uyum sa\u011flar. Bu \u00f6zel tasar\u0131m sayesinde al\u0131n \u00e7izgilerinden boyun b\u00f6lgesine kadar cildin farkl\u0131 noktalar\u0131nda dengeli masaj yapar. Serum ve nemlendirici gibi bak\u0131m \u00fcr\u00fcnlerinin emilimini art\u0131rarak, kulland\u0131\u011f\u0131n\u0131z \u00fcr\u00fcnlerin etkisini katlar. G\u00fcnl\u00fck sadece 5-10 dakikal\u0131k kullan\u0131m ile daha gergin ve gen\u00e7 bir cilt elde edebilirsiniz.<\/p>\n","protected":false},"featured_media":124598,"comment_status":"open","ping_status":"closed","template":"","meta":{"_kad_post_transparent":"","_kad_post_title":"","_kad_post_layout":"","_kad_post_sidebar_id":"","_kad_post_content_style":"","_kad_post_vertical_padding":"","_kad_post_feature":"","_kad_post_feature_position":"","_kad_post_header":false,"_kad_post_footer":false,"_kad_post_classname":""},"product_brand":[],"product_cat":[14917],"product_tag":[],"class_list":{"0":"post-124599","1":"product","2":"type-product","3":"status-publish","4":"has-post-thumbnail","6":"product_cat-yuz-masaj-aleti-yuz-masaj-aleti","8":"first","9":"instock","10":"purchasable","11":"product-type-simple","12":"entry","13":"content-bg","14":"loop-entry"},"_links":{"self":[{"href":"https:\/\/www.hediyepazar.com\/index.php?rest_route=\/wp\/v2\/product\/124599","targetHints":{"allow":["GET"]}}],"collection":[{"href":"https:\/\/www.hediyepazar.com\/index.php?rest_route=\/wp\/v2\/product"}],"about":[{"href":"https:\/\/www.hediyepazar.com\/index.php?rest_route=\/wp\/v2\/types\/product"}],"replies":[{"embeddable":true,"href":"https:\/\/www.hediyepazar.com\/index.php?rest_route=%2Fwp%2Fv2%2Fcomments&post=124599"}],"wp:featuredmedia":[{"embeddable":true,"href":"https:\/\/www.hediyepazar.com\/index.php?rest_route=\/wp\/v2\/media\/124598"}],"wp:attachment":[{"href":"https:\/\/www.hediyepazar.com\/index.php?rest_route=%2Fwp%2Fv2%2Fmedia&parent=124599"}],"wp:term":[{"taxonomy":"product_brand","embeddable":true,"href":"https:\/\/www.hediyepazar.com\/index.php?rest_route=%2Fwp%2Fv2%2Fproduct_brand&post=124599"},{"taxonomy":"product_cat","embeddable":true,"href":"https:\/\/www.hediyepazar.com\/index.php?rest_route=%2Fwp%2Fv2%2Fproduct_cat&post=124599"},{"taxonomy":"product_tag","embeddable":true,"href":"https:\/\/www.hediyepazar.com\/index.php?rest_route=%2Fwp%2Fv2%2Fproduct_tag&post=124599"}],"curies":[{"name":"wp","href":"https:\/\/api.w.org\/{rel}","templated":true}]}}