{"id":124601,"date":"2026-05-06T15:58:10","date_gmt":"2026-05-06T18:58:10","guid":{"rendered":"https:\/\/www.hediyepazar.com\/?product=yunus-baslikli-cilt-genclestirme-ve-lifting-cihazi"},"modified":"2026-05-06T15:58:10","modified_gmt":"2026-05-06T18:58:10","slug":"yunus-baslikli-cilt-genclestirme-ve-lifting-cihazi","status":"publish","type":"product","link":"https:\/\/www.hediyepazar.com\/?product=yunus-baslikli-cilt-genclestirme-ve-lifting-cihazi","title":{"rendered":"Yunus Ba\u015fl\u0131kl\u0131 Cilt Gen\u00e7le\u015ftirme ve Lifting Cihaz\u0131"},"content":{"rendered":"<p>Y\u00fcksek kaliteli ABS malzemeden \u00fcretilmi\u015f olan bu cihaz, hijyenik, sa\u011flam ve uzun \u00f6m\u00fcrl\u00fcd\u00fcr. Hafif yap\u0131s\u0131 sayesinde elde a\u011f\u0131rl\u0131k yapmaz, sessiz motor teknolojisiyle konforlu kullan\u0131m sunar. USB \u015farj \u00f6zelli\u011fi ile her yerde kolayca \u015farj edilebilir. Seyahatlerde yan\u0131n\u0131zdan ay\u0131rmak istemeyece\u011finiz pratik bir bak\u0131m cihaz\u0131d\u0131r.<\/p>\n","protected":false},"excerpt":{"rendered":"<p>Y\u00fcksek kaliteli ABS malzemeden \u00fcretilmi\u015f olan bu cihaz, hijyenik, sa\u011flam ve uzun \u00f6m\u00fcrl\u00fcd\u00fcr. Hafif yap\u0131s\u0131 sayesinde elde a\u011f\u0131rl\u0131k yapmaz, sessiz motor teknolojisiyle konforlu kullan\u0131m sunar. USB \u015farj \u00f6zelli\u011fi ile her yerde kolayca \u015farj edilebilir. Seyahatlerde yan\u0131n\u0131zdan ay\u0131rmak istemeyece\u011finiz pratik bir bak\u0131m cihaz\u0131d\u0131r.<\/p>\n","protected":false},"featured_media":124600,"comment_status":"open","ping_status":"closed","template":"","meta":{"_kad_post_transparent":"","_kad_post_title":"","_kad_post_layout":"","_kad_post_sidebar_id":"","_kad_post_content_style":"","_kad_post_vertical_padding":"","_kad_post_feature":"","_kad_post_feature_position":"","_kad_post_header":false,"_kad_post_footer":false,"_kad_post_classname":""},"product_brand":[],"product_cat":[14917],"product_tag":[],"class_list":{"0":"post-124601","1":"product","2":"type-product","3":"status-publish","4":"has-post-thumbnail","6":"product_cat-yuz-masaj-aleti-yuz-masaj-aleti","8":"first","9":"instock","10":"purchasable","11":"product-type-simple","12":"entry","13":"content-bg","14":"loop-entry"},"_links":{"self":[{"href":"https:\/\/www.hediyepazar.com\/index.php?rest_route=\/wp\/v2\/product\/124601","targetHints":{"allow":["GET"]}}],"collection":[{"href":"https:\/\/www.hediyepazar.com\/index.php?rest_route=\/wp\/v2\/product"}],"about":[{"href":"https:\/\/www.hediyepazar.com\/index.php?rest_route=\/wp\/v2\/types\/product"}],"replies":[{"embeddable":true,"href":"https:\/\/www.hediyepazar.com\/index.php?rest_route=%2Fwp%2Fv2%2Fcomments&post=124601"}],"wp:featuredmedia":[{"embeddable":true,"href":"https:\/\/www.hediyepazar.com\/index.php?rest_route=\/wp\/v2\/media\/124600"}],"wp:attachment":[{"href":"https:\/\/www.hediyepazar.com\/index.php?rest_route=%2Fwp%2Fv2%2Fmedia&parent=124601"}],"wp:term":[{"taxonomy":"product_brand","embeddable":true,"href":"https:\/\/www.hediyepazar.com\/index.php?rest_route=%2Fwp%2Fv2%2Fproduct_brand&post=124601"},{"taxonomy":"product_cat","embeddable":true,"href":"https:\/\/www.hediyepazar.com\/index.php?rest_route=%2Fwp%2Fv2%2Fproduct_cat&post=124601"},{"taxonomy":"product_tag","embeddable":true,"href":"https:\/\/www.hediyepazar.com\/index.php?rest_route=%2Fwp%2Fv2%2Fproduct_tag&post=124601"}],"curies":[{"name":"wp","href":"https:\/\/api.w.org\/{rel}","templated":true}]}}