{"id":124609,"date":"2026-05-06T15:58:58","date_gmt":"2026-05-06T18:58:58","guid":{"rendered":"https:\/\/www.hediyepazar.com\/?product=mikro-akim-teknolojili-tasinabilir-cilt-bakim-cihazi"},"modified":"2026-05-06T15:58:58","modified_gmt":"2026-05-06T18:58:58","slug":"mikro-akim-teknolojili-tasinabilir-cilt-bakim-cihazi","status":"publish","type":"product","link":"https:\/\/www.hediyepazar.com\/?product=mikro-akim-teknolojili-tasinabilir-cilt-bakim-cihazi","title":{"rendered":"Mikro Ak\u0131m Teknolojili Ta\u015f\u0131nabilir Cilt Bak\u0131m Cihaz\u0131"},"content":{"rendered":"<p>Cilt bak\u0131m rutininize profesyonel bir destek sunan bu cihaz, y\u00fcz kaslar\u0131n\u0131 nazik\u00e7e uyararak cilt elastikiyetini art\u0131rmaya yard\u0131mc\u0131 olur. Zamanla meydana gelen sarkma ve gev\u015feme g\u00f6r\u00fcn\u00fcm\u00fcn\u00fc azaltarak daha din\u00e7 ve sa\u011fl\u0131kl\u0131 bir cilt yap\u0131s\u0131 hedeflenir. Geli\u015fmi\u015f mikro ak\u0131m teknolojisi sayesinde cildin alt katmanlar\u0131na kadar etki eder ve kolajen \u00fcretimini destekler.Farkl\u0131 cilt tiplerine uygun ayarlanabilir seviye se\u00e7enekleri sayesinde, ki\u015fisel ihtiya\u00e7lara g\u00f6re \u00f6zelle\u015ftirilebilir. Kompakt ve kablosuz tasar\u0131m\u0131yla hem evde hem de d\u0131\u015f mek\u00e2nlarda rahat kullan\u0131m sunar. Cilt temizli\u011fini desteklerken, kullan\u0131lan bak\u0131m \u00fcr\u00fcnlerinin emilimini art\u0131rarak daha etkili sonu\u00e7lar al\u0131nmas\u0131na katk\u0131 sa\u011flar.Estetik merkezine gitmeye gerek kalmadan, g\u00fcnl\u00fck bak\u0131m rutininizi desteklemek ve cilt g\u00f6r\u00fcn\u00fcm\u00fcn\u00fc yenilemek isteyenler i\u00e7in pratik ve i\u015flevsel bir \u00e7\u00f6z\u00fcmd\u00fcr.<\/p>\n","protected":false},"excerpt":{"rendered":"<p>Cilt bak\u0131m rutininize profesyonel bir destek sunan bu cihaz, y\u00fcz kaslar\u0131n\u0131 nazik\u00e7e uyararak cilt elastikiyetini art\u0131rmaya yard\u0131mc\u0131 olur. Zamanla meydana gelen sarkma ve gev\u015feme g\u00f6r\u00fcn\u00fcm\u00fcn\u00fc azaltarak daha din\u00e7 ve sa\u011fl\u0131kl\u0131 bir cilt yap\u0131s\u0131 hedeflenir. Geli\u015fmi\u015f mikro ak\u0131m teknolojisi sayesinde cildin alt katmanlar\u0131na kadar etki eder ve kolajen \u00fcretimini destekler.Farkl\u0131 cilt tiplerine uygun ayarlanabilir seviye se\u00e7enekleri&#8230;<\/p>\n","protected":false},"featured_media":124608,"comment_status":"open","ping_status":"closed","template":"","meta":{"_kad_post_transparent":"","_kad_post_title":"","_kad_post_layout":"","_kad_post_sidebar_id":"","_kad_post_content_style":"","_kad_post_vertical_padding":"","_kad_post_feature":"","_kad_post_feature_position":"","_kad_post_header":false,"_kad_post_footer":false,"_kad_post_classname":""},"product_brand":[],"product_cat":[14917],"product_tag":[],"class_list":{"0":"post-124609","1":"product","2":"type-product","3":"status-publish","4":"has-post-thumbnail","6":"product_cat-yuz-masaj-aleti-yuz-masaj-aleti","8":"first","9":"instock","10":"purchasable","11":"product-type-simple","12":"entry","13":"content-bg","14":"loop-entry"},"_links":{"self":[{"href":"https:\/\/www.hediyepazar.com\/index.php?rest_route=\/wp\/v2\/product\/124609","targetHints":{"allow":["GET"]}}],"collection":[{"href":"https:\/\/www.hediyepazar.com\/index.php?rest_route=\/wp\/v2\/product"}],"about":[{"href":"https:\/\/www.hediyepazar.com\/index.php?rest_route=\/wp\/v2\/types\/product"}],"replies":[{"embeddable":true,"href":"https:\/\/www.hediyepazar.com\/index.php?rest_route=%2Fwp%2Fv2%2Fcomments&post=124609"}],"wp:featuredmedia":[{"embeddable":true,"href":"https:\/\/www.hediyepazar.com\/index.php?rest_route=\/wp\/v2\/media\/124608"}],"wp:attachment":[{"href":"https:\/\/www.hediyepazar.com\/index.php?rest_route=%2Fwp%2Fv2%2Fmedia&parent=124609"}],"wp:term":[{"taxonomy":"product_brand","embeddable":true,"href":"https:\/\/www.hediyepazar.com\/index.php?rest_route=%2Fwp%2Fv2%2Fproduct_brand&post=124609"},{"taxonomy":"product_cat","embeddable":true,"href":"https:\/\/www.hediyepazar.com\/index.php?rest_route=%2Fwp%2Fv2%2Fproduct_cat&post=124609"},{"taxonomy":"product_tag","embeddable":true,"href":"https:\/\/www.hediyepazar.com\/index.php?rest_route=%2Fwp%2Fv2%2Fproduct_tag&post=124609"}],"curies":[{"name":"wp","href":"https:\/\/api.w.org\/{rel}","templated":true}]}}