{"id":124629,"date":"2026-05-06T16:01:10","date_gmt":"2026-05-06T19:01:10","guid":{"rendered":"https:\/\/www.hediyepazar.com\/?product=led-isikli-profesyonel-dis-beyazlatma-seti"},"modified":"2026-05-06T16:01:10","modified_gmt":"2026-05-06T19:01:10","slug":"led-isikli-profesyonel-dis-beyazlatma-seti","status":"publish","type":"product","link":"https:\/\/www.hediyepazar.com\/?product=led-isikli-profesyonel-dis-beyazlatma-seti","title":{"rendered":"LED I\u015f\u0131kl\u0131 Profesyonel Di\u015f Beyazlatma Seti"},"content":{"rendered":"<p>LED \u0131\u015f\u0131kl\u0131 profesyonel di\u015f beyazlatma seti, yaln\u0131zca 20 dakikada g\u00f6zle g\u00f6r\u00fcl\u00fcr sonu\u00e7 sunar. Kahve, \u00e7ay, sigara ve yiyeceklerden kaynaklanan lekeleri hedef alarak di\u015flerinizin do\u011fal beyazl\u0131\u011f\u0131n\u0131 geri kazanman\u0131za yard\u0131mc\u0131 olur. Set i\u00e7erisinde bulunan beyazlatma kalemleri, di\u015f minesine zarar vermeden etkili bir sonu\u00e7 sunar. Kullan\u0131m\u0131 son derece kolayd\u0131r; di\u015flerinizi f\u0131r\u00e7alad\u0131ktan sonra kalemi uygulay\u0131n, ard\u0131ndan cihaz\u0131 20 dakika boyunca a\u011fz\u0131n\u0131zda bekletin. D\u00fczenli kullan\u0131mda beyazl\u0131\u011f\u0131n kal\u0131c\u0131l\u0131\u011f\u0131 artar. Kompakt yap\u0131s\u0131 sayesinde seyahatlerde de yan\u0131n\u0131zda ta\u015f\u0131yabilir, her ortamda profesyonel beyazlatma deneyimi ya\u015fayabilirsiniz.<\/p>\n","protected":false},"excerpt":{"rendered":"<p>LED \u0131\u015f\u0131kl\u0131 profesyonel di\u015f beyazlatma seti, yaln\u0131zca 20 dakikada g\u00f6zle g\u00f6r\u00fcl\u00fcr sonu\u00e7 sunar. Kahve, \u00e7ay, sigara ve yiyeceklerden kaynaklanan lekeleri hedef alarak di\u015flerinizin do\u011fal beyazl\u0131\u011f\u0131n\u0131 geri kazanman\u0131za yard\u0131mc\u0131 olur. Set i\u00e7erisinde bulunan beyazlatma kalemleri, di\u015f minesine zarar vermeden etkili bir sonu\u00e7 sunar. Kullan\u0131m\u0131 son derece kolayd\u0131r; di\u015flerinizi f\u0131r\u00e7alad\u0131ktan sonra kalemi uygulay\u0131n, ard\u0131ndan cihaz\u0131 20 dakika&#8230;<\/p>\n","protected":false},"featured_media":124628,"comment_status":"open","ping_status":"closed","template":"","meta":{"_kad_post_transparent":"","_kad_post_title":"","_kad_post_layout":"","_kad_post_sidebar_id":"","_kad_post_content_style":"","_kad_post_vertical_padding":"","_kad_post_feature":"","_kad_post_feature_position":"","_kad_post_header":false,"_kad_post_footer":false,"_kad_post_classname":""},"product_brand":[],"product_cat":[15070],"product_tag":[],"class_list":{"0":"post-124629","1":"product","2":"type-product","3":"status-publish","4":"has-post-thumbnail","6":"product_cat-dis-beyazlatma-cihazi-dis-beyazlatma-cihazi","8":"first","9":"instock","10":"purchasable","11":"product-type-simple","12":"entry","13":"content-bg","14":"loop-entry"},"_links":{"self":[{"href":"https:\/\/www.hediyepazar.com\/index.php?rest_route=\/wp\/v2\/product\/124629","targetHints":{"allow":["GET"]}}],"collection":[{"href":"https:\/\/www.hediyepazar.com\/index.php?rest_route=\/wp\/v2\/product"}],"about":[{"href":"https:\/\/www.hediyepazar.com\/index.php?rest_route=\/wp\/v2\/types\/product"}],"replies":[{"embeddable":true,"href":"https:\/\/www.hediyepazar.com\/index.php?rest_route=%2Fwp%2Fv2%2Fcomments&post=124629"}],"wp:featuredmedia":[{"embeddable":true,"href":"https:\/\/www.hediyepazar.com\/index.php?rest_route=\/wp\/v2\/media\/124628"}],"wp:attachment":[{"href":"https:\/\/www.hediyepazar.com\/index.php?rest_route=%2Fwp%2Fv2%2Fmedia&parent=124629"}],"wp:term":[{"taxonomy":"product_brand","embeddable":true,"href":"https:\/\/www.hediyepazar.com\/index.php?rest_route=%2Fwp%2Fv2%2Fproduct_brand&post=124629"},{"taxonomy":"product_cat","embeddable":true,"href":"https:\/\/www.hediyepazar.com\/index.php?rest_route=%2Fwp%2Fv2%2Fproduct_cat&post=124629"},{"taxonomy":"product_tag","embeddable":true,"href":"https:\/\/www.hediyepazar.com\/index.php?rest_route=%2Fwp%2Fv2%2Fproduct_tag&post=124629"}],"curies":[{"name":"wp","href":"https:\/\/api.w.org\/{rel}","templated":true}]}}