{"id":124661,"date":"2026-05-06T16:07:08","date_gmt":"2026-05-06T19:07:08","guid":{"rendered":"https:\/\/www.hediyepazar.com\/?product=led-ekranli-akilli-hava-kompresoru-hassas-basinc-kontrolu"},"modified":"2026-05-06T16:07:08","modified_gmt":"2026-05-06T19:07:08","slug":"led-ekranli-akilli-hava-kompresoru-hassas-basinc-kontrolu","status":"publish","type":"product","link":"https:\/\/www.hediyepazar.com\/?product=led-ekranli-akilli-hava-kompresoru-hassas-basinc-kontrolu","title":{"rendered":"LED Ekranl\u0131 Ak\u0131ll\u0131 Hava Kompres\u00f6r\u00fc Hassas Bas\u0131n\u00e7 Kontrol\u00fc"},"content":{"rendered":"<p>LED Ekranl\u0131 Ak\u0131ll\u0131 Hava Kompres\u00f6r\u00fc, hassas \u00f6l\u00e7\u00fcm kabiliyeti ve kullan\u0131c\u0131 dostu tasar\u0131m\u0131yla \u00f6ne \u00e7\u0131kar. Net LED ekran\u0131 sayesinde bas\u0131n\u00e7 de\u011ferleri kolayca takip edilir. Otomatik durma \u00f6zelli\u011fi sayesinde \u015fi\u015firme i\u015flemi g\u00fcvenle tamamlan\u0131r.Kompakt boyutu sayesinde ta\u015f\u0131nabilirlik avantaj\u0131 sunar. Ara\u00e7 bagaj\u0131nda minimum yer kaplar. Farkl\u0131 ekipmanlarla uyumlu olmas\u0131, \u00fcr\u00fcn\u00fc \u00e7ok y\u00f6nl\u00fc hale getirir.G\u00fc\u00e7l\u00fc motoru sayesinde k\u0131sa s\u00fcrede etkili sonu\u00e7 alman\u0131z\u0131 sa\u011flar. Dayan\u0131kl\u0131 d\u0131\u015f y\u00fczeyi uzun s\u00fcreli kullan\u0131m i\u00e7in tasarlanm\u0131\u015ft\u0131r. Ergonomik tu\u015f yap\u0131s\u0131 kolay kontrol sa\u011flar.Hem ev hem de ara\u00e7 kullan\u0131m\u0131 i\u00e7in ideal bir yard\u0131mc\u0131d\u0131r. G\u00fcvenli s\u00fcr\u00fc\u015f ve d\u00fczenli lastik bak\u0131m\u0131 i\u00e7in etkili bir \u00e7\u00f6z\u00fcmd\u00fcr.<\/p>\n","protected":false},"excerpt":{"rendered":"<p>LED Ekranl\u0131 Ak\u0131ll\u0131 Hava Kompres\u00f6r\u00fc, hassas \u00f6l\u00e7\u00fcm kabiliyeti ve kullan\u0131c\u0131 dostu tasar\u0131m\u0131yla \u00f6ne \u00e7\u0131kar. Net LED ekran\u0131 sayesinde bas\u0131n\u00e7 de\u011ferleri kolayca takip edilir. Otomatik durma \u00f6zelli\u011fi sayesinde \u015fi\u015firme i\u015flemi g\u00fcvenle tamamlan\u0131r.Kompakt boyutu sayesinde ta\u015f\u0131nabilirlik avantaj\u0131 sunar. Ara\u00e7 bagaj\u0131nda minimum yer kaplar. Farkl\u0131 ekipmanlarla uyumlu olmas\u0131, \u00fcr\u00fcn\u00fc \u00e7ok y\u00f6nl\u00fc hale getirir.G\u00fc\u00e7l\u00fc motoru sayesinde k\u0131sa s\u00fcrede etkili&#8230;<\/p>\n","protected":false},"featured_media":124660,"comment_status":"open","ping_status":"closed","template":"","meta":{"_kad_post_transparent":"","_kad_post_title":"","_kad_post_layout":"","_kad_post_sidebar_id":"","_kad_post_content_style":"","_kad_post_vertical_padding":"","_kad_post_feature":"","_kad_post_feature_position":"","_kad_post_header":false,"_kad_post_footer":false,"_kad_post_classname":""},"product_brand":[],"product_cat":[15053],"product_tag":[],"class_list":{"0":"post-124661","1":"product","2":"type-product","3":"status-publish","4":"has-post-thumbnail","6":"product_cat-oto-bakim-seti-oto-bakim-seti-2","8":"first","9":"instock","10":"purchasable","11":"product-type-simple","12":"entry","13":"content-bg","14":"loop-entry"},"_links":{"self":[{"href":"https:\/\/www.hediyepazar.com\/index.php?rest_route=\/wp\/v2\/product\/124661","targetHints":{"allow":["GET"]}}],"collection":[{"href":"https:\/\/www.hediyepazar.com\/index.php?rest_route=\/wp\/v2\/product"}],"about":[{"href":"https:\/\/www.hediyepazar.com\/index.php?rest_route=\/wp\/v2\/types\/product"}],"replies":[{"embeddable":true,"href":"https:\/\/www.hediyepazar.com\/index.php?rest_route=%2Fwp%2Fv2%2Fcomments&post=124661"}],"wp:featuredmedia":[{"embeddable":true,"href":"https:\/\/www.hediyepazar.com\/index.php?rest_route=\/wp\/v2\/media\/124660"}],"wp:attachment":[{"href":"https:\/\/www.hediyepazar.com\/index.php?rest_route=%2Fwp%2Fv2%2Fmedia&parent=124661"}],"wp:term":[{"taxonomy":"product_brand","embeddable":true,"href":"https:\/\/www.hediyepazar.com\/index.php?rest_route=%2Fwp%2Fv2%2Fproduct_brand&post=124661"},{"taxonomy":"product_cat","embeddable":true,"href":"https:\/\/www.hediyepazar.com\/index.php?rest_route=%2Fwp%2Fv2%2Fproduct_cat&post=124661"},{"taxonomy":"product_tag","embeddable":true,"href":"https:\/\/www.hediyepazar.com\/index.php?rest_route=%2Fwp%2Fv2%2Fproduct_tag&post=124661"}],"curies":[{"name":"wp","href":"https:\/\/api.w.org\/{rel}","templated":true}]}}