{"id":124663,"date":"2026-05-06T16:07:13","date_gmt":"2026-05-06T19:07:13","guid":{"rendered":"https:\/\/www.hediyepazar.com\/?product=otomatik-duran-dijital-hava-pompasi-kompakt-ve-tasinabilir-tasarim"},"modified":"2026-05-06T16:07:13","modified_gmt":"2026-05-06T19:07:13","slug":"otomatik-duran-dijital-hava-pompasi-kompakt-ve-tasinabilir-tasarim","status":"publish","type":"product","link":"https:\/\/www.hediyepazar.com\/?product=otomatik-duran-dijital-hava-pompasi-kompakt-ve-tasinabilir-tasarim","title":{"rendered":"Otomatik Duran Dijital Hava Pompas\u0131 Kompakt ve Ta\u015f\u0131nabilir Tasar\u0131m"},"content":{"rendered":"<p>Otomatik Duran Dijital Hava Pompas\u0131, modern teknolojisiyle kullan\u0131c\u0131ya maksimum kontrol ve g\u00fcvenlik sa\u011flar. Ayarlanabilir bas\u0131n\u00e7 seviyesi sayesinde istenilen de\u011fere ula\u015f\u0131ld\u0131\u011f\u0131nda otomatik olarak durur. Bu \u00f6zellik lastiklerin \u00f6mr\u00fcn\u00fc uzat\u0131rken kullan\u0131c\u0131 hatalar\u0131n\u0131 en aza indirir.Ta\u015f\u0131nabilir ve kompakt tasar\u0131m\u0131 sayesinde her ortamda rahatl\u0131kla kullan\u0131labilir. Ara\u00e7 i\u00e7inde saklamaya uygundur ve acil durumlarda h\u0131zl\u0131 \u00e7\u00f6z\u00fcm sunar. Dijital ekran\u0131 bas\u0131n\u00e7 de\u011ferlerini anl\u0131k olarak g\u00f6stererek net ve do\u011fru bilgi sa\u011flar.\u00c7ok ama\u00e7l\u0131 kullan\u0131m deste\u011fi sayesinde sadece ara\u00e7 lastikleriyle s\u0131n\u0131rl\u0131 kalmaz; bisiklet, top ve \u015fi\u015fme \u00fcr\u00fcnlerde de g\u00fcvenle kullan\u0131labilir. Sa\u011flam g\u00f6vde yap\u0131s\u0131 darbeye kar\u015f\u0131 dayan\u0131kl\u0131d\u0131r.Pratik kullan\u0131m\u0131, sessiz \u00e7al\u0131\u015fmas\u0131 ve g\u00fcvenli yap\u0131s\u0131yla g\u00fcnl\u00fck hayat\u0131n vazge\u00e7ilmez yard\u0131mc\u0131lar\u0131ndan biri olmaya adayd\u0131r.<\/p>\n","protected":false},"excerpt":{"rendered":"<p>Otomatik Duran Dijital Hava Pompas\u0131, modern teknolojisiyle kullan\u0131c\u0131ya maksimum kontrol ve g\u00fcvenlik sa\u011flar. Ayarlanabilir bas\u0131n\u00e7 seviyesi sayesinde istenilen de\u011fere ula\u015f\u0131ld\u0131\u011f\u0131nda otomatik olarak durur. Bu \u00f6zellik lastiklerin \u00f6mr\u00fcn\u00fc uzat\u0131rken kullan\u0131c\u0131 hatalar\u0131n\u0131 en aza indirir.Ta\u015f\u0131nabilir ve kompakt tasar\u0131m\u0131 sayesinde her ortamda rahatl\u0131kla kullan\u0131labilir. Ara\u00e7 i\u00e7inde saklamaya uygundur ve acil durumlarda h\u0131zl\u0131 \u00e7\u00f6z\u00fcm sunar. Dijital ekran\u0131 bas\u0131n\u00e7 de\u011ferlerini&#8230;<\/p>\n","protected":false},"featured_media":124662,"comment_status":"open","ping_status":"closed","template":"","meta":{"_kad_post_transparent":"","_kad_post_title":"","_kad_post_layout":"","_kad_post_sidebar_id":"","_kad_post_content_style":"","_kad_post_vertical_padding":"","_kad_post_feature":"","_kad_post_feature_position":"","_kad_post_header":false,"_kad_post_footer":false,"_kad_post_classname":""},"product_brand":[],"product_cat":[15053],"product_tag":[],"class_list":{"0":"post-124663","1":"product","2":"type-product","3":"status-publish","4":"has-post-thumbnail","6":"product_cat-oto-bakim-seti-oto-bakim-seti-2","8":"first","9":"instock","10":"purchasable","11":"product-type-simple","12":"entry","13":"content-bg","14":"loop-entry"},"_links":{"self":[{"href":"https:\/\/www.hediyepazar.com\/index.php?rest_route=\/wp\/v2\/product\/124663","targetHints":{"allow":["GET"]}}],"collection":[{"href":"https:\/\/www.hediyepazar.com\/index.php?rest_route=\/wp\/v2\/product"}],"about":[{"href":"https:\/\/www.hediyepazar.com\/index.php?rest_route=\/wp\/v2\/types\/product"}],"replies":[{"embeddable":true,"href":"https:\/\/www.hediyepazar.com\/index.php?rest_route=%2Fwp%2Fv2%2Fcomments&post=124663"}],"wp:featuredmedia":[{"embeddable":true,"href":"https:\/\/www.hediyepazar.com\/index.php?rest_route=\/wp\/v2\/media\/124662"}],"wp:attachment":[{"href":"https:\/\/www.hediyepazar.com\/index.php?rest_route=%2Fwp%2Fv2%2Fmedia&parent=124663"}],"wp:term":[{"taxonomy":"product_brand","embeddable":true,"href":"https:\/\/www.hediyepazar.com\/index.php?rest_route=%2Fwp%2Fv2%2Fproduct_brand&post=124663"},{"taxonomy":"product_cat","embeddable":true,"href":"https:\/\/www.hediyepazar.com\/index.php?rest_route=%2Fwp%2Fv2%2Fproduct_cat&post=124663"},{"taxonomy":"product_tag","embeddable":true,"href":"https:\/\/www.hediyepazar.com\/index.php?rest_route=%2Fwp%2Fv2%2Fproduct_tag&post=124663"}],"curies":[{"name":"wp","href":"https:\/\/api.w.org\/{rel}","templated":true}]}}