{"id":124668,"date":"2026-05-06T16:07:49","date_gmt":"2026-05-06T19:07:49","guid":{"rendered":"https:\/\/www.hediyepazar.com\/?product=tasinabilir-aku-takviye-ve-akilli-lastik-sisirme-pompasi"},"modified":"2026-05-06T16:07:49","modified_gmt":"2026-05-06T19:07:49","slug":"tasinabilir-aku-takviye-ve-akilli-lastik-sisirme-pompasi","status":"publish","type":"product","link":"https:\/\/www.hediyepazar.com\/?product=tasinabilir-aku-takviye-ve-akilli-lastik-sisirme-pompasi","title":{"rendered":"Ta\u015f\u0131nabilir Ak\u00fc Takviye ve Ak\u0131ll\u0131 Lastik \u015ei\u015firme Pompas\u0131"},"content":{"rendered":"<p>Yolda kalma riskine kar\u015f\u0131 haz\u0131rl\u0131kl\u0131 olmak isteyen s\u00fcr\u00fcc\u00fcler i\u00e7in geli\u015ftirilen bu ta\u015f\u0131nabilir cihaz, \u00e7ok y\u00f6nl\u00fc fonksiyonlar\u0131 ile \u00f6ne \u00e7\u0131kar. Ak\u00fc takviye \u00f6zelli\u011fi sayesinde ak\u00fcs\u00fc biten ara\u00e7lar k\u0131sa s\u00fcrede \u00e7al\u0131\u015ft\u0131r\u0131labilirken, dijital hava kompres\u00f6r\u00fc lastik \u015fi\u015firme i\u015flemlerini h\u0131zl\u0131 ve g\u00fcvenli hale getirir.150 PSI bas\u0131n\u00e7 kapasitesine sahip kompres\u00f6r, otomobil, motosiklet ve bisiklet lastikleriyle uyumludur. Ayr\u0131ca top ve \u015fi\u015fme \u00fcr\u00fcnler i\u00e7in de kullan\u0131labilir. Dijital ekrandan bas\u0131n\u00e7 de\u011feri ayarlanarak otomatik durma fonksiyonu ile g\u00fcvenli kullan\u0131m sa\u011flan\u0131r.LED ayd\u0131nlatma sistemi, gece kullan\u0131mlar\u0131nda ve acil durumlarda s\u00fcr\u00fcc\u00fcye ekstra g\u00fcvenlik sunar. Powerbank \u00f6zelli\u011fi ise telefon ve di\u011fer elektronik cihazlar\u0131n \u015farj edilmesine imk\u00e2n tan\u0131r. Kompakt ve ta\u015f\u0131nabilir yap\u0131s\u0131 sayesinde ara\u00e7ta fazla yer kaplamaz.Bu \u00fcr\u00fcn, g\u00fcnl\u00fck kullan\u0131m\u0131n yan\u0131 s\u0131ra uzun yolculuklar ve kamp gibi aktiviteler i\u00e7in de ideal bir yol yard\u0131m ekipman\u0131d\u0131r.<\/p>\n","protected":false},"excerpt":{"rendered":"<p>Yolda kalma riskine kar\u015f\u0131 haz\u0131rl\u0131kl\u0131 olmak isteyen s\u00fcr\u00fcc\u00fcler i\u00e7in geli\u015ftirilen bu ta\u015f\u0131nabilir cihaz, \u00e7ok y\u00f6nl\u00fc fonksiyonlar\u0131 ile \u00f6ne \u00e7\u0131kar. Ak\u00fc takviye \u00f6zelli\u011fi sayesinde ak\u00fcs\u00fc biten ara\u00e7lar k\u0131sa s\u00fcrede \u00e7al\u0131\u015ft\u0131r\u0131labilirken, dijital hava kompres\u00f6r\u00fc lastik \u015fi\u015firme i\u015flemlerini h\u0131zl\u0131 ve g\u00fcvenli hale getirir.150 PSI bas\u0131n\u00e7 kapasitesine sahip kompres\u00f6r, otomobil, motosiklet ve bisiklet lastikleriyle uyumludur. Ayr\u0131ca top ve \u015fi\u015fme&#8230;<\/p>\n","protected":false},"featured_media":0,"comment_status":"open","ping_status":"closed","template":"","meta":{"_kad_post_transparent":"","_kad_post_title":"","_kad_post_layout":"","_kad_post_sidebar_id":"","_kad_post_content_style":"","_kad_post_vertical_padding":"","_kad_post_feature":"","_kad_post_feature_position":"","_kad_post_header":false,"_kad_post_footer":false,"_kad_post_classname":""},"product_brand":[],"product_cat":[15053],"product_tag":[],"class_list":{"0":"post-124668","1":"product","2":"type-product","3":"status-publish","5":"product_cat-oto-bakim-seti-oto-bakim-seti-2","7":"first","8":"instock","9":"purchasable","10":"product-type-simple","11":"entry","12":"content-bg","13":"loop-entry"},"_links":{"self":[{"href":"https:\/\/www.hediyepazar.com\/index.php?rest_route=\/wp\/v2\/product\/124668","targetHints":{"allow":["GET"]}}],"collection":[{"href":"https:\/\/www.hediyepazar.com\/index.php?rest_route=\/wp\/v2\/product"}],"about":[{"href":"https:\/\/www.hediyepazar.com\/index.php?rest_route=\/wp\/v2\/types\/product"}],"replies":[{"embeddable":true,"href":"https:\/\/www.hediyepazar.com\/index.php?rest_route=%2Fwp%2Fv2%2Fcomments&post=124668"}],"wp:attachment":[{"href":"https:\/\/www.hediyepazar.com\/index.php?rest_route=%2Fwp%2Fv2%2Fmedia&parent=124668"}],"wp:term":[{"taxonomy":"product_brand","embeddable":true,"href":"https:\/\/www.hediyepazar.com\/index.php?rest_route=%2Fwp%2Fv2%2Fproduct_brand&post=124668"},{"taxonomy":"product_cat","embeddable":true,"href":"https:\/\/www.hediyepazar.com\/index.php?rest_route=%2Fwp%2Fv2%2Fproduct_cat&post=124668"},{"taxonomy":"product_tag","embeddable":true,"href":"https:\/\/www.hediyepazar.com\/index.php?rest_route=%2Fwp%2Fv2%2Fproduct_tag&post=124668"}],"curies":[{"name":"wp","href":"https:\/\/api.w.org\/{rel}","templated":true}]}}