{"id":124776,"date":"2026-05-06T16:21:00","date_gmt":"2026-05-06T19:21:00","guid":{"rendered":"https:\/\/www.hediyepazar.com\/?product=tasinabilir-yuz-epilatoru-puruzsuz-ve-konforlu-epilasyon"},"modified":"2026-05-06T16:21:00","modified_gmt":"2026-05-06T19:21:00","slug":"tasinabilir-yuz-epilatoru-puruzsuz-ve-konforlu-epilasyon","status":"publish","type":"product","link":"https:\/\/www.hediyepazar.com\/?product=tasinabilir-yuz-epilatoru-puruzsuz-ve-konforlu-epilasyon","title":{"rendered":"Ta\u015f\u0131nabilir Y\u00fcz Epilat\u00f6r\u00fc P\u00fcr\u00fczs\u00fcz ve Konforlu Epilasyon"},"content":{"rendered":"<p>Bu LED \u0131\u015f\u0131kl\u0131 y\u00fcz epilasyon aleti, modern tasar\u0131m\u0131 ve cilt dostu yap\u0131s\u0131yla y\u00fcz b\u00f6lgesinde hassas epilasyon sa\u011flar. \u0130nce t\u00fcyleri hedef alarak cilde zarar vermeden etkili sonu\u00e7lar sunar.LED beyaz \u0131\u015f\u0131k, g\u00f6zle g\u00f6r\u00fclmesi zor t\u00fcyleri net \u015fekilde ortaya \u00e7\u0131kararak e\u015fit bir epilasyon yap\u0131lmas\u0131na yard\u0131mc\u0131 olur. A\u011fr\u0131s\u0131z ve \u00e7ekme yapmayan sistem, konforlu bir bak\u0131m deneyimi sunar.Kompakt ve kapakl\u0131 tasar\u0131m\u0131 sayesinde hijyenik kullan\u0131m sa\u011flar. Hafif g\u00f6vdesi ile uzun s\u00fcre elde tutulabilir ve kolay ta\u015f\u0131n\u0131r.G\u00fcnl\u00fck bak\u0131m\u0131na \u00f6nem veren kullan\u0131c\u0131lar i\u00e7in pratik ve g\u00fcvenilir bir \u00e7\u00f6z\u00fcmd\u00fcr.<\/p>\n","protected":false},"excerpt":{"rendered":"<p>Bu LED \u0131\u015f\u0131kl\u0131 y\u00fcz epilasyon aleti, modern tasar\u0131m\u0131 ve cilt dostu yap\u0131s\u0131yla y\u00fcz b\u00f6lgesinde hassas epilasyon sa\u011flar. \u0130nce t\u00fcyleri hedef alarak cilde zarar vermeden etkili sonu\u00e7lar sunar.LED beyaz \u0131\u015f\u0131k, g\u00f6zle g\u00f6r\u00fclmesi zor t\u00fcyleri net \u015fekilde ortaya \u00e7\u0131kararak e\u015fit bir epilasyon yap\u0131lmas\u0131na yard\u0131mc\u0131 olur. A\u011fr\u0131s\u0131z ve \u00e7ekme yapmayan sistem, konforlu bir bak\u0131m deneyimi sunar.Kompakt ve kapakl\u0131&#8230;<\/p>\n","protected":false},"featured_media":124775,"comment_status":"open","ping_status":"closed","template":"","meta":{"_kad_post_transparent":"","_kad_post_title":"","_kad_post_layout":"","_kad_post_sidebar_id":"","_kad_post_content_style":"","_kad_post_vertical_padding":"","_kad_post_feature":"","_kad_post_feature_position":"","_kad_post_header":false,"_kad_post_footer":false,"_kad_post_classname":""},"product_brand":[],"product_cat":[14919],"product_tag":[],"class_list":{"0":"post-124776","1":"product","2":"type-product","3":"status-publish","4":"has-post-thumbnail","6":"product_cat-epilator-epilator","8":"first","9":"instock","10":"purchasable","11":"product-type-simple","12":"entry","13":"content-bg","14":"loop-entry"},"_links":{"self":[{"href":"https:\/\/www.hediyepazar.com\/index.php?rest_route=\/wp\/v2\/product\/124776","targetHints":{"allow":["GET"]}}],"collection":[{"href":"https:\/\/www.hediyepazar.com\/index.php?rest_route=\/wp\/v2\/product"}],"about":[{"href":"https:\/\/www.hediyepazar.com\/index.php?rest_route=\/wp\/v2\/types\/product"}],"replies":[{"embeddable":true,"href":"https:\/\/www.hediyepazar.com\/index.php?rest_route=%2Fwp%2Fv2%2Fcomments&post=124776"}],"wp:featuredmedia":[{"embeddable":true,"href":"https:\/\/www.hediyepazar.com\/index.php?rest_route=\/wp\/v2\/media\/124775"}],"wp:attachment":[{"href":"https:\/\/www.hediyepazar.com\/index.php?rest_route=%2Fwp%2Fv2%2Fmedia&parent=124776"}],"wp:term":[{"taxonomy":"product_brand","embeddable":true,"href":"https:\/\/www.hediyepazar.com\/index.php?rest_route=%2Fwp%2Fv2%2Fproduct_brand&post=124776"},{"taxonomy":"product_cat","embeddable":true,"href":"https:\/\/www.hediyepazar.com\/index.php?rest_route=%2Fwp%2Fv2%2Fproduct_cat&post=124776"},{"taxonomy":"product_tag","embeddable":true,"href":"https:\/\/www.hediyepazar.com\/index.php?rest_route=%2Fwp%2Fv2%2Fproduct_tag&post=124776"}],"curies":[{"name":"wp","href":"https:\/\/api.w.org\/{rel}","templated":true}]}}