{"id":124782,"date":"2026-05-06T16:21:18","date_gmt":"2026-05-06T19:21:18","guid":{"rendered":"https:\/\/www.hediyepazar.com\/?product=bluetooth-baglantili-karaoke-ve-yayin-ses-kontrol-unitesi"},"modified":"2026-05-06T16:21:18","modified_gmt":"2026-05-06T19:21:18","slug":"bluetooth-baglantili-karaoke-ve-yayin-ses-kontrol-unitesi","status":"publish","type":"product","link":"https:\/\/www.hediyepazar.com\/?product=bluetooth-baglantili-karaoke-ve-yayin-ses-kontrol-unitesi","title":{"rendered":"Bluetooth Ba\u011flant\u0131l\u0131 Karaoke ve Yay\u0131n Ses Kontrol \u00dcnitesi"},"content":{"rendered":"<p>Profesyonel canl\u0131 yay\u0131n ses kart\u0131, sosyal medya yay\u0131nlar\u0131, karaoke, podcast ve online i\u00e7erik \u00fcretimi i\u00e7in kapsaml\u0131 bir ses \u00e7\u00f6z\u00fcm\u00fc sunar. Kompakt yap\u0131s\u0131, g\u00fc\u00e7l\u00fc \u00f6zellikleri ve pratik kullan\u0131m\u0131 ile \u00f6ne \u00e7\u0131kar.Haz\u0131r efektler, g\u00fcr\u00fclt\u00fc engelleme ve gecikmesiz monit\u00f6rleme gibi \u00f6zellikler, yay\u0131n kalitesini do\u011frudan art\u0131r\u0131r. Bluetooth ve USB uyumlulu\u011fu sayesinde geni\u015f kullan\u0131m alan\u0131 sunar.Yay\u0131nlar\u0131n\u0131 daha profesyonel, daha net ve daha e\u011flenceli hale getirmek isteyen herkes i\u00e7in ideal bir ses kart\u0131d\u0131r.<\/p>\n","protected":false},"excerpt":{"rendered":"<p>Profesyonel canl\u0131 yay\u0131n ses kart\u0131, sosyal medya yay\u0131nlar\u0131, karaoke, podcast ve online i\u00e7erik \u00fcretimi i\u00e7in kapsaml\u0131 bir ses \u00e7\u00f6z\u00fcm\u00fc sunar. Kompakt yap\u0131s\u0131, g\u00fc\u00e7l\u00fc \u00f6zellikleri ve pratik kullan\u0131m\u0131 ile \u00f6ne \u00e7\u0131kar.Haz\u0131r efektler, g\u00fcr\u00fclt\u00fc engelleme ve gecikmesiz monit\u00f6rleme gibi \u00f6zellikler, yay\u0131n kalitesini do\u011frudan art\u0131r\u0131r. Bluetooth ve USB uyumlulu\u011fu sayesinde geni\u015f kullan\u0131m alan\u0131 sunar.Yay\u0131nlar\u0131n\u0131 daha profesyonel, daha net&#8230;<\/p>\n","protected":false},"featured_media":124781,"comment_status":"open","ping_status":"closed","template":"","meta":{"_kad_post_transparent":"","_kad_post_title":"","_kad_post_layout":"","_kad_post_sidebar_id":"","_kad_post_content_style":"","_kad_post_vertical_padding":"","_kad_post_feature":"","_kad_post_feature_position":"","_kad_post_header":false,"_kad_post_footer":false,"_kad_post_classname":""},"product_brand":[],"product_cat":[14929],"product_tag":[],"class_list":{"0":"post-124782","1":"product","2":"type-product","3":"status-publish","4":"has-post-thumbnail","6":"product_cat-muzik-sistemi-muzik-sistemi","8":"first","9":"instock","10":"purchasable","11":"product-type-simple","12":"entry","13":"content-bg","14":"loop-entry"},"_links":{"self":[{"href":"https:\/\/www.hediyepazar.com\/index.php?rest_route=\/wp\/v2\/product\/124782","targetHints":{"allow":["GET"]}}],"collection":[{"href":"https:\/\/www.hediyepazar.com\/index.php?rest_route=\/wp\/v2\/product"}],"about":[{"href":"https:\/\/www.hediyepazar.com\/index.php?rest_route=\/wp\/v2\/types\/product"}],"replies":[{"embeddable":true,"href":"https:\/\/www.hediyepazar.com\/index.php?rest_route=%2Fwp%2Fv2%2Fcomments&post=124782"}],"wp:featuredmedia":[{"embeddable":true,"href":"https:\/\/www.hediyepazar.com\/index.php?rest_route=\/wp\/v2\/media\/124781"}],"wp:attachment":[{"href":"https:\/\/www.hediyepazar.com\/index.php?rest_route=%2Fwp%2Fv2%2Fmedia&parent=124782"}],"wp:term":[{"taxonomy":"product_brand","embeddable":true,"href":"https:\/\/www.hediyepazar.com\/index.php?rest_route=%2Fwp%2Fv2%2Fproduct_brand&post=124782"},{"taxonomy":"product_cat","embeddable":true,"href":"https:\/\/www.hediyepazar.com\/index.php?rest_route=%2Fwp%2Fv2%2Fproduct_cat&post=124782"},{"taxonomy":"product_tag","embeddable":true,"href":"https:\/\/www.hediyepazar.com\/index.php?rest_route=%2Fwp%2Fv2%2Fproduct_tag&post=124782"}],"curies":[{"name":"wp","href":"https:\/\/api.w.org\/{rel}","templated":true}]}}