{"id":124812,"date":"2026-05-06T16:25:03","date_gmt":"2026-05-06T19:25:03","guid":{"rendered":"https:\/\/www.hediyepazar.com\/?product=diz-ve-dirsek-icin-isitmali-masaj-dizlik-aparati-2"},"modified":"2026-05-06T16:25:03","modified_gmt":"2026-05-06T19:25:03","slug":"diz-ve-dirsek-icin-isitmali-masaj-dizlik-aparati-2","status":"publish","type":"product","link":"https:\/\/www.hediyepazar.com\/?product=diz-ve-dirsek-icin-isitmali-masaj-dizlik-aparati-2","title":{"rendered":"Diz ve Dirsek \u0130\u00e7in Is\u0131tmal\u0131 Masaj Dizlik Aparat\u0131"},"content":{"rendered":"<p>Is\u0131, titre\u015fim ve masaj fonksiyonlar\u0131n\u0131 tek cihazda birle\u015ftiren bu \u00fcr\u00fcn, d\u00fczenli kullan\u0131mda diz b\u00f6lgesinin rahatlamas\u0131n\u0131 destekler. NTC \u0131s\u0131 kontrol\u00fc sayesinde a\u015f\u0131r\u0131 \u0131s\u0131nma olmadan g\u00fcvenli kullan\u0131m sunar. Derin dokuya ula\u015fan \u0131s\u0131 transferi ile diz \u00e7evresinde gev\u015feme hissi sa\u011flar.G\u00fcnde yakla\u015f\u0131k 15 dakikal\u0131k kullan\u0131m \u00f6nerisiyle tasarlanm\u0131\u015ft\u0131r. Uzun s\u00fcreli bak\u0131m i\u00e7in uygun olup ev ortam\u0131nda pratik \u015fekilde kullan\u0131labilir.<\/p>\n","protected":false},"excerpt":{"rendered":"<p>Is\u0131, titre\u015fim ve masaj fonksiyonlar\u0131n\u0131 tek cihazda birle\u015ftiren bu \u00fcr\u00fcn, d\u00fczenli kullan\u0131mda diz b\u00f6lgesinin rahatlamas\u0131n\u0131 destekler. NTC \u0131s\u0131 kontrol\u00fc sayesinde a\u015f\u0131r\u0131 \u0131s\u0131nma olmadan g\u00fcvenli kullan\u0131m sunar. Derin dokuya ula\u015fan \u0131s\u0131 transferi ile diz \u00e7evresinde gev\u015feme hissi sa\u011flar.G\u00fcnde yakla\u015f\u0131k 15 dakikal\u0131k kullan\u0131m \u00f6nerisiyle tasarlanm\u0131\u015ft\u0131r. Uzun s\u00fcreli bak\u0131m i\u00e7in uygun olup ev ortam\u0131nda pratik \u015fekilde kullan\u0131labilir.<\/p>\n","protected":false},"featured_media":124811,"comment_status":"open","ping_status":"closed","template":"","meta":{"_kad_post_transparent":"","_kad_post_title":"","_kad_post_layout":"","_kad_post_sidebar_id":"","_kad_post_content_style":"","_kad_post_vertical_padding":"","_kad_post_feature":"","_kad_post_feature_position":"","_kad_post_header":false,"_kad_post_footer":false,"_kad_post_classname":""},"product_brand":[],"product_cat":[14939],"product_tag":[],"class_list":{"0":"post-124812","1":"product","2":"type-product","3":"status-publish","4":"has-post-thumbnail","6":"product_cat-masaj-cihazi-masaj-cihazi","8":"first","9":"instock","10":"purchasable","11":"product-type-simple","12":"entry","13":"content-bg","14":"loop-entry"},"_links":{"self":[{"href":"https:\/\/www.hediyepazar.com\/index.php?rest_route=\/wp\/v2\/product\/124812","targetHints":{"allow":["GET"]}}],"collection":[{"href":"https:\/\/www.hediyepazar.com\/index.php?rest_route=\/wp\/v2\/product"}],"about":[{"href":"https:\/\/www.hediyepazar.com\/index.php?rest_route=\/wp\/v2\/types\/product"}],"replies":[{"embeddable":true,"href":"https:\/\/www.hediyepazar.com\/index.php?rest_route=%2Fwp%2Fv2%2Fcomments&post=124812"}],"wp:featuredmedia":[{"embeddable":true,"href":"https:\/\/www.hediyepazar.com\/index.php?rest_route=\/wp\/v2\/media\/124811"}],"wp:attachment":[{"href":"https:\/\/www.hediyepazar.com\/index.php?rest_route=%2Fwp%2Fv2%2Fmedia&parent=124812"}],"wp:term":[{"taxonomy":"product_brand","embeddable":true,"href":"https:\/\/www.hediyepazar.com\/index.php?rest_route=%2Fwp%2Fv2%2Fproduct_brand&post=124812"},{"taxonomy":"product_cat","embeddable":true,"href":"https:\/\/www.hediyepazar.com\/index.php?rest_route=%2Fwp%2Fv2%2Fproduct_cat&post=124812"},{"taxonomy":"product_tag","embeddable":true,"href":"https:\/\/www.hediyepazar.com\/index.php?rest_route=%2Fwp%2Fv2%2Fproduct_tag&post=124812"}],"curies":[{"name":"wp","href":"https:\/\/api.w.org\/{rel}","templated":true}]}}