{"id":124814,"date":"2026-05-06T16:25:08","date_gmt":"2026-05-06T19:25:08","guid":{"rendered":"https:\/\/www.hediyepazar.com\/?product=3-seviyeli-titresimli-isitmali-diz-bakim-masaj-cihazi-2"},"modified":"2026-05-06T16:25:08","modified_gmt":"2026-05-06T19:25:08","slug":"3-seviyeli-titresimli-isitmali-diz-bakim-masaj-cihazi-2","status":"publish","type":"product","link":"https:\/\/www.hediyepazar.com\/?product=3-seviyeli-titresimli-isitmali-diz-bakim-masaj-cihazi-2","title":{"rendered":"3 Seviyeli Titre\u015fimli Is\u0131tmal\u0131 Diz Bak\u0131m Masaj Cihaz\u0131"},"content":{"rendered":"<p>HD ekran ve basitle\u015ftirilmi\u015f kontrol d\u00fc\u011fmeleri sayesinde kullan\u0131m\u0131 son derece kolay olan bu diz masaj cihaz\u0131, her ya\u015f grubuna hitap eder. Is\u0131 ve titre\u015fim seviyeleri tek tu\u015fla ayarlanabilir. Uzatma kemeri sayesinde farkl\u0131 diz \u00f6l\u00e7\u00fclerine uyum sa\u011flar.Sadece diz i\u00e7in de\u011fil, dirsek gibi farkl\u0131 eklemlerde de kullan\u0131labilen \u00e7ok y\u00f6nl\u00fc bir tasar\u0131ma sahiptir. Dayan\u0131kl\u0131 yap\u0131s\u0131 ile uzun \u00f6m\u00fcrl\u00fc kullan\u0131m sunar.<\/p>\n","protected":false},"excerpt":{"rendered":"<p>HD ekran ve basitle\u015ftirilmi\u015f kontrol d\u00fc\u011fmeleri sayesinde kullan\u0131m\u0131 son derece kolay olan bu diz masaj cihaz\u0131, her ya\u015f grubuna hitap eder. Is\u0131 ve titre\u015fim seviyeleri tek tu\u015fla ayarlanabilir. Uzatma kemeri sayesinde farkl\u0131 diz \u00f6l\u00e7\u00fclerine uyum sa\u011flar.Sadece diz i\u00e7in de\u011fil, dirsek gibi farkl\u0131 eklemlerde de kullan\u0131labilen \u00e7ok y\u00f6nl\u00fc bir tasar\u0131ma sahiptir. Dayan\u0131kl\u0131 yap\u0131s\u0131 ile uzun \u00f6m\u00fcrl\u00fc&#8230;<\/p>\n","protected":false},"featured_media":124813,"comment_status":"open","ping_status":"closed","template":"","meta":{"_kad_post_transparent":"","_kad_post_title":"","_kad_post_layout":"","_kad_post_sidebar_id":"","_kad_post_content_style":"","_kad_post_vertical_padding":"","_kad_post_feature":"","_kad_post_feature_position":"","_kad_post_header":false,"_kad_post_footer":false,"_kad_post_classname":""},"product_brand":[],"product_cat":[14939],"product_tag":[],"class_list":{"0":"post-124814","1":"product","2":"type-product","3":"status-publish","4":"has-post-thumbnail","6":"product_cat-masaj-cihazi-masaj-cihazi","8":"first","9":"instock","10":"purchasable","11":"product-type-simple","12":"entry","13":"content-bg","14":"loop-entry"},"_links":{"self":[{"href":"https:\/\/www.hediyepazar.com\/index.php?rest_route=\/wp\/v2\/product\/124814","targetHints":{"allow":["GET"]}}],"collection":[{"href":"https:\/\/www.hediyepazar.com\/index.php?rest_route=\/wp\/v2\/product"}],"about":[{"href":"https:\/\/www.hediyepazar.com\/index.php?rest_route=\/wp\/v2\/types\/product"}],"replies":[{"embeddable":true,"href":"https:\/\/www.hediyepazar.com\/index.php?rest_route=%2Fwp%2Fv2%2Fcomments&post=124814"}],"wp:featuredmedia":[{"embeddable":true,"href":"https:\/\/www.hediyepazar.com\/index.php?rest_route=\/wp\/v2\/media\/124813"}],"wp:attachment":[{"href":"https:\/\/www.hediyepazar.com\/index.php?rest_route=%2Fwp%2Fv2%2Fmedia&parent=124814"}],"wp:term":[{"taxonomy":"product_brand","embeddable":true,"href":"https:\/\/www.hediyepazar.com\/index.php?rest_route=%2Fwp%2Fv2%2Fproduct_brand&post=124814"},{"taxonomy":"product_cat","embeddable":true,"href":"https:\/\/www.hediyepazar.com\/index.php?rest_route=%2Fwp%2Fv2%2Fproduct_cat&post=124814"},{"taxonomy":"product_tag","embeddable":true,"href":"https:\/\/www.hediyepazar.com\/index.php?rest_route=%2Fwp%2Fv2%2Fproduct_tag&post=124814"}],"curies":[{"name":"wp","href":"https:\/\/api.w.org\/{rel}","templated":true}]}}