{"id":124824,"date":"2026-05-06T16:26:12","date_gmt":"2026-05-06T19:26:12","guid":{"rendered":"https:\/\/www.hediyepazar.com\/?product=pazar-arabasi-ve-alisveris-cantasi-cift-yonlu-kolay-tekerlekli-tasinabilir"},"modified":"2026-05-06T16:26:12","modified_gmt":"2026-05-06T19:26:12","slug":"pazar-arabasi-ve-alisveris-cantasi-cift-yonlu-kolay-tekerlekli-tasinabilir","status":"publish","type":"product","link":"https:\/\/www.hediyepazar.com\/?product=pazar-arabasi-ve-alisveris-cantasi-cift-yonlu-kolay-tekerlekli-tasinabilir","title":{"rendered":"Pazar Arabas\u0131 ve Al\u0131\u015fveri\u015f \u00c7antas\u0131 \u00c7ift Y\u00f6nl\u00fc Kolay Tekerlekli Ta\u015f\u0131nabilir"},"content":{"rendered":"<p>Dayan\u0131kl\u0131 ve suya dayan\u0131kl\u0131 malzemeden \u00fcretilmi\u015f olan bu pazar arabas\u0131, farkl\u0131 hava ko\u015fullar\u0131na kar\u015f\u0131 diren\u00e7lidir. Pazar ve market al\u0131\u015fveri\u015flerinde ta\u015f\u0131ma kolayl\u0131\u011f\u0131 sa\u011flarken, piknik veya kamp gibi aktivitelerde e\u015fyalar\u0131n\u0131z\u0131 g\u00fcvenle ta\u015f\u0131man\u0131za yard\u0131mc\u0131 olur. \u00d6zellikle ya\u015fl\u0131lar ve a\u011f\u0131r y\u00fck ta\u015f\u0131makta zorlanan bireyler i\u00e7in m\u00fckemmel bir \u00e7\u00f6z\u00fcmd\u00fcr. Kolay a\u00e7\u0131l\u0131p kapanan mekanizmas\u0131 sayesinde an\u0131nda kullan\u0131ma haz\u0131r hale gelir ve katland\u0131\u011f\u0131nda az yer kaplad\u0131\u011f\u0131 i\u00e7in evde, arabada veya \u00e7antan\u0131zda kolayca saklanabilir.<\/p>\n","protected":false},"excerpt":{"rendered":"<p>Dayan\u0131kl\u0131 ve suya dayan\u0131kl\u0131 malzemeden \u00fcretilmi\u015f olan bu pazar arabas\u0131, farkl\u0131 hava ko\u015fullar\u0131na kar\u015f\u0131 diren\u00e7lidir. Pazar ve market al\u0131\u015fveri\u015flerinde ta\u015f\u0131ma kolayl\u0131\u011f\u0131 sa\u011flarken, piknik veya kamp gibi aktivitelerde e\u015fyalar\u0131n\u0131z\u0131 g\u00fcvenle ta\u015f\u0131man\u0131za yard\u0131mc\u0131 olur. \u00d6zellikle ya\u015fl\u0131lar ve a\u011f\u0131r y\u00fck ta\u015f\u0131makta zorlanan bireyler i\u00e7in m\u00fckemmel bir \u00e7\u00f6z\u00fcmd\u00fcr. Kolay a\u00e7\u0131l\u0131p kapanan mekanizmas\u0131 sayesinde an\u0131nda kullan\u0131ma haz\u0131r hale gelir ve&#8230;<\/p>\n","protected":false},"featured_media":124823,"comment_status":"open","ping_status":"closed","template":"","meta":{"_kad_post_transparent":"","_kad_post_title":"","_kad_post_layout":"","_kad_post_sidebar_id":"","_kad_post_content_style":"","_kad_post_vertical_padding":"","_kad_post_feature":"","_kad_post_feature_position":"","_kad_post_header":false,"_kad_post_footer":false,"_kad_post_classname":""},"product_brand":[],"product_cat":[15188],"product_tag":[],"class_list":{"0":"post-124824","1":"product","2":"type-product","3":"status-publish","4":"has-post-thumbnail","6":"product_cat-pazar-arabasi-ve-cantasi-pazar-arabasi-ve-cantasi","8":"first","9":"instock","10":"purchasable","11":"product-type-simple","12":"entry","13":"content-bg","14":"loop-entry"},"_links":{"self":[{"href":"https:\/\/www.hediyepazar.com\/index.php?rest_route=\/wp\/v2\/product\/124824","targetHints":{"allow":["GET"]}}],"collection":[{"href":"https:\/\/www.hediyepazar.com\/index.php?rest_route=\/wp\/v2\/product"}],"about":[{"href":"https:\/\/www.hediyepazar.com\/index.php?rest_route=\/wp\/v2\/types\/product"}],"replies":[{"embeddable":true,"href":"https:\/\/www.hediyepazar.com\/index.php?rest_route=%2Fwp%2Fv2%2Fcomments&post=124824"}],"wp:featuredmedia":[{"embeddable":true,"href":"https:\/\/www.hediyepazar.com\/index.php?rest_route=\/wp\/v2\/media\/124823"}],"wp:attachment":[{"href":"https:\/\/www.hediyepazar.com\/index.php?rest_route=%2Fwp%2Fv2%2Fmedia&parent=124824"}],"wp:term":[{"taxonomy":"product_brand","embeddable":true,"href":"https:\/\/www.hediyepazar.com\/index.php?rest_route=%2Fwp%2Fv2%2Fproduct_brand&post=124824"},{"taxonomy":"product_cat","embeddable":true,"href":"https:\/\/www.hediyepazar.com\/index.php?rest_route=%2Fwp%2Fv2%2Fproduct_cat&post=124824"},{"taxonomy":"product_tag","embeddable":true,"href":"https:\/\/www.hediyepazar.com\/index.php?rest_route=%2Fwp%2Fv2%2Fproduct_tag&post=124824"}],"curies":[{"name":"wp","href":"https:\/\/api.w.org\/{rel}","templated":true}]}}