{"id":124876,"date":"2026-05-06T16:35:11","date_gmt":"2026-05-06T19:35:11","guid":{"rendered":"https:\/\/www.hediyepazar.com\/?product=sarjli-tuy-temizleyici-paslanmaz-celik-bicakli"},"modified":"2026-05-06T16:35:11","modified_gmt":"2026-05-06T19:35:11","slug":"sarjli-tuy-temizleyici-paslanmaz-celik-bicakli","status":"publish","type":"product","link":"https:\/\/www.hediyepazar.com\/?product=sarjli-tuy-temizleyici-paslanmaz-celik-bicakli","title":{"rendered":"\u015earjl\u0131 T\u00fcy Temizleyici Paslanmaz \u00c7elik B\u0131\u00e7akl\u0131"},"content":{"rendered":"<p>Bu \u015farjl\u0131 t\u00fcy temizleme makinesi, hem evcil hayvan t\u00fcyleri hem de kuma\u015f y\u00fczeylerde olu\u015fan havlar i\u00e7in etkili bir \u00e7\u00f6z\u00fcmd\u00fcr. Koltuk, yatak, battaniye ve giysilerde g\u00fcvenle kullan\u0131labilir.Paslanmaz \u00e7elik b\u0131\u00e7ak sistemi g\u00fc\u00e7l\u00fc performans sunarken kuma\u015flara zarar vermez. Ekstra b\u0131\u00e7ak deste\u011fi sayesinde uzun s\u00fcreli kullan\u0131m avantaj\u0131 sa\u011flar. Dijital ekran, modern ve kullan\u0131c\u0131 dostu bir deneyim sunar.Ev d\u00fczenine \u00f6nem verenler i\u00e7in vazge\u00e7ilmez bir temizlik yard\u0131mc\u0131s\u0131d\u0131r.<\/p>\n","protected":false},"excerpt":{"rendered":"<p>Bu \u015farjl\u0131 t\u00fcy temizleme makinesi, hem evcil hayvan t\u00fcyleri hem de kuma\u015f y\u00fczeylerde olu\u015fan havlar i\u00e7in etkili bir \u00e7\u00f6z\u00fcmd\u00fcr. Koltuk, yatak, battaniye ve giysilerde g\u00fcvenle kullan\u0131labilir.Paslanmaz \u00e7elik b\u0131\u00e7ak sistemi g\u00fc\u00e7l\u00fc performans sunarken kuma\u015flara zarar vermez. Ekstra b\u0131\u00e7ak deste\u011fi sayesinde uzun s\u00fcreli kullan\u0131m avantaj\u0131 sa\u011flar. Dijital ekran, modern ve kullan\u0131c\u0131 dostu bir deneyim sunar.Ev d\u00fczenine \u00f6nem&#8230;<\/p>\n","protected":false},"featured_media":124875,"comment_status":"open","ping_status":"closed","template":"","meta":{"_kad_post_transparent":"","_kad_post_title":"","_kad_post_layout":"","_kad_post_sidebar_id":"","_kad_post_content_style":"","_kad_post_vertical_padding":"","_kad_post_feature":"","_kad_post_feature_position":"","_kad_post_header":false,"_kad_post_footer":false,"_kad_post_classname":""},"product_brand":[],"product_cat":[15006],"product_tag":[],"class_list":{"0":"post-124876","1":"product","2":"type-product","3":"status-publish","4":"has-post-thumbnail","6":"product_cat-tuy-toplayici-tuy-toplayici","8":"first","9":"instock","10":"purchasable","11":"product-type-simple","12":"entry","13":"content-bg","14":"loop-entry"},"_links":{"self":[{"href":"https:\/\/www.hediyepazar.com\/index.php?rest_route=\/wp\/v2\/product\/124876","targetHints":{"allow":["GET"]}}],"collection":[{"href":"https:\/\/www.hediyepazar.com\/index.php?rest_route=\/wp\/v2\/product"}],"about":[{"href":"https:\/\/www.hediyepazar.com\/index.php?rest_route=\/wp\/v2\/types\/product"}],"replies":[{"embeddable":true,"href":"https:\/\/www.hediyepazar.com\/index.php?rest_route=%2Fwp%2Fv2%2Fcomments&post=124876"}],"wp:featuredmedia":[{"embeddable":true,"href":"https:\/\/www.hediyepazar.com\/index.php?rest_route=\/wp\/v2\/media\/124875"}],"wp:attachment":[{"href":"https:\/\/www.hediyepazar.com\/index.php?rest_route=%2Fwp%2Fv2%2Fmedia&parent=124876"}],"wp:term":[{"taxonomy":"product_brand","embeddable":true,"href":"https:\/\/www.hediyepazar.com\/index.php?rest_route=%2Fwp%2Fv2%2Fproduct_brand&post=124876"},{"taxonomy":"product_cat","embeddable":true,"href":"https:\/\/www.hediyepazar.com\/index.php?rest_route=%2Fwp%2Fv2%2Fproduct_cat&post=124876"},{"taxonomy":"product_tag","embeddable":true,"href":"https:\/\/www.hediyepazar.com\/index.php?rest_route=%2Fwp%2Fv2%2Fproduct_tag&post=124876"}],"curies":[{"name":"wp","href":"https:\/\/api.w.org\/{rel}","templated":true}]}}