{"id":124880,"date":"2026-05-06T16:37:07","date_gmt":"2026-05-06T19:37:07","guid":{"rendered":"https:\/\/www.hediyepazar.com\/?product=dijital-ekranli-tuy-toplama-ve-temizleme-makinesi-guclu-performans"},"modified":"2026-05-06T16:37:07","modified_gmt":"2026-05-06T19:37:07","slug":"dijital-ekranli-tuy-toplama-ve-temizleme-makinesi-guclu-performans","status":"publish","type":"product","link":"https:\/\/www.hediyepazar.com\/?product=dijital-ekranli-tuy-toplama-ve-temizleme-makinesi-guclu-performans","title":{"rendered":"Dijital Ekranl\u0131 T\u00fcy Toplama ve Temizleme Makinesi G\u00fc\u00e7l\u00fc Performans"},"content":{"rendered":"<p>Bu t\u00fcy toplama ve temizleme makinesi, k\u0131yafetlerinizde ve ev tekstilinde olu\u015fan t\u00fcy, hav ve iplik art\u0131klar\u0131n\u0131 zahmetsizce temizlemek i\u00e7in tasarlanm\u0131\u015ft\u0131r. \u00d6zellikle kazak, mont, battaniye, koltuk ve yatak gibi y\u00fczeylerde etkili sonu\u00e7lar sunar. G\u00fc\u00e7l\u00fc motor yap\u0131s\u0131 ve \u00e7ok b\u0131\u00e7akl\u0131 sistemi sayesinde kuma\u015flara zarar vermeden derinlemesine temizlik sa\u011flar.Paslanmaz \u00e7elik b\u0131\u00e7aklar\u0131 uzun \u00f6m\u00fcrl\u00fc kullan\u0131m sunarken, keskin yap\u0131s\u0131 t\u00fcyleri tek ge\u00e7i\u015fte toplar. Dijital ekran sayesinde pil durumu net \u015fekilde takip edilebilir. Type-C \u015farj deste\u011fi ile pratik ve modern bir kullan\u0131m sunar.Ergonomik tasar\u0131m\u0131 sayesinde elde rahat tutulur ve uzun s\u00fcreli kullan\u0131mda konfor sa\u011flar. G\u00fcnl\u00fck bak\u0131m i\u00e7in ideal bir yard\u0131mc\u0131d\u0131r.<\/p>\n","protected":false},"excerpt":{"rendered":"<p>Bu t\u00fcy toplama ve temizleme makinesi, k\u0131yafetlerinizde ve ev tekstilinde olu\u015fan t\u00fcy, hav ve iplik art\u0131klar\u0131n\u0131 zahmetsizce temizlemek i\u00e7in tasarlanm\u0131\u015ft\u0131r. \u00d6zellikle kazak, mont, battaniye, koltuk ve yatak gibi y\u00fczeylerde etkili sonu\u00e7lar sunar. G\u00fc\u00e7l\u00fc motor yap\u0131s\u0131 ve \u00e7ok b\u0131\u00e7akl\u0131 sistemi sayesinde kuma\u015flara zarar vermeden derinlemesine temizlik sa\u011flar.Paslanmaz \u00e7elik b\u0131\u00e7aklar\u0131 uzun \u00f6m\u00fcrl\u00fc kullan\u0131m sunarken, keskin yap\u0131s\u0131 t\u00fcyleri&#8230;<\/p>\n","protected":false},"featured_media":124879,"comment_status":"open","ping_status":"closed","template":"","meta":{"_kad_post_transparent":"","_kad_post_title":"","_kad_post_layout":"","_kad_post_sidebar_id":"","_kad_post_content_style":"","_kad_post_vertical_padding":"","_kad_post_feature":"","_kad_post_feature_position":"","_kad_post_header":false,"_kad_post_footer":false,"_kad_post_classname":""},"product_brand":[],"product_cat":[15006],"product_tag":[],"class_list":{"0":"post-124880","1":"product","2":"type-product","3":"status-publish","4":"has-post-thumbnail","6":"product_cat-tuy-toplayici-tuy-toplayici","8":"first","9":"instock","10":"purchasable","11":"product-type-simple","12":"entry","13":"content-bg","14":"loop-entry"},"_links":{"self":[{"href":"https:\/\/www.hediyepazar.com\/index.php?rest_route=\/wp\/v2\/product\/124880","targetHints":{"allow":["GET"]}}],"collection":[{"href":"https:\/\/www.hediyepazar.com\/index.php?rest_route=\/wp\/v2\/product"}],"about":[{"href":"https:\/\/www.hediyepazar.com\/index.php?rest_route=\/wp\/v2\/types\/product"}],"replies":[{"embeddable":true,"href":"https:\/\/www.hediyepazar.com\/index.php?rest_route=%2Fwp%2Fv2%2Fcomments&post=124880"}],"wp:featuredmedia":[{"embeddable":true,"href":"https:\/\/www.hediyepazar.com\/index.php?rest_route=\/wp\/v2\/media\/124879"}],"wp:attachment":[{"href":"https:\/\/www.hediyepazar.com\/index.php?rest_route=%2Fwp%2Fv2%2Fmedia&parent=124880"}],"wp:term":[{"taxonomy":"product_brand","embeddable":true,"href":"https:\/\/www.hediyepazar.com\/index.php?rest_route=%2Fwp%2Fv2%2Fproduct_brand&post=124880"},{"taxonomy":"product_cat","embeddable":true,"href":"https:\/\/www.hediyepazar.com\/index.php?rest_route=%2Fwp%2Fv2%2Fproduct_cat&post=124880"},{"taxonomy":"product_tag","embeddable":true,"href":"https:\/\/www.hediyepazar.com\/index.php?rest_route=%2Fwp%2Fv2%2Fproduct_tag&post=124880"}],"curies":[{"name":"wp","href":"https:\/\/api.w.org\/{rel}","templated":true}]}}