{"id":124886,"date":"2026-05-06T16:38:14","date_gmt":"2026-05-06T19:38:14","guid":{"rendered":"https:\/\/www.hediyepazar.com\/?product=18-parca-profesyonel-sarjli-matkap-vidalama"},"modified":"2026-05-06T16:38:14","modified_gmt":"2026-05-06T19:38:14","slug":"18-parca-profesyonel-sarjli-matkap-vidalama","status":"publish","type":"product","link":"https:\/\/www.hediyepazar.com\/?product=18-parca-profesyonel-sarjli-matkap-vidalama","title":{"rendered":"18 Par\u00e7a Profesyonel \u015earjl\u0131 Matkap Vidalama"},"content":{"rendered":"<p>G\u00fcnl\u00fck tamirat ve montaj i\u015flerinde maksimum verimlilik sunan bu \u00e7ift bataryal\u0131 dijital matkap, g\u00fc\u00e7l\u00fc yap\u0131s\u0131 ile dikkat \u00e7eker. \u015earjl\u0131 olmas\u0131 sayesinde kablo karma\u015fas\u0131na son verir ve her ortamda rahat kullan\u0131m sa\u011flar.Dijital ekran, kullan\u0131m s\u0131ras\u0131nda kontrol\u00fc art\u0131r\u0131rken batarya seviyesini net \u015fekilde g\u00f6sterir. Ergonomik tasar\u0131m\u0131, elde kaymay\u0131 \u00f6nler ve daha g\u00fcvenli bir kullan\u0131m sunar.18 par\u00e7a set i\u00e7eri\u011fi ile vida s\u0131kma, s\u00f6kme ve delme i\u015flemlerinde geni\u015f kullan\u0131m alan\u0131 sa\u011flar.<\/p>\n","protected":false},"excerpt":{"rendered":"<p>G\u00fcnl\u00fck tamirat ve montaj i\u015flerinde maksimum verimlilik sunan bu \u00e7ift bataryal\u0131 dijital matkap, g\u00fc\u00e7l\u00fc yap\u0131s\u0131 ile dikkat \u00e7eker. \u015earjl\u0131 olmas\u0131 sayesinde kablo karma\u015fas\u0131na son verir ve her ortamda rahat kullan\u0131m sa\u011flar.Dijital ekran, kullan\u0131m s\u0131ras\u0131nda kontrol\u00fc art\u0131r\u0131rken batarya seviyesini net \u015fekilde g\u00f6sterir. Ergonomik tasar\u0131m\u0131, elde kaymay\u0131 \u00f6nler ve daha g\u00fcvenli bir kullan\u0131m sunar.18 par\u00e7a set i\u00e7eri\u011fi&#8230;<\/p>\n","protected":false},"featured_media":124885,"comment_status":"open","ping_status":"closed","template":"","meta":{"_kad_post_transparent":"","_kad_post_title":"","_kad_post_layout":"","_kad_post_sidebar_id":"","_kad_post_content_style":"","_kad_post_vertical_padding":"","_kad_post_feature":"","_kad_post_feature_position":"","_kad_post_header":false,"_kad_post_footer":false,"_kad_post_classname":""},"product_brand":[],"product_cat":[15150],"product_tag":[],"class_list":{"0":"post-124886","1":"product","2":"type-product","3":"status-publish","4":"has-post-thumbnail","6":"product_cat-matkap-matkap","8":"first","9":"instock","10":"purchasable","11":"product-type-simple","12":"entry","13":"content-bg","14":"loop-entry"},"_links":{"self":[{"href":"https:\/\/www.hediyepazar.com\/index.php?rest_route=\/wp\/v2\/product\/124886","targetHints":{"allow":["GET"]}}],"collection":[{"href":"https:\/\/www.hediyepazar.com\/index.php?rest_route=\/wp\/v2\/product"}],"about":[{"href":"https:\/\/www.hediyepazar.com\/index.php?rest_route=\/wp\/v2\/types\/product"}],"replies":[{"embeddable":true,"href":"https:\/\/www.hediyepazar.com\/index.php?rest_route=%2Fwp%2Fv2%2Fcomments&post=124886"}],"wp:featuredmedia":[{"embeddable":true,"href":"https:\/\/www.hediyepazar.com\/index.php?rest_route=\/wp\/v2\/media\/124885"}],"wp:attachment":[{"href":"https:\/\/www.hediyepazar.com\/index.php?rest_route=%2Fwp%2Fv2%2Fmedia&parent=124886"}],"wp:term":[{"taxonomy":"product_brand","embeddable":true,"href":"https:\/\/www.hediyepazar.com\/index.php?rest_route=%2Fwp%2Fv2%2Fproduct_brand&post=124886"},{"taxonomy":"product_cat","embeddable":true,"href":"https:\/\/www.hediyepazar.com\/index.php?rest_route=%2Fwp%2Fv2%2Fproduct_cat&post=124886"},{"taxonomy":"product_tag","embeddable":true,"href":"https:\/\/www.hediyepazar.com\/index.php?rest_route=%2Fwp%2Fv2%2Fproduct_tag&post=124886"}],"curies":[{"name":"wp","href":"https:\/\/api.w.org\/{rel}","templated":true}]}}