{"id":124888,"date":"2026-05-06T16:38:20","date_gmt":"2026-05-06T19:38:20","guid":{"rendered":"https:\/\/www.hediyepazar.com\/?product=cift-bataryali-sarjli-matkap-dijital-ekranli-set"},"modified":"2026-05-06T16:38:20","modified_gmt":"2026-05-06T19:38:20","slug":"cift-bataryali-sarjli-matkap-dijital-ekranli-set","status":"publish","type":"product","link":"https:\/\/www.hediyepazar.com\/?product=cift-bataryali-sarjli-matkap-dijital-ekranli-set","title":{"rendered":"\u00c7ift Bataryal\u0131 \u015earjl\u0131 Matkap Dijital Ekranl\u0131 Set"},"content":{"rendered":"<p>Bu \u015farjl\u0131 matkap seti, dijital ekranl\u0131 yap\u0131s\u0131 ve \u00e7ift bataryal\u0131 sistemi ile hem amat\u00f6r hem de profesyonel kullan\u0131c\u0131lar i\u00e7in tasarlanm\u0131\u015ft\u0131r. Y\u00fcksek performansl\u0131 motoru sayesinde vidalama ve delme i\u015flemlerini zahmetsizce ger\u00e7ekle\u015ftirir.18 par\u00e7a set i\u00e7eri\u011fi ile farkl\u0131 u\u00e7 ve aksesuarlar sayesinde \u00e7ok y\u00f6nl\u00fc kullan\u0131m sunar. Dijital g\u00f6sterge, kullan\u0131m s\u0131ras\u0131nda kontrol\u00fc art\u0131r\u0131r ve batarya takibini kolayla\u015ft\u0131r\u0131r.Evde, at\u00f6lyede veya i\u015f sahas\u0131nda g\u00fcvenle kullan\u0131labilecek pratik ve g\u00fc\u00e7l\u00fc bir \u00e7\u00f6z\u00fcmd\u00fcr.<\/p>\n","protected":false},"excerpt":{"rendered":"<p>Bu \u015farjl\u0131 matkap seti, dijital ekranl\u0131 yap\u0131s\u0131 ve \u00e7ift bataryal\u0131 sistemi ile hem amat\u00f6r hem de profesyonel kullan\u0131c\u0131lar i\u00e7in tasarlanm\u0131\u015ft\u0131r. Y\u00fcksek performansl\u0131 motoru sayesinde vidalama ve delme i\u015flemlerini zahmetsizce ger\u00e7ekle\u015ftirir.18 par\u00e7a set i\u00e7eri\u011fi ile farkl\u0131 u\u00e7 ve aksesuarlar sayesinde \u00e7ok y\u00f6nl\u00fc kullan\u0131m sunar. Dijital g\u00f6sterge, kullan\u0131m s\u0131ras\u0131nda kontrol\u00fc art\u0131r\u0131r ve batarya takibini kolayla\u015ft\u0131r\u0131r.Evde, at\u00f6lyede veya&#8230;<\/p>\n","protected":false},"featured_media":124887,"comment_status":"open","ping_status":"closed","template":"","meta":{"_kad_post_transparent":"","_kad_post_title":"","_kad_post_layout":"","_kad_post_sidebar_id":"","_kad_post_content_style":"","_kad_post_vertical_padding":"","_kad_post_feature":"","_kad_post_feature_position":"","_kad_post_header":false,"_kad_post_footer":false,"_kad_post_classname":""},"product_brand":[],"product_cat":[15150],"product_tag":[],"class_list":{"0":"post-124888","1":"product","2":"type-product","3":"status-publish","4":"has-post-thumbnail","6":"product_cat-matkap-matkap","8":"first","9":"instock","10":"purchasable","11":"product-type-simple","12":"entry","13":"content-bg","14":"loop-entry"},"_links":{"self":[{"href":"https:\/\/www.hediyepazar.com\/index.php?rest_route=\/wp\/v2\/product\/124888","targetHints":{"allow":["GET"]}}],"collection":[{"href":"https:\/\/www.hediyepazar.com\/index.php?rest_route=\/wp\/v2\/product"}],"about":[{"href":"https:\/\/www.hediyepazar.com\/index.php?rest_route=\/wp\/v2\/types\/product"}],"replies":[{"embeddable":true,"href":"https:\/\/www.hediyepazar.com\/index.php?rest_route=%2Fwp%2Fv2%2Fcomments&post=124888"}],"wp:featuredmedia":[{"embeddable":true,"href":"https:\/\/www.hediyepazar.com\/index.php?rest_route=\/wp\/v2\/media\/124887"}],"wp:attachment":[{"href":"https:\/\/www.hediyepazar.com\/index.php?rest_route=%2Fwp%2Fv2%2Fmedia&parent=124888"}],"wp:term":[{"taxonomy":"product_brand","embeddable":true,"href":"https:\/\/www.hediyepazar.com\/index.php?rest_route=%2Fwp%2Fv2%2Fproduct_brand&post=124888"},{"taxonomy":"product_cat","embeddable":true,"href":"https:\/\/www.hediyepazar.com\/index.php?rest_route=%2Fwp%2Fv2%2Fproduct_cat&post=124888"},{"taxonomy":"product_tag","embeddable":true,"href":"https:\/\/www.hediyepazar.com\/index.php?rest_route=%2Fwp%2Fv2%2Fproduct_tag&post=124888"}],"curies":[{"name":"wp","href":"https:\/\/api.w.org\/{rel}","templated":true}]}}