{"id":124892,"date":"2026-05-06T16:39:06","date_gmt":"2026-05-06T19:39:06","guid":{"rendered":"https:\/\/www.hediyepazar.com\/?product=o-fg-3-amoled-android-akilli-saat"},"modified":"2026-05-06T16:39:06","modified_gmt":"2026-05-06T19:39:06","slug":"o-fg-3-amoled-android-akilli-saat","status":"publish","type":"product","link":"https:\/\/www.hediyepazar.com\/?product=o-fg-3-amoled-android-akilli-saat","title":{"rendered":"o FG-3 AMOLED Android Ak\u0131ll\u0131 Saat"},"content":{"rendered":"<p>Ba\u011f\u0131ms\u0131z mobil kullan\u0131m sunan bu ak\u0131ll\u0131 saat, Android i\u015fletim sistemi ve SIM kart deste\u011fi ile tam donan\u0131ml\u0131 bir mini ak\u0131ll\u0131 cihazd\u0131r. AMOLED ekran\u0131 sayesinde uygulamalar, videolar ve sosyal medya i\u00e7erikleri y\u00fcksek g\u00f6r\u00fcnt\u00fc kalitesiyle izlenebilir.Play Store eri\u015fimi ile uygulama indirme \u00f6zg\u00fcrl\u00fc\u011f\u00fc sunar. WiFi, GPS ve Bluetooth \u00f6zellikleri sayesinde ba\u011flant\u0131 ve konum takibi kolayla\u015f\u0131r. Dahili kamera \u00f6zelli\u011fi ile h\u0131zl\u0131 \u00e7ekimler yap\u0131labilir.Telefon fonksiyonlar\u0131n\u0131 tek ba\u015f\u0131na sunan, g\u00fc\u00e7l\u00fc ve \u00e7ok y\u00f6nl\u00fc bir ak\u0131ll\u0131 saat arayanlar i\u00e7in ideal bir tercihtir.<\/p>\n","protected":false},"excerpt":{"rendered":"<p>Ba\u011f\u0131ms\u0131z mobil kullan\u0131m sunan bu ak\u0131ll\u0131 saat, Android i\u015fletim sistemi ve SIM kart deste\u011fi ile tam donan\u0131ml\u0131 bir mini ak\u0131ll\u0131 cihazd\u0131r. AMOLED ekran\u0131 sayesinde uygulamalar, videolar ve sosyal medya i\u00e7erikleri y\u00fcksek g\u00f6r\u00fcnt\u00fc kalitesiyle izlenebilir.Play Store eri\u015fimi ile uygulama indirme \u00f6zg\u00fcrl\u00fc\u011f\u00fc sunar. WiFi, GPS ve Bluetooth \u00f6zellikleri sayesinde ba\u011flant\u0131 ve konum takibi kolayla\u015f\u0131r. Dahili kamera \u00f6zelli\u011fi&#8230;<\/p>\n","protected":false},"featured_media":124891,"comment_status":"open","ping_status":"closed","template":"","meta":{"_kad_post_transparent":"","_kad_post_title":"","_kad_post_layout":"","_kad_post_sidebar_id":"","_kad_post_content_style":"","_kad_post_vertical_padding":"","_kad_post_feature":"","_kad_post_feature_position":"","_kad_post_header":false,"_kad_post_footer":false,"_kad_post_classname":""},"product_brand":[],"product_cat":[14935],"product_tag":[],"class_list":{"0":"post-124892","1":"product","2":"type-product","3":"status-publish","4":"has-post-thumbnail","6":"product_cat-akilli-saatler-akilli-saatler","8":"first","9":"instock","10":"purchasable","11":"product-type-simple","12":"entry","13":"content-bg","14":"loop-entry"},"_links":{"self":[{"href":"https:\/\/www.hediyepazar.com\/index.php?rest_route=\/wp\/v2\/product\/124892","targetHints":{"allow":["GET"]}}],"collection":[{"href":"https:\/\/www.hediyepazar.com\/index.php?rest_route=\/wp\/v2\/product"}],"about":[{"href":"https:\/\/www.hediyepazar.com\/index.php?rest_route=\/wp\/v2\/types\/product"}],"replies":[{"embeddable":true,"href":"https:\/\/www.hediyepazar.com\/index.php?rest_route=%2Fwp%2Fv2%2Fcomments&post=124892"}],"wp:featuredmedia":[{"embeddable":true,"href":"https:\/\/www.hediyepazar.com\/index.php?rest_route=\/wp\/v2\/media\/124891"}],"wp:attachment":[{"href":"https:\/\/www.hediyepazar.com\/index.php?rest_route=%2Fwp%2Fv2%2Fmedia&parent=124892"}],"wp:term":[{"taxonomy":"product_brand","embeddable":true,"href":"https:\/\/www.hediyepazar.com\/index.php?rest_route=%2Fwp%2Fv2%2Fproduct_brand&post=124892"},{"taxonomy":"product_cat","embeddable":true,"href":"https:\/\/www.hediyepazar.com\/index.php?rest_route=%2Fwp%2Fv2%2Fproduct_cat&post=124892"},{"taxonomy":"product_tag","embeddable":true,"href":"https:\/\/www.hediyepazar.com\/index.php?rest_route=%2Fwp%2Fv2%2Fproduct_tag&post=124892"}],"curies":[{"name":"wp","href":"https:\/\/api.w.org\/{rel}","templated":true}]}}