{"id":124894,"date":"2026-05-06T16:39:11","date_gmt":"2026-05-06T19:39:11","guid":{"rendered":"https:\/\/www.hediyepazar.com\/?product=sim-kartli-akilli-saat-gps-wifi-bluetooth-destekli"},"modified":"2026-05-06T16:39:11","modified_gmt":"2026-05-06T19:39:11","slug":"sim-kartli-akilli-saat-gps-wifi-bluetooth-destekli","status":"publish","type":"product","link":"https:\/\/www.hediyepazar.com\/?product=sim-kartli-akilli-saat-gps-wifi-bluetooth-destekli","title":{"rendered":"SIM Kartl\u0131 Ak\u0131ll\u0131 Saat GPS WiFi Bluetooth Destekli"},"content":{"rendered":"<p>G\u00fcnl\u00fck hayat\u0131 kolayla\u015ft\u0131ran bu Android ak\u0131ll\u0131 saat, telefon ta\u015f\u0131madan ileti\u015fim kurmak isteyen kullan\u0131c\u0131lar i\u00e7in tasarlanm\u0131\u015ft\u0131r. SIM kart deste\u011fi ile ba\u011f\u0131ms\u0131z \u00e7al\u0131\u015f\u0131r ve WiFi ba\u011flant\u0131s\u0131 sayesinde y\u00fcksek h\u0131zl\u0131 internet eri\u015fimi sa\u011flar.WhatsApp, Instagram, YouTube, TikTok ve Telegram gibi uygulamalar sorunsuz \u015fekilde kullan\u0131labilir. Dokunmatik AMOLED ekran\u0131 sayesinde ak\u0131c\u0131 ve net bir kullan\u0131c\u0131 deneyimi sunar. Bluetooth ba\u011flant\u0131s\u0131 ile kulakl\u0131k ve di\u011fer cihazlarla kolayca e\u015fle\u015fir.Teknoloji, ileti\u015fim ve e\u011flenceyi bile\u011finizde bir araya getirir.<\/p>\n","protected":false},"excerpt":{"rendered":"<p>G\u00fcnl\u00fck hayat\u0131 kolayla\u015ft\u0131ran bu Android ak\u0131ll\u0131 saat, telefon ta\u015f\u0131madan ileti\u015fim kurmak isteyen kullan\u0131c\u0131lar i\u00e7in tasarlanm\u0131\u015ft\u0131r. SIM kart deste\u011fi ile ba\u011f\u0131ms\u0131z \u00e7al\u0131\u015f\u0131r ve WiFi ba\u011flant\u0131s\u0131 sayesinde y\u00fcksek h\u0131zl\u0131 internet eri\u015fimi sa\u011flar.WhatsApp, Instagram, YouTube, TikTok ve Telegram gibi uygulamalar sorunsuz \u015fekilde kullan\u0131labilir. Dokunmatik AMOLED ekran\u0131 sayesinde ak\u0131c\u0131 ve net bir kullan\u0131c\u0131 deneyimi sunar. Bluetooth ba\u011flant\u0131s\u0131 ile kulakl\u0131k&#8230;<\/p>\n","protected":false},"featured_media":124893,"comment_status":"open","ping_status":"closed","template":"","meta":{"_kad_post_transparent":"","_kad_post_title":"","_kad_post_layout":"","_kad_post_sidebar_id":"","_kad_post_content_style":"","_kad_post_vertical_padding":"","_kad_post_feature":"","_kad_post_feature_position":"","_kad_post_header":false,"_kad_post_footer":false,"_kad_post_classname":""},"product_brand":[],"product_cat":[14935],"product_tag":[],"class_list":{"0":"post-124894","1":"product","2":"type-product","3":"status-publish","4":"has-post-thumbnail","6":"product_cat-akilli-saatler-akilli-saatler","8":"first","9":"instock","10":"purchasable","11":"product-type-simple","12":"entry","13":"content-bg","14":"loop-entry"},"_links":{"self":[{"href":"https:\/\/www.hediyepazar.com\/index.php?rest_route=\/wp\/v2\/product\/124894","targetHints":{"allow":["GET"]}}],"collection":[{"href":"https:\/\/www.hediyepazar.com\/index.php?rest_route=\/wp\/v2\/product"}],"about":[{"href":"https:\/\/www.hediyepazar.com\/index.php?rest_route=\/wp\/v2\/types\/product"}],"replies":[{"embeddable":true,"href":"https:\/\/www.hediyepazar.com\/index.php?rest_route=%2Fwp%2Fv2%2Fcomments&post=124894"}],"wp:featuredmedia":[{"embeddable":true,"href":"https:\/\/www.hediyepazar.com\/index.php?rest_route=\/wp\/v2\/media\/124893"}],"wp:attachment":[{"href":"https:\/\/www.hediyepazar.com\/index.php?rest_route=%2Fwp%2Fv2%2Fmedia&parent=124894"}],"wp:term":[{"taxonomy":"product_brand","embeddable":true,"href":"https:\/\/www.hediyepazar.com\/index.php?rest_route=%2Fwp%2Fv2%2Fproduct_brand&post=124894"},{"taxonomy":"product_cat","embeddable":true,"href":"https:\/\/www.hediyepazar.com\/index.php?rest_route=%2Fwp%2Fv2%2Fproduct_cat&post=124894"},{"taxonomy":"product_tag","embeddable":true,"href":"https:\/\/www.hediyepazar.com\/index.php?rest_route=%2Fwp%2Fv2%2Fproduct_tag&post=124894"}],"curies":[{"name":"wp","href":"https:\/\/api.w.org\/{rel}","templated":true}]}}