{"id":124896,"date":"2026-05-06T16:39:16","date_gmt":"2026-05-06T19:39:16","guid":{"rendered":"https:\/\/www.hediyepazar.com\/?product=amoled-ekranli-akilli-saat-whatsapp-tiktok-youtube"},"modified":"2026-05-06T16:39:16","modified_gmt":"2026-05-06T19:39:16","slug":"amoled-ekranli-akilli-saat-whatsapp-tiktok-youtube","status":"publish","type":"product","link":"https:\/\/www.hediyepazar.com\/?product=amoled-ekranli-akilli-saat-whatsapp-tiktok-youtube","title":{"rendered":"AMOLED Ekranl\u0131 Ak\u0131ll\u0131 Saat WhatsApp TikTok YouTube"},"content":{"rendered":"<p>Bu ak\u0131ll\u0131 saat, klasik saat anlay\u0131\u015f\u0131n\u0131 tamamen de\u011fi\u015ftirerek ba\u011f\u0131ms\u0131z bir mobil cihaz deneyimi sunar. Android altyap\u0131s\u0131 sayesinde uygulama y\u00fckleme \u00f6zg\u00fcrl\u00fc\u011f\u00fc sa\u011flar. Play Store \u00fczerinden ihtiya\u00e7 duydu\u011funuz t\u00fcm uygulamalar\u0131 indirebilirsiniz.SIM kart tak\u0131larak telefon g\u00f6r\u00fc\u015fmeleri yap\u0131labilir, mesajla\u015fma ve internet kullan\u0131m\u0131 m\u00fcmk\u00fcnd\u00fcr. Dahili kamera \u00f6zelli\u011fi, anl\u0131k \u00e7ekimler i\u00e7in pratik bir \u00e7\u00f6z\u00fcm sunar. AMOLED ekran teknolojisi sayesinde parlak ve net g\u00f6r\u00fcnt\u00fcler elde edilir.Sosyal medya, ileti\u015fim ve multimedya kullan\u0131m\u0131n\u0131 tek cihazda toplamak isteyenler i\u00e7in idealdir.<\/p>\n","protected":false},"excerpt":{"rendered":"<p>Bu ak\u0131ll\u0131 saat, klasik saat anlay\u0131\u015f\u0131n\u0131 tamamen de\u011fi\u015ftirerek ba\u011f\u0131ms\u0131z bir mobil cihaz deneyimi sunar. Android altyap\u0131s\u0131 sayesinde uygulama y\u00fckleme \u00f6zg\u00fcrl\u00fc\u011f\u00fc sa\u011flar. Play Store \u00fczerinden ihtiya\u00e7 duydu\u011funuz t\u00fcm uygulamalar\u0131 indirebilirsiniz.SIM kart tak\u0131larak telefon g\u00f6r\u00fc\u015fmeleri yap\u0131labilir, mesajla\u015fma ve internet kullan\u0131m\u0131 m\u00fcmk\u00fcnd\u00fcr. Dahili kamera \u00f6zelli\u011fi, anl\u0131k \u00e7ekimler i\u00e7in pratik bir \u00e7\u00f6z\u00fcm sunar. AMOLED ekran teknolojisi sayesinde parlak ve&#8230;<\/p>\n","protected":false},"featured_media":124895,"comment_status":"open","ping_status":"closed","template":"","meta":{"_kad_post_transparent":"","_kad_post_title":"","_kad_post_layout":"","_kad_post_sidebar_id":"","_kad_post_content_style":"","_kad_post_vertical_padding":"","_kad_post_feature":"","_kad_post_feature_position":"","_kad_post_header":false,"_kad_post_footer":false,"_kad_post_classname":""},"product_brand":[],"product_cat":[14935],"product_tag":[],"class_list":{"0":"post-124896","1":"product","2":"type-product","3":"status-publish","4":"has-post-thumbnail","6":"product_cat-akilli-saatler-akilli-saatler","8":"first","9":"instock","10":"purchasable","11":"product-type-simple","12":"entry","13":"content-bg","14":"loop-entry"},"_links":{"self":[{"href":"https:\/\/www.hediyepazar.com\/index.php?rest_route=\/wp\/v2\/product\/124896","targetHints":{"allow":["GET"]}}],"collection":[{"href":"https:\/\/www.hediyepazar.com\/index.php?rest_route=\/wp\/v2\/product"}],"about":[{"href":"https:\/\/www.hediyepazar.com\/index.php?rest_route=\/wp\/v2\/types\/product"}],"replies":[{"embeddable":true,"href":"https:\/\/www.hediyepazar.com\/index.php?rest_route=%2Fwp%2Fv2%2Fcomments&post=124896"}],"wp:featuredmedia":[{"embeddable":true,"href":"https:\/\/www.hediyepazar.com\/index.php?rest_route=\/wp\/v2\/media\/124895"}],"wp:attachment":[{"href":"https:\/\/www.hediyepazar.com\/index.php?rest_route=%2Fwp%2Fv2%2Fmedia&parent=124896"}],"wp:term":[{"taxonomy":"product_brand","embeddable":true,"href":"https:\/\/www.hediyepazar.com\/index.php?rest_route=%2Fwp%2Fv2%2Fproduct_brand&post=124896"},{"taxonomy":"product_cat","embeddable":true,"href":"https:\/\/www.hediyepazar.com\/index.php?rest_route=%2Fwp%2Fv2%2Fproduct_cat&post=124896"},{"taxonomy":"product_tag","embeddable":true,"href":"https:\/\/www.hediyepazar.com\/index.php?rest_route=%2Fwp%2Fv2%2Fproduct_tag&post=124896"}],"curies":[{"name":"wp","href":"https:\/\/api.w.org\/{rel}","templated":true}]}}