{"id":124898,"date":"2026-05-06T16:39:22","date_gmt":"2026-05-06T19:39:22","guid":{"rendered":"https:\/\/www.hediyepazar.com\/?product=android-akilli-saat-5g-destekli-uygulama-indirme"},"modified":"2026-05-06T16:39:22","modified_gmt":"2026-05-06T19:39:22","slug":"android-akilli-saat-5g-destekli-uygulama-indirme","status":"publish","type":"product","link":"https:\/\/www.hediyepazar.com\/?product=android-akilli-saat-5g-destekli-uygulama-indirme","title":{"rendered":"Android Ak\u0131ll\u0131 Saat 5G Destekli Uygulama \u0130ndirme"},"content":{"rendered":"<p>Telefon fonksiyonlar\u0131n\u0131 bile\u011finize ta\u015f\u0131yan bu Android ak\u0131ll\u0131 saat, \u00f6zellikle sosyal medya ve uygulama kullan\u0131m\u0131 odakl\u0131 kullan\u0131c\u0131lar i\u00e7in geli\u015ftirilmi\u015ftir. SIM kart ve 5G ba\u011flant\u0131 deste\u011fi sayesinde mobil interneti do\u011frudan saat \u00fczerinden kullanabilirsiniz.AMOLED ekran, video izleme ve uygulama kullan\u0131m\u0131nda \u00fcst d\u00fczey g\u00f6r\u00fcnt\u00fc kalitesi sunar. YouTube, TikTok ve di\u011fer uygulamalar rahatl\u0131kla \u00e7al\u0131\u015f\u0131r. Bluetooth ve WiFi deste\u011fi ile kablosuz ba\u011flant\u0131 se\u00e7enekleri sunar.Hem e\u011flence hem de ileti\u015fim ihtiya\u00e7lar\u0131n\u0131 kar\u015f\u0131layan \u00e7ok y\u00f6nl\u00fc bir ak\u0131ll\u0131 saattir.<\/p>\n","protected":false},"excerpt":{"rendered":"<p>Telefon fonksiyonlar\u0131n\u0131 bile\u011finize ta\u015f\u0131yan bu Android ak\u0131ll\u0131 saat, \u00f6zellikle sosyal medya ve uygulama kullan\u0131m\u0131 odakl\u0131 kullan\u0131c\u0131lar i\u00e7in geli\u015ftirilmi\u015ftir. SIM kart ve 5G ba\u011flant\u0131 deste\u011fi sayesinde mobil interneti do\u011frudan saat \u00fczerinden kullanabilirsiniz.AMOLED ekran, video izleme ve uygulama kullan\u0131m\u0131nda \u00fcst d\u00fczey g\u00f6r\u00fcnt\u00fc kalitesi sunar. YouTube, TikTok ve di\u011fer uygulamalar rahatl\u0131kla \u00e7al\u0131\u015f\u0131r. Bluetooth ve WiFi deste\u011fi ile kablosuz&#8230;<\/p>\n","protected":false},"featured_media":124897,"comment_status":"open","ping_status":"closed","template":"","meta":{"_kad_post_transparent":"","_kad_post_title":"","_kad_post_layout":"","_kad_post_sidebar_id":"","_kad_post_content_style":"","_kad_post_vertical_padding":"","_kad_post_feature":"","_kad_post_feature_position":"","_kad_post_header":false,"_kad_post_footer":false,"_kad_post_classname":""},"product_brand":[],"product_cat":[14935],"product_tag":[],"class_list":{"0":"post-124898","1":"product","2":"type-product","3":"status-publish","4":"has-post-thumbnail","6":"product_cat-akilli-saatler-akilli-saatler","8":"first","9":"instock","10":"purchasable","11":"product-type-simple","12":"entry","13":"content-bg","14":"loop-entry"},"_links":{"self":[{"href":"https:\/\/www.hediyepazar.com\/index.php?rest_route=\/wp\/v2\/product\/124898","targetHints":{"allow":["GET"]}}],"collection":[{"href":"https:\/\/www.hediyepazar.com\/index.php?rest_route=\/wp\/v2\/product"}],"about":[{"href":"https:\/\/www.hediyepazar.com\/index.php?rest_route=\/wp\/v2\/types\/product"}],"replies":[{"embeddable":true,"href":"https:\/\/www.hediyepazar.com\/index.php?rest_route=%2Fwp%2Fv2%2Fcomments&post=124898"}],"wp:featuredmedia":[{"embeddable":true,"href":"https:\/\/www.hediyepazar.com\/index.php?rest_route=\/wp\/v2\/media\/124897"}],"wp:attachment":[{"href":"https:\/\/www.hediyepazar.com\/index.php?rest_route=%2Fwp%2Fv2%2Fmedia&parent=124898"}],"wp:term":[{"taxonomy":"product_brand","embeddable":true,"href":"https:\/\/www.hediyepazar.com\/index.php?rest_route=%2Fwp%2Fv2%2Fproduct_brand&post=124898"},{"taxonomy":"product_cat","embeddable":true,"href":"https:\/\/www.hediyepazar.com\/index.php?rest_route=%2Fwp%2Fv2%2Fproduct_cat&post=124898"},{"taxonomy":"product_tag","embeddable":true,"href":"https:\/\/www.hediyepazar.com\/index.php?rest_route=%2Fwp%2Fv2%2Fproduct_tag&post=124898"}],"curies":[{"name":"wp","href":"https:\/\/api.w.org\/{rel}","templated":true}]}}