{"id":124900,"date":"2026-05-06T16:41:04","date_gmt":"2026-05-06T19:41:04","guid":{"rendered":"https:\/\/www.hediyepazar.com\/?product=kamera-ozellikli-akilli-saat-play-store-destekli"},"modified":"2026-05-06T16:41:04","modified_gmt":"2026-05-06T19:41:04","slug":"kamera-ozellikli-akilli-saat-play-store-destekli","status":"publish","type":"product","link":"https:\/\/www.hediyepazar.com\/?product=kamera-ozellikli-akilli-saat-play-store-destekli","title":{"rendered":"Kamera \u00d6zellikli Ak\u0131ll\u0131 Saat Play Store Destekli"},"content":{"rendered":"<p>Geni\u015f AMOLED ekran\u0131 ve dokunmatik hassasiyeti ile dikkat \u00e7eken bu ak\u0131ll\u0131 saat, multimedya ve ileti\u015fim ihtiya\u00e7lar\u0131n\u0131 tek bir cihazda birle\u015ftirir. Dahili kamera \u00f6zelli\u011fi sayesinde foto\u011fraf ve video \u00e7ekimi yap\u0131labilir. SIM kart deste\u011fi ile arama, mesajla\u015fma ve internet kullan\u0131m\u0131 tamamen ba\u011f\u0131ms\u0131z hale gelir.Android i\u015fletim sistemi, kullan\u0131c\u0131ya \u00f6zg\u00fcr bir kullan\u0131m sunar. Google Play Store \u00fczerinden uygulama indirilebilir, sosyal medya ve mesajla\u015fma uygulamalar\u0131 rahatl\u0131kla kullan\u0131labilir. WiFi ba\u011flant\u0131s\u0131 ile y\u00fcksek h\u0131zda internet eri\u015fimi sa\u011flan\u0131r.\u015e\u0131k tasar\u0131m\u0131 ve g\u00fc\u00e7l\u00fc donan\u0131m\u0131 ile hem g\u00fcnl\u00fck kullan\u0131m hem de teknolojik ihtiya\u00e7lar i\u00e7in uygundur.<\/p>\n","protected":false},"excerpt":{"rendered":"<p>Geni\u015f AMOLED ekran\u0131 ve dokunmatik hassasiyeti ile dikkat \u00e7eken bu ak\u0131ll\u0131 saat, multimedya ve ileti\u015fim ihtiya\u00e7lar\u0131n\u0131 tek bir cihazda birle\u015ftirir. Dahili kamera \u00f6zelli\u011fi sayesinde foto\u011fraf ve video \u00e7ekimi yap\u0131labilir. SIM kart deste\u011fi ile arama, mesajla\u015fma ve internet kullan\u0131m\u0131 tamamen ba\u011f\u0131ms\u0131z hale gelir.Android i\u015fletim sistemi, kullan\u0131c\u0131ya \u00f6zg\u00fcr bir kullan\u0131m sunar. Google Play Store \u00fczerinden uygulama indirilebilir,&#8230;<\/p>\n","protected":false},"featured_media":124899,"comment_status":"open","ping_status":"closed","template":"","meta":{"_kad_post_transparent":"","_kad_post_title":"","_kad_post_layout":"","_kad_post_sidebar_id":"","_kad_post_content_style":"","_kad_post_vertical_padding":"","_kad_post_feature":"","_kad_post_feature_position":"","_kad_post_header":false,"_kad_post_footer":false,"_kad_post_classname":""},"product_brand":[],"product_cat":[14935],"product_tag":[],"class_list":{"0":"post-124900","1":"product","2":"type-product","3":"status-publish","4":"has-post-thumbnail","6":"product_cat-akilli-saatler-akilli-saatler","8":"first","9":"instock","10":"purchasable","11":"product-type-simple","12":"entry","13":"content-bg","14":"loop-entry"},"_links":{"self":[{"href":"https:\/\/www.hediyepazar.com\/index.php?rest_route=\/wp\/v2\/product\/124900","targetHints":{"allow":["GET"]}}],"collection":[{"href":"https:\/\/www.hediyepazar.com\/index.php?rest_route=\/wp\/v2\/product"}],"about":[{"href":"https:\/\/www.hediyepazar.com\/index.php?rest_route=\/wp\/v2\/types\/product"}],"replies":[{"embeddable":true,"href":"https:\/\/www.hediyepazar.com\/index.php?rest_route=%2Fwp%2Fv2%2Fcomments&post=124900"}],"wp:featuredmedia":[{"embeddable":true,"href":"https:\/\/www.hediyepazar.com\/index.php?rest_route=\/wp\/v2\/media\/124899"}],"wp:attachment":[{"href":"https:\/\/www.hediyepazar.com\/index.php?rest_route=%2Fwp%2Fv2%2Fmedia&parent=124900"}],"wp:term":[{"taxonomy":"product_brand","embeddable":true,"href":"https:\/\/www.hediyepazar.com\/index.php?rest_route=%2Fwp%2Fv2%2Fproduct_brand&post=124900"},{"taxonomy":"product_cat","embeddable":true,"href":"https:\/\/www.hediyepazar.com\/index.php?rest_route=%2Fwp%2Fv2%2Fproduct_cat&post=124900"},{"taxonomy":"product_tag","embeddable":true,"href":"https:\/\/www.hediyepazar.com\/index.php?rest_route=%2Fwp%2Fv2%2Fproduct_tag&post=124900"}],"curies":[{"name":"wp","href":"https:\/\/api.w.org\/{rel}","templated":true}]}}