{"id":124914,"date":"2026-05-06T16:45:04","date_gmt":"2026-05-06T19:45:04","guid":{"rendered":"https:\/\/www.hediyepazar.com\/?product=ev-ve-is-yeri-icin-sarjli-led-ampul"},"modified":"2026-05-06T16:45:04","modified_gmt":"2026-05-06T19:45:04","slug":"ev-ve-is-yeri-icin-sarjli-led-ampul","status":"publish","type":"product","link":"https:\/\/www.hediyepazar.com\/?product=ev-ve-is-yeri-icin-sarjli-led-ampul","title":{"rendered":"Ev ve \u0130\u015f Yeri \u0130\u00e7in \u015earjl\u0131 LED Ampul"},"content":{"rendered":"<p>Bu LED ampul, hem g\u00fcnl\u00fck kullan\u0131m hem de acil durumlar i\u00e7in tasarlanm\u0131\u015f \u015farjl\u0131 bir ayd\u0131nlatma \u00fcr\u00fcn\u00fcd\u00fcr. Elektrik varken \u015farj olur ve kesinti an\u0131nda otomatik olarak \u0131\u015f\u0131k vermeye devam eder.30 watt g\u00fcc\u00fc ve 6400K so\u011fuk beyaz \u0131\u015f\u0131\u011f\u0131 ile y\u00fcksek parlakl\u0131k sunar. E27 duy uyumlulu\u011fu sayesinde farkl\u0131 armat\u00fcrlerde rahatl\u0131kla kullan\u0131labilir. Dayan\u0131kl\u0131 yap\u0131s\u0131 ile uzun \u00f6m\u00fcrl\u00fcd\u00fcr.<\/p>\n","protected":false},"excerpt":{"rendered":"<p>Bu LED ampul, hem g\u00fcnl\u00fck kullan\u0131m hem de acil durumlar i\u00e7in tasarlanm\u0131\u015f \u015farjl\u0131 bir ayd\u0131nlatma \u00fcr\u00fcn\u00fcd\u00fcr. Elektrik varken \u015farj olur ve kesinti an\u0131nda otomatik olarak \u0131\u015f\u0131k vermeye devam eder.30 watt g\u00fcc\u00fc ve 6400K so\u011fuk beyaz \u0131\u015f\u0131\u011f\u0131 ile y\u00fcksek parlakl\u0131k sunar. E27 duy uyumlulu\u011fu sayesinde farkl\u0131 armat\u00fcrlerde rahatl\u0131kla kullan\u0131labilir. Dayan\u0131kl\u0131 yap\u0131s\u0131 ile uzun \u00f6m\u00fcrl\u00fcd\u00fcr.<\/p>\n","protected":false},"featured_media":124913,"comment_status":"open","ping_status":"closed","template":"","meta":{"_kad_post_transparent":"","_kad_post_title":"","_kad_post_layout":"","_kad_post_sidebar_id":"","_kad_post_content_style":"","_kad_post_vertical_padding":"","_kad_post_feature":"","_kad_post_feature_position":"","_kad_post_header":false,"_kad_post_footer":false,"_kad_post_classname":""},"product_brand":[],"product_cat":[14933],"product_tag":[],"class_list":{"0":"post-124914","1":"product","2":"type-product","3":"status-publish","4":"has-post-thumbnail","6":"product_cat-led-isik-led-isik","8":"first","9":"instock","10":"purchasable","11":"product-type-simple","12":"entry","13":"content-bg","14":"loop-entry"},"_links":{"self":[{"href":"https:\/\/www.hediyepazar.com\/index.php?rest_route=\/wp\/v2\/product\/124914","targetHints":{"allow":["GET"]}}],"collection":[{"href":"https:\/\/www.hediyepazar.com\/index.php?rest_route=\/wp\/v2\/product"}],"about":[{"href":"https:\/\/www.hediyepazar.com\/index.php?rest_route=\/wp\/v2\/types\/product"}],"replies":[{"embeddable":true,"href":"https:\/\/www.hediyepazar.com\/index.php?rest_route=%2Fwp%2Fv2%2Fcomments&post=124914"}],"wp:featuredmedia":[{"embeddable":true,"href":"https:\/\/www.hediyepazar.com\/index.php?rest_route=\/wp\/v2\/media\/124913"}],"wp:attachment":[{"href":"https:\/\/www.hediyepazar.com\/index.php?rest_route=%2Fwp%2Fv2%2Fmedia&parent=124914"}],"wp:term":[{"taxonomy":"product_brand","embeddable":true,"href":"https:\/\/www.hediyepazar.com\/index.php?rest_route=%2Fwp%2Fv2%2Fproduct_brand&post=124914"},{"taxonomy":"product_cat","embeddable":true,"href":"https:\/\/www.hediyepazar.com\/index.php?rest_route=%2Fwp%2Fv2%2Fproduct_cat&post=124914"},{"taxonomy":"product_tag","embeddable":true,"href":"https:\/\/www.hediyepazar.com\/index.php?rest_route=%2Fwp%2Fv2%2Fproduct_tag&post=124914"}],"curies":[{"name":"wp","href":"https:\/\/api.w.org\/{rel}","templated":true}]}}