{"id":124922,"date":"2026-05-06T16:46:05","date_gmt":"2026-05-06T19:46:05","guid":{"rendered":"https:\/\/www.hediyepazar.com\/?product=sarjli-led-ampul-30-watt-soguk-beyaz"},"modified":"2026-05-06T16:46:05","modified_gmt":"2026-05-06T19:46:05","slug":"sarjli-led-ampul-30-watt-soguk-beyaz","status":"publish","type":"product","link":"https:\/\/www.hediyepazar.com\/?product=sarjli-led-ampul-30-watt-soguk-beyaz","title":{"rendered":"\u015earjl\u0131 LED Ampul 30 Watt So\u011fuk Beyaz"},"content":{"rendered":"<p>\u015earjl\u0131 LED ampul, elektrik kesintilerinde ve g\u00fcnl\u00fck kullan\u0131mda pratik bir ayd\u0131nlatma \u00e7\u00f6z\u00fcm\u00fc sunar. 30 watt g\u00fcc\u00fc ile y\u00fcksek parlakl\u0131k sa\u011flarken, LED teknolojisi sayesinde enerji tasarrufu yapman\u0131za yard\u0131mc\u0131 olur. E27 duy uyumlulu\u011fu sayesinde bir\u00e7ok armat\u00fcr ve avize ile kolayca kullan\u0131labilir.6400K so\u011fuk beyaz \u0131\u015f\u0131k rengi, ortamda net ve ferah bir ayd\u0131nlatma olu\u015fturur. \u015earj edilebilir yap\u0131s\u0131 sayesinde elektrik kesildi\u011finde de \u0131\u015f\u0131k vermeye devam eder. Ev, ofis, depo ve i\u015f yerleri i\u00e7in idealdir.<\/p>\n","protected":false},"excerpt":{"rendered":"<p>\u015earjl\u0131 LED ampul, elektrik kesintilerinde ve g\u00fcnl\u00fck kullan\u0131mda pratik bir ayd\u0131nlatma \u00e7\u00f6z\u00fcm\u00fc sunar. 30 watt g\u00fcc\u00fc ile y\u00fcksek parlakl\u0131k sa\u011flarken, LED teknolojisi sayesinde enerji tasarrufu yapman\u0131za yard\u0131mc\u0131 olur. E27 duy uyumlulu\u011fu sayesinde bir\u00e7ok armat\u00fcr ve avize ile kolayca kullan\u0131labilir.6400K so\u011fuk beyaz \u0131\u015f\u0131k rengi, ortamda net ve ferah bir ayd\u0131nlatma olu\u015fturur. \u015earj edilebilir yap\u0131s\u0131 sayesinde elektrik&#8230;<\/p>\n","protected":false},"featured_media":124921,"comment_status":"open","ping_status":"closed","template":"","meta":{"_kad_post_transparent":"","_kad_post_title":"","_kad_post_layout":"","_kad_post_sidebar_id":"","_kad_post_content_style":"","_kad_post_vertical_padding":"","_kad_post_feature":"","_kad_post_feature_position":"","_kad_post_header":false,"_kad_post_footer":false,"_kad_post_classname":""},"product_brand":[],"product_cat":[14933],"product_tag":[],"class_list":{"0":"post-124922","1":"product","2":"type-product","3":"status-publish","4":"has-post-thumbnail","6":"product_cat-led-isik-led-isik","8":"first","9":"instock","10":"purchasable","11":"product-type-simple","12":"entry","13":"content-bg","14":"loop-entry"},"_links":{"self":[{"href":"https:\/\/www.hediyepazar.com\/index.php?rest_route=\/wp\/v2\/product\/124922","targetHints":{"allow":["GET"]}}],"collection":[{"href":"https:\/\/www.hediyepazar.com\/index.php?rest_route=\/wp\/v2\/product"}],"about":[{"href":"https:\/\/www.hediyepazar.com\/index.php?rest_route=\/wp\/v2\/types\/product"}],"replies":[{"embeddable":true,"href":"https:\/\/www.hediyepazar.com\/index.php?rest_route=%2Fwp%2Fv2%2Fcomments&post=124922"}],"wp:featuredmedia":[{"embeddable":true,"href":"https:\/\/www.hediyepazar.com\/index.php?rest_route=\/wp\/v2\/media\/124921"}],"wp:attachment":[{"href":"https:\/\/www.hediyepazar.com\/index.php?rest_route=%2Fwp%2Fv2%2Fmedia&parent=124922"}],"wp:term":[{"taxonomy":"product_brand","embeddable":true,"href":"https:\/\/www.hediyepazar.com\/index.php?rest_route=%2Fwp%2Fv2%2Fproduct_brand&post=124922"},{"taxonomy":"product_cat","embeddable":true,"href":"https:\/\/www.hediyepazar.com\/index.php?rest_route=%2Fwp%2Fv2%2Fproduct_cat&post=124922"},{"taxonomy":"product_tag","embeddable":true,"href":"https:\/\/www.hediyepazar.com\/index.php?rest_route=%2Fwp%2Fv2%2Fproduct_tag&post=124922"}],"curies":[{"name":"wp","href":"https:\/\/api.w.org\/{rel}","templated":true}]}}