{"id":124924,"date":"2026-05-06T16:46:10","date_gmt":"2026-05-06T19:46:10","guid":{"rendered":"https:\/\/www.hediyepazar.com\/?product=sq-18-amoled-akilli-saat"},"modified":"2026-05-06T16:46:10","modified_gmt":"2026-05-06T19:46:10","slug":"sq-18-amoled-akilli-saat","status":"publish","type":"product","link":"https:\/\/www.hediyepazar.com\/?product=sq-18-amoled-akilli-saat","title":{"rendered":"SQ-18 AMOLED Ak\u0131ll\u0131 Saat"},"content":{"rendered":"<p>Ak\u0131ll\u0131 \u00f6zellikleri ve sade tasar\u0131m\u0131 bir araya getiren bu saat, g\u00fcnl\u00fck ya\u015famda pratiklik sunar. Bildirim takibi, spor modlar\u0131, m\u00fczik kontrol\u00fc ve zamanlay\u0131c\u0131 gibi fonksiyonlar sayesinde hayat\u0131n\u0131z\u0131 daha d\u00fczenli hale getirir.Uzun pil \u00f6mr\u00fc ve kablosuz \u015farj deste\u011fi, kullan\u0131m konforunu art\u0131r\u0131r. Ultra ince ve hafif yap\u0131s\u0131, g\u00fcn boyu bilekte rahat bir deneyim sa\u011flar. AMOLED ekran\u0131 ile hem estetik hem de i\u015flevsel bir kullan\u0131m sunar.Teknoloji ve \u015f\u0131kl\u0131\u011f\u0131 bir arada isteyen kullan\u0131c\u0131lar i\u00e7in g\u00fc\u00e7l\u00fc bir alternatiftir.<\/p>\n","protected":false},"excerpt":{"rendered":"<p>Ak\u0131ll\u0131 \u00f6zellikleri ve sade tasar\u0131m\u0131 bir araya getiren bu saat, g\u00fcnl\u00fck ya\u015famda pratiklik sunar. Bildirim takibi, spor modlar\u0131, m\u00fczik kontrol\u00fc ve zamanlay\u0131c\u0131 gibi fonksiyonlar sayesinde hayat\u0131n\u0131z\u0131 daha d\u00fczenli hale getirir.Uzun pil \u00f6mr\u00fc ve kablosuz \u015farj deste\u011fi, kullan\u0131m konforunu art\u0131r\u0131r. Ultra ince ve hafif yap\u0131s\u0131, g\u00fcn boyu bilekte rahat bir deneyim sa\u011flar. AMOLED ekran\u0131 ile hem&#8230;<\/p>\n","protected":false},"featured_media":124923,"comment_status":"open","ping_status":"closed","template":"","meta":{"_kad_post_transparent":"","_kad_post_title":"","_kad_post_layout":"","_kad_post_sidebar_id":"","_kad_post_content_style":"","_kad_post_vertical_padding":"","_kad_post_feature":"","_kad_post_feature_position":"","_kad_post_header":false,"_kad_post_footer":false,"_kad_post_classname":""},"product_brand":[],"product_cat":[14935],"product_tag":[],"class_list":{"0":"post-124924","1":"product","2":"type-product","3":"status-publish","4":"has-post-thumbnail","6":"product_cat-akilli-saatler-akilli-saatler","8":"first","9":"instock","10":"purchasable","11":"product-type-simple","12":"entry","13":"content-bg","14":"loop-entry"},"_links":{"self":[{"href":"https:\/\/www.hediyepazar.com\/index.php?rest_route=\/wp\/v2\/product\/124924","targetHints":{"allow":["GET"]}}],"collection":[{"href":"https:\/\/www.hediyepazar.com\/index.php?rest_route=\/wp\/v2\/product"}],"about":[{"href":"https:\/\/www.hediyepazar.com\/index.php?rest_route=\/wp\/v2\/types\/product"}],"replies":[{"embeddable":true,"href":"https:\/\/www.hediyepazar.com\/index.php?rest_route=%2Fwp%2Fv2%2Fcomments&post=124924"}],"wp:featuredmedia":[{"embeddable":true,"href":"https:\/\/www.hediyepazar.com\/index.php?rest_route=\/wp\/v2\/media\/124923"}],"wp:attachment":[{"href":"https:\/\/www.hediyepazar.com\/index.php?rest_route=%2Fwp%2Fv2%2Fmedia&parent=124924"}],"wp:term":[{"taxonomy":"product_brand","embeddable":true,"href":"https:\/\/www.hediyepazar.com\/index.php?rest_route=%2Fwp%2Fv2%2Fproduct_brand&post=124924"},{"taxonomy":"product_cat","embeddable":true,"href":"https:\/\/www.hediyepazar.com\/index.php?rest_route=%2Fwp%2Fv2%2Fproduct_cat&post=124924"},{"taxonomy":"product_tag","embeddable":true,"href":"https:\/\/www.hediyepazar.com\/index.php?rest_route=%2Fwp%2Fv2%2Fproduct_tag&post=124924"}],"curies":[{"name":"wp","href":"https:\/\/api.w.org\/{rel}","templated":true}]}}