{"id":124938,"date":"2026-05-06T16:47:18","date_gmt":"2026-05-06T19:47:18","guid":{"rendered":"https:\/\/www.hediyepazar.com\/?product=360-etkili-elektrikli-ayak-bakim-aleti-nasir-giderici"},"modified":"2026-05-06T16:47:18","modified_gmt":"2026-05-06T19:47:18","slug":"360-etkili-elektrikli-ayak-bakim-aleti-nasir-giderici","status":"publish","type":"product","link":"https:\/\/www.hediyepazar.com\/?product=360-etkili-elektrikli-ayak-bakim-aleti-nasir-giderici","title":{"rendered":"360\u00b0 Etkili Elektrikli Ayak Bak\u0131m Aleti Nas\u0131r Giderici"},"content":{"rendered":"<p>Elektrikli ayak t\u00f6rp\u00fcs\u00fc, geleneksel kaz\u0131y\u0131c\u0131lara k\u0131yasla daha g\u00fcvenli ve konforlu bir kullan\u0131m sunar. Ergonomik tasar\u0131m\u0131 sayesinde elde rahat tutulur ve kullan\u0131m s\u0131ras\u0131nda kontrol sa\u011flar.Kuru ve kaba ayak derisini etkili \u015fekilde p\u00fcr\u00fczs\u00fczle\u015ftirir. Evde profesyonel ayak bak\u0131m\u0131 yapmak isteyenler i\u00e7in ideal bir \u00e7\u00f6z\u00fcmd\u00fcr.<\/p>\n","protected":false},"excerpt":{"rendered":"<p>Elektrikli ayak t\u00f6rp\u00fcs\u00fc, geleneksel kaz\u0131y\u0131c\u0131lara k\u0131yasla daha g\u00fcvenli ve konforlu bir kullan\u0131m sunar. Ergonomik tasar\u0131m\u0131 sayesinde elde rahat tutulur ve kullan\u0131m s\u0131ras\u0131nda kontrol sa\u011flar.Kuru ve kaba ayak derisini etkili \u015fekilde p\u00fcr\u00fczs\u00fczle\u015ftirir. Evde profesyonel ayak bak\u0131m\u0131 yapmak isteyenler i\u00e7in ideal bir \u00e7\u00f6z\u00fcmd\u00fcr.<\/p>\n","protected":false},"featured_media":124937,"comment_status":"open","ping_status":"closed","template":"","meta":{"_kad_post_transparent":"","_kad_post_title":"","_kad_post_layout":"","_kad_post_sidebar_id":"","_kad_post_content_style":"","_kad_post_vertical_padding":"","_kad_post_feature":"","_kad_post_feature_position":"","_kad_post_header":false,"_kad_post_footer":false,"_kad_post_classname":""},"product_brand":[],"product_cat":[14963],"product_tag":[],"class_list":{"0":"post-124938","1":"product","2":"type-product","3":"status-publish","4":"has-post-thumbnail","6":"product_cat-manikur-ve-pedikur-aletleri-manikur-ve-pedikur-aletleri","8":"first","9":"instock","10":"purchasable","11":"product-type-simple","12":"entry","13":"content-bg","14":"loop-entry"},"_links":{"self":[{"href":"https:\/\/www.hediyepazar.com\/index.php?rest_route=\/wp\/v2\/product\/124938","targetHints":{"allow":["GET"]}}],"collection":[{"href":"https:\/\/www.hediyepazar.com\/index.php?rest_route=\/wp\/v2\/product"}],"about":[{"href":"https:\/\/www.hediyepazar.com\/index.php?rest_route=\/wp\/v2\/types\/product"}],"replies":[{"embeddable":true,"href":"https:\/\/www.hediyepazar.com\/index.php?rest_route=%2Fwp%2Fv2%2Fcomments&post=124938"}],"wp:featuredmedia":[{"embeddable":true,"href":"https:\/\/www.hediyepazar.com\/index.php?rest_route=\/wp\/v2\/media\/124937"}],"wp:attachment":[{"href":"https:\/\/www.hediyepazar.com\/index.php?rest_route=%2Fwp%2Fv2%2Fmedia&parent=124938"}],"wp:term":[{"taxonomy":"product_brand","embeddable":true,"href":"https:\/\/www.hediyepazar.com\/index.php?rest_route=%2Fwp%2Fv2%2Fproduct_brand&post=124938"},{"taxonomy":"product_cat","embeddable":true,"href":"https:\/\/www.hediyepazar.com\/index.php?rest_route=%2Fwp%2Fv2%2Fproduct_cat&post=124938"},{"taxonomy":"product_tag","embeddable":true,"href":"https:\/\/www.hediyepazar.com\/index.php?rest_route=%2Fwp%2Fv2%2Fproduct_tag&post=124938"}],"curies":[{"name":"wp","href":"https:\/\/api.w.org\/{rel}","templated":true}]}}