{"id":124942,"date":"2026-05-06T16:49:01","date_gmt":"2026-05-06T19:49:01","guid":{"rendered":"https:\/\/www.hediyepazar.com\/?product=elektrikli-ayak-torpusu-usb-sarjli-nasir-ve-kallus-giderici"},"modified":"2026-05-06T16:49:01","modified_gmt":"2026-05-06T19:49:01","slug":"elektrikli-ayak-torpusu-usb-sarjli-nasir-ve-kallus-giderici","status":"publish","type":"product","link":"https:\/\/www.hediyepazar.com\/?product=elektrikli-ayak-torpusu-usb-sarjli-nasir-ve-kallus-giderici","title":{"rendered":"Elektrikli Ayak T\u00f6rp\u00fcs\u00fc USB \u015earjl\u0131 Nas\u0131r ve Kallus Giderici"},"content":{"rendered":"<p>Elektrikli ayak t\u00f6rp\u00fcs\u00fc, ayakta olu\u015fan nas\u0131r ve sertle\u015fmi\u015f \u00f6l\u00fc deriyi pratik \u015fekilde gidermek i\u00e7in tasarlanm\u0131\u015ft\u0131r. \u00c7\u0131kar\u0131labilir \u00f6\u011f\u00fctme ba\u015fl\u0131\u011f\u0131, kullan\u0131m sonras\u0131 kolayca temizlenebilir ve yeniden kullan\u0131m i\u00e7in uygundur. Hijyenik yap\u0131s\u0131 sayesinde evde g\u00fcvenle kullan\u0131labilir.Kaba ve ince olmak \u00fczere iki farkl\u0131 ta\u015flama ba\u015fl\u0131\u011f\u0131, ayak bak\u0131m\u0131n\u0131 ihtiyaca g\u00f6re ki\u015fiselle\u015ftirme imk\u00e2n\u0131 sunar. USB \u015farjl\u0131 yap\u0131s\u0131 ile kablosuz ve rahat bir kullan\u0131m sa\u011flar.<\/p>\n","protected":false},"excerpt":{"rendered":"<p>Elektrikli ayak t\u00f6rp\u00fcs\u00fc, ayakta olu\u015fan nas\u0131r ve sertle\u015fmi\u015f \u00f6l\u00fc deriyi pratik \u015fekilde gidermek i\u00e7in tasarlanm\u0131\u015ft\u0131r. \u00c7\u0131kar\u0131labilir \u00f6\u011f\u00fctme ba\u015fl\u0131\u011f\u0131, kullan\u0131m sonras\u0131 kolayca temizlenebilir ve yeniden kullan\u0131m i\u00e7in uygundur. Hijyenik yap\u0131s\u0131 sayesinde evde g\u00fcvenle kullan\u0131labilir.Kaba ve ince olmak \u00fczere iki farkl\u0131 ta\u015flama ba\u015fl\u0131\u011f\u0131, ayak bak\u0131m\u0131n\u0131 ihtiyaca g\u00f6re ki\u015fiselle\u015ftirme imk\u00e2n\u0131 sunar. USB \u015farjl\u0131 yap\u0131s\u0131 ile kablosuz ve rahat&#8230;<\/p>\n","protected":false},"featured_media":124941,"comment_status":"open","ping_status":"closed","template":"","meta":{"_kad_post_transparent":"","_kad_post_title":"","_kad_post_layout":"","_kad_post_sidebar_id":"","_kad_post_content_style":"","_kad_post_vertical_padding":"","_kad_post_feature":"","_kad_post_feature_position":"","_kad_post_header":false,"_kad_post_footer":false,"_kad_post_classname":""},"product_brand":[],"product_cat":[14963],"product_tag":[],"class_list":{"0":"post-124942","1":"product","2":"type-product","3":"status-publish","4":"has-post-thumbnail","6":"product_cat-manikur-ve-pedikur-aletleri-manikur-ve-pedikur-aletleri","8":"first","9":"instock","10":"purchasable","11":"product-type-simple","12":"entry","13":"content-bg","14":"loop-entry"},"_links":{"self":[{"href":"https:\/\/www.hediyepazar.com\/index.php?rest_route=\/wp\/v2\/product\/124942","targetHints":{"allow":["GET"]}}],"collection":[{"href":"https:\/\/www.hediyepazar.com\/index.php?rest_route=\/wp\/v2\/product"}],"about":[{"href":"https:\/\/www.hediyepazar.com\/index.php?rest_route=\/wp\/v2\/types\/product"}],"replies":[{"embeddable":true,"href":"https:\/\/www.hediyepazar.com\/index.php?rest_route=%2Fwp%2Fv2%2Fcomments&post=124942"}],"wp:featuredmedia":[{"embeddable":true,"href":"https:\/\/www.hediyepazar.com\/index.php?rest_route=\/wp\/v2\/media\/124941"}],"wp:attachment":[{"href":"https:\/\/www.hediyepazar.com\/index.php?rest_route=%2Fwp%2Fv2%2Fmedia&parent=124942"}],"wp:term":[{"taxonomy":"product_brand","embeddable":true,"href":"https:\/\/www.hediyepazar.com\/index.php?rest_route=%2Fwp%2Fv2%2Fproduct_brand&post=124942"},{"taxonomy":"product_cat","embeddable":true,"href":"https:\/\/www.hediyepazar.com\/index.php?rest_route=%2Fwp%2Fv2%2Fproduct_cat&post=124942"},{"taxonomy":"product_tag","embeddable":true,"href":"https:\/\/www.hediyepazar.com\/index.php?rest_route=%2Fwp%2Fv2%2Fproduct_tag&post=124942"}],"curies":[{"name":"wp","href":"https:\/\/api.w.org\/{rel}","templated":true}]}}