{"id":124944,"date":"2026-05-06T16:49:08","date_gmt":"2026-05-06T19:49:08","guid":{"rendered":"https:\/\/www.hediyepazar.com\/?product=led-isik-teknolojili-anti-aging-cilt-bakim-cihazi"},"modified":"2026-05-06T16:49:08","modified_gmt":"2026-05-06T19:49:08","slug":"led-isik-teknolojili-anti-aging-cilt-bakim-cihazi","status":"publish","type":"product","link":"https:\/\/www.hediyepazar.com\/?product=led-isik-teknolojili-anti-aging-cilt-bakim-cihazi","title":{"rendered":"LED I\u015f\u0131k Teknolojili Anti Aging Cilt Bak\u0131m Cihaz\u0131"},"content":{"rendered":"<p>LED \u0131\u015f\u0131k terapili y\u00fcz bak\u0131m cihaz\u0131, cilt bak\u0131m rutinini desteklemek isteyenler i\u00e7in idealdir. Masaj etkisi ile ciltte rahatlat\u0131c\u0131 bir his olu\u015fturur.Kompakt yap\u0131s\u0131 sayesinde \u00e7antada kolayca ta\u015f\u0131nabilir. D\u00fczenli kullan\u0131mda daha bak\u0131ml\u0131 bir cilt g\u00f6r\u00fcn\u00fcm\u00fcne katk\u0131 sa\u011flar.<\/p>\n","protected":false},"excerpt":{"rendered":"<p>LED \u0131\u015f\u0131k terapili y\u00fcz bak\u0131m cihaz\u0131, cilt bak\u0131m rutinini desteklemek isteyenler i\u00e7in idealdir. Masaj etkisi ile ciltte rahatlat\u0131c\u0131 bir his olu\u015fturur.Kompakt yap\u0131s\u0131 sayesinde \u00e7antada kolayca ta\u015f\u0131nabilir. D\u00fczenli kullan\u0131mda daha bak\u0131ml\u0131 bir cilt g\u00f6r\u00fcn\u00fcm\u00fcne katk\u0131 sa\u011flar.<\/p>\n","protected":false},"featured_media":124943,"comment_status":"open","ping_status":"closed","template":"","meta":{"_kad_post_transparent":"","_kad_post_title":"","_kad_post_layout":"","_kad_post_sidebar_id":"","_kad_post_content_style":"","_kad_post_vertical_padding":"","_kad_post_feature":"","_kad_post_feature_position":"","_kad_post_header":false,"_kad_post_footer":false,"_kad_post_classname":""},"product_brand":[],"product_cat":[14917],"product_tag":[],"class_list":{"0":"post-124944","1":"product","2":"type-product","3":"status-publish","4":"has-post-thumbnail","6":"product_cat-yuz-masaj-aleti-yuz-masaj-aleti","8":"first","9":"instock","10":"purchasable","11":"product-type-simple","12":"entry","13":"content-bg","14":"loop-entry"},"_links":{"self":[{"href":"https:\/\/www.hediyepazar.com\/index.php?rest_route=\/wp\/v2\/product\/124944","targetHints":{"allow":["GET"]}}],"collection":[{"href":"https:\/\/www.hediyepazar.com\/index.php?rest_route=\/wp\/v2\/product"}],"about":[{"href":"https:\/\/www.hediyepazar.com\/index.php?rest_route=\/wp\/v2\/types\/product"}],"replies":[{"embeddable":true,"href":"https:\/\/www.hediyepazar.com\/index.php?rest_route=%2Fwp%2Fv2%2Fcomments&post=124944"}],"wp:featuredmedia":[{"embeddable":true,"href":"https:\/\/www.hediyepazar.com\/index.php?rest_route=\/wp\/v2\/media\/124943"}],"wp:attachment":[{"href":"https:\/\/www.hediyepazar.com\/index.php?rest_route=%2Fwp%2Fv2%2Fmedia&parent=124944"}],"wp:term":[{"taxonomy":"product_brand","embeddable":true,"href":"https:\/\/www.hediyepazar.com\/index.php?rest_route=%2Fwp%2Fv2%2Fproduct_brand&post=124944"},{"taxonomy":"product_cat","embeddable":true,"href":"https:\/\/www.hediyepazar.com\/index.php?rest_route=%2Fwp%2Fv2%2Fproduct_cat&post=124944"},{"taxonomy":"product_tag","embeddable":true,"href":"https:\/\/www.hediyepazar.com\/index.php?rest_route=%2Fwp%2Fv2%2Fproduct_tag&post=124944"}],"curies":[{"name":"wp","href":"https:\/\/api.w.org\/{rel}","templated":true}]}}